{"id":14545,"date":"2026-04-09T12:21:12","date_gmt":"2026-04-09T10:21:12","guid":{"rendered":"https:\/\/freizeit-technik.de\/shop\/bande-velcro-a-griffes-rouleau-de-25-m-autocollant-en-largeur-de-100-mm\/"},"modified":"2026-04-29T12:43:38","modified_gmt":"2026-04-29T10:43:38","slug":"bande-velcro-a-griffes-rouleau-de-25-m-autocollant-en-largeur-de-100-mm","status":"publish","type":"product","link":"https:\/\/freizeit-technik.de\/fr\/shop\/bande-velcro-a-griffes-rouleau-de-25-m-autocollant-en-largeur-de-100-mm\/","title":{"rendered":"Bande Velcro \u00e0 griffes Rouleau de 25 m autocollant en largeur de 100 mm"},"content":{"rendered":"","protected":false},"excerpt":{"rendered":"<p>Ruban \u00e0 boucles autocollant avec adh\u00e9sif acrylique PS18 de qualit\u00e9 industrielle. Pour les b\u00e2ches en PVC, le bois, le verre et le m\u00e9tal.<br \/>\nNe convient pas pour le polypropyl\u00e8ne et le poly\u00e9thyl\u00e8ne. <\/p>\n","protected":false},"featured_media":9949,"comment_status":"open","ping_status":"closed","template":"","meta":{"_acf_changed":false},"product_brand":[],"product_cat":[264,284,218,195],"product_tag":[],"class_list":{"0":"post-14545","1":"product","2":"type-product","3":"status-publish","4":"has-post-thumbnail","6":"product_cat-accessoires-pour-playgrounds","7":"product_cat-aire-de-jeux-interieure-et-materiel-evenementiel","8":"product_cat-autres","9":"product_cat-parc-de-trampolines-et-installations-de-trampolines","11":"first","12":"instock","13":"taxable","14":"shipping-taxable","15":"purchasable","16":"product-type-simple"},"acf":[],"_links":{"self":[{"href":"https:\/\/freizeit-technik.de\/fr\/wp-json\/wp\/v2\/product\/14545","targetHints":{"allow":["GET"]}}],"collection":[{"href":"https:\/\/freizeit-technik.de\/fr\/wp-json\/wp\/v2\/product"}],"about":[{"href":"https:\/\/freizeit-technik.de\/fr\/wp-json\/wp\/v2\/types\/product"}],"replies":[{"embeddable":true,"href":"https:\/\/freizeit-technik.de\/fr\/wp-json\/wp\/v2\/comments?post=14545"}],"wp:featuredmedia":[{"embeddable":true,"href":"https:\/\/freizeit-technik.de\/fr\/wp-json\/wp\/v2\/media\/9949"}],"wp:attachment":[{"href":"https:\/\/freizeit-technik.de\/fr\/wp-json\/wp\/v2\/media?parent=14545"}],"wp:term":[{"taxonomy":"product_brand","embeddable":true,"href":"https:\/\/freizeit-technik.de\/fr\/wp-json\/wp\/v2\/product_brand?post=14545"},{"taxonomy":"product_cat","embeddable":true,"href":"https:\/\/freizeit-technik.de\/fr\/wp-json\/wp\/v2\/product_cat?post=14545"},{"taxonomy":"product_tag","embeddable":true,"href":"https:\/\/freizeit-technik.de\/fr\/wp-json\/wp\/v2\/product_tag?post=14545"}],"curies":[{"name":"wp","href":"https:\/\/api.w.org\/{rel}","templated":true}]}}