{"id":14569,"date":"2026-04-08T12:26:24","date_gmt":"2026-04-08T10:26:24","guid":{"rendered":"https:\/\/freizeit-technik.de\/shop\/colle-en-spray-500gr\/"},"modified":"2026-04-29T12:44:22","modified_gmt":"2026-04-29T10:44:22","slug":"colle-en-spray-500gr","status":"publish","type":"product","link":"https:\/\/freizeit-technik.de\/fr\/shop\/colle-en-spray-500gr\/","title":{"rendered":"Colle en spray 500gr."},"content":{"rendered":"","protected":false},"excerpt":{"rendered":"<p>Colle en a\u00e9rosol \u00e0 forte pulv\u00e9risation avec valve sp\u00e9ciale pour une largeur de pulv\u00e9risation variable ; optimale pour des collages rapides et durables pour une multitude de combinaisons de mat\u00e9riaux, comme par ex. les mousses sur le bois et le m\u00e9tal ainsi que, sous certaines conditions, pour les mat\u00e9riaux de b\u00e2che.<\/p>\n","protected":false},"featured_media":9957,"comment_status":"open","ping_status":"closed","template":"","meta":{"_acf_changed":false},"product_brand":[],"product_cat":[264,218],"product_tag":[],"class_list":{"0":"post-14569","1":"product","2":"type-product","3":"status-publish","4":"has-post-thumbnail","6":"product_cat-accessoires-pour-playgrounds","7":"product_cat-autres","9":"first","10":"instock","11":"taxable","12":"shipping-taxable","13":"purchasable","14":"product-type-simple"},"acf":[],"_links":{"self":[{"href":"https:\/\/freizeit-technik.de\/fr\/wp-json\/wp\/v2\/product\/14569","targetHints":{"allow":["GET"]}}],"collection":[{"href":"https:\/\/freizeit-technik.de\/fr\/wp-json\/wp\/v2\/product"}],"about":[{"href":"https:\/\/freizeit-technik.de\/fr\/wp-json\/wp\/v2\/types\/product"}],"replies":[{"embeddable":true,"href":"https:\/\/freizeit-technik.de\/fr\/wp-json\/wp\/v2\/comments?post=14569"}],"wp:featuredmedia":[{"embeddable":true,"href":"https:\/\/freizeit-technik.de\/fr\/wp-json\/wp\/v2\/media\/9957"}],"wp:attachment":[{"href":"https:\/\/freizeit-technik.de\/fr\/wp-json\/wp\/v2\/media?parent=14569"}],"wp:term":[{"taxonomy":"product_brand","embeddable":true,"href":"https:\/\/freizeit-technik.de\/fr\/wp-json\/wp\/v2\/product_brand?post=14569"},{"taxonomy":"product_cat","embeddable":true,"href":"https:\/\/freizeit-technik.de\/fr\/wp-json\/wp\/v2\/product_cat?post=14569"},{"taxonomy":"product_tag","embeddable":true,"href":"https:\/\/freizeit-technik.de\/fr\/wp-json\/wp\/v2\/product_tag?post=14569"}],"curies":[{"name":"wp","href":"https:\/\/api.w.org\/{rel}","templated":true}]}}