{"id":14582,"date":"2026-04-09T11:28:00","date_gmt":"2026-04-09T09:28:00","guid":{"rendered":"https:\/\/freizeit-technik.de\/shop\/rouleau-de-25-m-de-ruban-velcro-autocollant-de-30-mm-de-large\/"},"modified":"2026-04-29T12:44:54","modified_gmt":"2026-04-29T10:44:54","slug":"rouleau-de-25-m-de-ruban-velcro-autocollant-de-30-mm-de-large","status":"publish","type":"product","link":"https:\/\/freizeit-technik.de\/fr\/shop\/rouleau-de-25-m-de-ruban-velcro-autocollant-de-30-mm-de-large\/","title":{"rendered":"Rouleau de 25 m de ruban velcro autocollant de 30 mm de large"},"content":{"rendered":"","protected":false},"excerpt":{"rendered":"<p>Ruban \u00e0 boucles autocollant avec adh\u00e9sif acrylique PS18 de qualit\u00e9 industrielle. Pour les b\u00e2ches en PVC, le bois, le verre et le m\u00e9tal.<br \/>\nNe convient pas pour le polypropyl\u00e8ne et le poly\u00e9thyl\u00e8ne. <\/p>\n","protected":false},"featured_media":9909,"comment_status":"open","ping_status":"closed","template":"","meta":{"_acf_changed":false},"product_brand":[],"product_cat":[264,284,218,195],"product_tag":[],"class_list":{"0":"post-14582","1":"product","2":"type-product","3":"status-publish","4":"has-post-thumbnail","6":"product_cat-accessoires-pour-playgrounds","7":"product_cat-aire-de-jeux-interieure-et-materiel-evenementiel","8":"product_cat-autres","9":"product_cat-parc-de-trampolines-et-installations-de-trampolines","11":"first","12":"instock","13":"taxable","14":"shipping-taxable","15":"purchasable","16":"product-type-simple"},"acf":[],"_links":{"self":[{"href":"https:\/\/freizeit-technik.de\/fr\/wp-json\/wp\/v2\/product\/14582","targetHints":{"allow":["GET"]}}],"collection":[{"href":"https:\/\/freizeit-technik.de\/fr\/wp-json\/wp\/v2\/product"}],"about":[{"href":"https:\/\/freizeit-technik.de\/fr\/wp-json\/wp\/v2\/types\/product"}],"replies":[{"embeddable":true,"href":"https:\/\/freizeit-technik.de\/fr\/wp-json\/wp\/v2\/comments?post=14582"}],"wp:featuredmedia":[{"embeddable":true,"href":"https:\/\/freizeit-technik.de\/fr\/wp-json\/wp\/v2\/media\/9909"}],"wp:attachment":[{"href":"https:\/\/freizeit-technik.de\/fr\/wp-json\/wp\/v2\/media?parent=14582"}],"wp:term":[{"taxonomy":"product_brand","embeddable":true,"href":"https:\/\/freizeit-technik.de\/fr\/wp-json\/wp\/v2\/product_brand?post=14582"},{"taxonomy":"product_cat","embeddable":true,"href":"https:\/\/freizeit-technik.de\/fr\/wp-json\/wp\/v2\/product_cat?post=14582"},{"taxonomy":"product_tag","embeddable":true,"href":"https:\/\/freizeit-technik.de\/fr\/wp-json\/wp\/v2\/product_tag?post=14582"}],"curies":[{"name":"wp","href":"https:\/\/api.w.org\/{rel}","templated":true}]}}