{"id":14623,"date":"2026-04-12T15:21:32","date_gmt":"2026-04-12T13:21:32","guid":{"rendered":"https:\/\/freizeit-technik.de\/shop\/coussin-tubulaire-100mm-60mm\/"},"modified":"2026-04-30T09:06:09","modified_gmt":"2026-04-30T07:06:09","slug":"coussin-tubulaire-100mm-60mm","status":"publish","type":"product","link":"https:\/\/freizeit-technik.de\/fr\/shop\/coussin-tubulaire-100mm-60mm\/","title":{"rendered":"Coussin tubulaire 100mm\/60mm"},"content":{"rendered":"","protected":false},"excerpt":{"rendered":"<p>Coussins tubulaires d&#8217;un diam\u00e8tre int\u00e9rieur de 60 mm et d&#8217;un diam\u00e8tre ext\u00e9rieur de 100 mm.<br \/>\nIls sont utilis\u00e9s entre autres sur les barres de filet des installations multi-trampolines.<br \/>\nPour ces coussins tubulaires, nous fabriquons sur commande s\u00e9par\u00e9e des bandes de b\u00e2che en PVC de couleur qui sont plac\u00e9es autour du coussin tubulaire et ferm\u00e9es par la fermeture velcro cousue.<\/p>\n<p>1 carton contient 20 coussins tubulaires de 2 m de long, soit 40 m\u00e8tres.<br \/>\nLivraison par cartons entiers<\/p>\n<p><strong>Veuillez consulter nos prix \u00e9chelonn\u00e9s<\/strong><\/p>\n<p>1 UE = 112,00 \u20ac + 70,00 \u20ac frais de livraison<\/p>\n<p>2 UE= 108,00 \u20ac par UE + 50,00 \u20ac de frais de port par UE<\/p>\n<p>3 UE= 104,00 \u20ac par UE + 40,00 \u20ac de frais de port par UE<\/p>\n<p>4 UE= 100,00 \u20ac par UE + 35,00 \u20ac de frais de port par UE<\/p>\n","protected":false},"featured_media":9830,"comment_status":"open","ping_status":"closed","template":"","meta":{"_acf_changed":false},"product_brand":[],"product_cat":[264,284,218,265],"product_tag":[],"class_list":{"0":"post-14623","1":"product","2":"type-product","3":"status-publish","4":"has-post-thumbnail","6":"product_cat-accessoires-pour-playgrounds","7":"product_cat-aire-de-jeux-interieure-et-materiel-evenementiel","8":"product_cat-autres","9":"product_cat-filets-lateraux-de-trampoline","11":"first","12":"instock","13":"taxable","14":"shipping-taxable","15":"purchasable","16":"product-type-variable"},"acf":[],"_links":{"self":[{"href":"https:\/\/freizeit-technik.de\/fr\/wp-json\/wp\/v2\/product\/14623","targetHints":{"allow":["GET"]}}],"collection":[{"href":"https:\/\/freizeit-technik.de\/fr\/wp-json\/wp\/v2\/product"}],"about":[{"href":"https:\/\/freizeit-technik.de\/fr\/wp-json\/wp\/v2\/types\/product"}],"replies":[{"embeddable":true,"href":"https:\/\/freizeit-technik.de\/fr\/wp-json\/wp\/v2\/comments?post=14623"}],"wp:featuredmedia":[{"embeddable":true,"href":"https:\/\/freizeit-technik.de\/fr\/wp-json\/wp\/v2\/media\/9830"}],"wp:attachment":[{"href":"https:\/\/freizeit-technik.de\/fr\/wp-json\/wp\/v2\/media?parent=14623"}],"wp:term":[{"taxonomy":"product_brand","embeddable":true,"href":"https:\/\/freizeit-technik.de\/fr\/wp-json\/wp\/v2\/product_brand?post=14623"},{"taxonomy":"product_cat","embeddable":true,"href":"https:\/\/freizeit-technik.de\/fr\/wp-json\/wp\/v2\/product_cat?post=14623"},{"taxonomy":"product_tag","embeddable":true,"href":"https:\/\/freizeit-technik.de\/fr\/wp-json\/wp\/v2\/product_tag?post=14623"}],"curies":[{"name":"wp","href":"https:\/\/api.w.org\/{rel}","templated":true}]}}