{"id":14663,"date":"2026-04-12T11:50:37","date_gmt":"2026-04-12T09:50:37","guid":{"rendered":"https:\/\/freizeit-technik.de\/shop\/ficelle-dattache-3mm-pe-noir-260m\/"},"modified":"2026-04-30T09:07:45","modified_gmt":"2026-04-30T07:07:45","slug":"ficelle-dattache-3mm-pe-noir-260m","status":"publish","type":"product","link":"https:\/\/freizeit-technik.de\/fr\/shop\/ficelle-dattache-3mm-pe-noir-260m\/","title":{"rendered":"Ficelle d&#8217;attache 3mm PE noir, 260m"},"content":{"rendered":"<p><strong>Longueur : 260m<br \/>\nEpaisseur : 3mm<br \/>\nMati\u00e8re : PE<\/strong><\/p>\n","protected":false},"excerpt":{"rendered":"<p>Id\u00e9al pour attacher des filets de s\u00e9curit\u00e9 \u00e0 des structures de sport et de jeu.<\/p>\n","protected":false},"featured_media":14664,"comment_status":"open","ping_status":"closed","template":"","meta":{"_acf_changed":false},"product_brand":[],"product_cat":[264,218,265,195],"product_tag":[],"class_list":{"0":"post-14663","1":"product","2":"type-product","3":"status-publish","4":"has-post-thumbnail","6":"product_cat-accessoires-pour-playgrounds","7":"product_cat-autres","8":"product_cat-filets-lateraux-de-trampoline","9":"product_cat-parc-de-trampolines-et-installations-de-trampolines","11":"first","12":"instock","13":"taxable","14":"shipping-taxable","15":"purchasable","16":"product-type-simple"},"acf":[],"_links":{"self":[{"href":"https:\/\/freizeit-technik.de\/fr\/wp-json\/wp\/v2\/product\/14663","targetHints":{"allow":["GET"]}}],"collection":[{"href":"https:\/\/freizeit-technik.de\/fr\/wp-json\/wp\/v2\/product"}],"about":[{"href":"https:\/\/freizeit-technik.de\/fr\/wp-json\/wp\/v2\/types\/product"}],"replies":[{"embeddable":true,"href":"https:\/\/freizeit-technik.de\/fr\/wp-json\/wp\/v2\/comments?post=14663"}],"wp:featuredmedia":[{"embeddable":true,"href":"https:\/\/freizeit-technik.de\/fr\/wp-json\/wp\/v2\/media\/14664"}],"wp:attachment":[{"href":"https:\/\/freizeit-technik.de\/fr\/wp-json\/wp\/v2\/media?parent=14663"}],"wp:term":[{"taxonomy":"product_brand","embeddable":true,"href":"https:\/\/freizeit-technik.de\/fr\/wp-json\/wp\/v2\/product_brand?post=14663"},{"taxonomy":"product_cat","embeddable":true,"href":"https:\/\/freizeit-technik.de\/fr\/wp-json\/wp\/v2\/product_cat?post=14663"},{"taxonomy":"product_tag","embeddable":true,"href":"https:\/\/freizeit-technik.de\/fr\/wp-json\/wp\/v2\/product_tag?post=14663"}],"curies":[{"name":"wp","href":"https:\/\/api.w.org\/{rel}","templated":true}]}}