{"id":14675,"date":"2026-04-12T10:39:20","date_gmt":"2026-04-12T08:39:20","guid":{"rendered":"https:\/\/freizeit-technik.de\/shop\/connecteur-bungee-pour-playpads\/"},"modified":"2026-04-30T09:08:06","modified_gmt":"2026-04-30T07:08:06","slug":"connecteur-bungee-pour-playpads","status":"publish","type":"product","link":"https:\/\/freizeit-technik.de\/fr\/shop\/connecteur-bungee-pour-playpads\/","title":{"rendered":"Connecteur bungee pour playpads"},"content":{"rendered":"","protected":false},"excerpt":{"rendered":"<p>Attaches \u00e9lastiques noires pour fixer des banni\u00e8res, des coussins, des filets non s\u00e9curitaires, etc. aux playpads de 85 mm de diam\u00e8tre.<\/p>\n<p>&nbsp;<\/p>\n<p>&nbsp;<\/p>\n","protected":false},"featured_media":14676,"comment_status":"open","ping_status":"closed","template":"","meta":{"_acf_changed":false},"product_brand":[],"product_cat":[264,284,218,265,195],"product_tag":[],"class_list":{"0":"post-14675","1":"product","2":"type-product","3":"status-publish","4":"has-post-thumbnail","6":"product_cat-accessoires-pour-playgrounds","7":"product_cat-aire-de-jeux-interieure-et-materiel-evenementiel","8":"product_cat-autres","9":"product_cat-filets-lateraux-de-trampoline","10":"product_cat-parc-de-trampolines-et-installations-de-trampolines","12":"first","13":"instock","14":"taxable","15":"shipping-taxable","16":"purchasable","17":"product-type-simple"},"acf":[],"_links":{"self":[{"href":"https:\/\/freizeit-technik.de\/fr\/wp-json\/wp\/v2\/product\/14675","targetHints":{"allow":["GET"]}}],"collection":[{"href":"https:\/\/freizeit-technik.de\/fr\/wp-json\/wp\/v2\/product"}],"about":[{"href":"https:\/\/freizeit-technik.de\/fr\/wp-json\/wp\/v2\/types\/product"}],"replies":[{"embeddable":true,"href":"https:\/\/freizeit-technik.de\/fr\/wp-json\/wp\/v2\/comments?post=14675"}],"wp:featuredmedia":[{"embeddable":true,"href":"https:\/\/freizeit-technik.de\/fr\/wp-json\/wp\/v2\/media\/14676"}],"wp:attachment":[{"href":"https:\/\/freizeit-technik.de\/fr\/wp-json\/wp\/v2\/media?parent=14675"}],"wp:term":[{"taxonomy":"product_brand","embeddable":true,"href":"https:\/\/freizeit-technik.de\/fr\/wp-json\/wp\/v2\/product_brand?post=14675"},{"taxonomy":"product_cat","embeddable":true,"href":"https:\/\/freizeit-technik.de\/fr\/wp-json\/wp\/v2\/product_cat?post=14675"},{"taxonomy":"product_tag","embeddable":true,"href":"https:\/\/freizeit-technik.de\/fr\/wp-json\/wp\/v2\/product_tag?post=14675"}],"curies":[{"name":"wp","href":"https:\/\/api.w.org\/{rel}","templated":true}]}}