{"id":14697,"date":"2026-03-15T12:12:55","date_gmt":"2026-03-15T11:12:55","guid":{"rendered":"https:\/\/freizeit-technik.de\/shop\/ressort-de-trampoline-playground-n-1-270-mm-oe-28-mm\/"},"modified":"2026-04-30T09:22:52","modified_gmt":"2026-04-30T07:22:52","slug":"ressort-de-trampoline-playground-n-1-270-mm-oe-28-mm","status":"publish","type":"product","link":"https:\/\/freizeit-technik.de\/fr\/shop\/ressort-de-trampoline-playground-n-1-270-mm-oe-28-mm\/","title":{"rendered":"Ressort de trampoline &#8220;Playground&#8221; n\u00b0 1, 270 mm \u00d8 28 mm"},"content":{"rendered":"<p><strong>Longueur : 270 mm<br \/>\nDiam\u00e8tre : 28 mm<br \/>\nCat\u00e9gorie : Playground<br \/>\nPuissance de lancer : ++<br \/>\nDuret\u00e9 : +<\/strong><br \/>\n<strong>Poids optimal de l&#8217;utilisateur \u00d8 : 20 &#8211; 60kg<br \/>\n<\/strong>(capacit\u00e9 de charge maximale sup\u00e9rieure)<\/p>\n","protected":false},"excerpt":{"rendered":"<p>Ces ressorts de trampoline sont optimis\u00e9s pour un poids d&#8217;utilisateur cible de 20 kg \u00e0 60 kg. Ils offrent un comportement de projection tr\u00e8s souple avec une longue course.<br \/>\nOptimis\u00e9s pour une utilisation sur des trampolines principalement utilis\u00e9s par des enfants, par exemple dans des aires de jeux int\u00e9rieures.<br \/>\nCes ressorts de trampoline n\u00b0 1 forment une combinaison harmonieuse avec notre toile de saut de type 3, qui offre une \u00e9lasticit\u00e9 ponctuelle particuli\u00e8rement \u00e9lev\u00e9e. <\/p>\n<p>Convient aux trampolines de diff\u00e9rents fabricants.<\/p>\n<p><span style=\"color: #ff0000;\"><span style=\"color: #808080;\">En raison du poids plus \u00e9lev\u00e9 de ce ressort n\u00b0 1, une unit\u00e9 d&#8217;exp\u00e9dition contient <strong>96 ressorts<\/strong> au total au lieu des 100 ressorts habituels.<\/span><br \/>\nPour optimiser les co\u00fbts d&#8217;exp\u00e9dition, veuillez donc indiquer un nombre <strong>divisible par 96<\/strong>.<\/span><\/p>\n<p><strong>Processus de commande<\/strong><br \/>\nChoisissez d&#8217;abord une cat\u00e9gorie de prix en fonction du nombre total de ressorts n\u00e9cessaires pour ce type de trampoline.<br \/>\nSaisissez ensuite la quantit\u00e9 exacte de ressorts dont vous avez besoin.<br \/>\nLe nombre de ressorts saisi doit se situer dans la fourchette de la cat\u00e9gorie de prix choisie.<\/p>\n","protected":false},"featured_media":14698,"comment_status":"open","ping_status":"closed","template":"","meta":{"_acf_changed":false},"product_brand":[],"product_cat":[195,287],"product_tag":[],"class_list":{"0":"post-14697","1":"product","2":"type-product","3":"status-publish","4":"has-post-thumbnail","6":"product_cat-parc-de-trampolines-et-installations-de-trampolines","7":"product_cat-ressorts-de-trampoline","9":"first","10":"instock","11":"taxable","12":"shipping-taxable","13":"purchasable","14":"product-type-variable"},"acf":[],"_links":{"self":[{"href":"https:\/\/freizeit-technik.de\/fr\/wp-json\/wp\/v2\/product\/14697","targetHints":{"allow":["GET"]}}],"collection":[{"href":"https:\/\/freizeit-technik.de\/fr\/wp-json\/wp\/v2\/product"}],"about":[{"href":"https:\/\/freizeit-technik.de\/fr\/wp-json\/wp\/v2\/types\/product"}],"replies":[{"embeddable":true,"href":"https:\/\/freizeit-technik.de\/fr\/wp-json\/wp\/v2\/comments?post=14697"}],"wp:featuredmedia":[{"embeddable":true,"href":"https:\/\/freizeit-technik.de\/fr\/wp-json\/wp\/v2\/media\/14698"}],"wp:attachment":[{"href":"https:\/\/freizeit-technik.de\/fr\/wp-json\/wp\/v2\/media?parent=14697"}],"wp:term":[{"taxonomy":"product_brand","embeddable":true,"href":"https:\/\/freizeit-technik.de\/fr\/wp-json\/wp\/v2\/product_brand?post=14697"},{"taxonomy":"product_cat","embeddable":true,"href":"https:\/\/freizeit-technik.de\/fr\/wp-json\/wp\/v2\/product_cat?post=14697"},{"taxonomy":"product_tag","embeddable":true,"href":"https:\/\/freizeit-technik.de\/fr\/wp-json\/wp\/v2\/product_tag?post=14697"}],"curies":[{"name":"wp","href":"https:\/\/api.w.org\/{rel}","templated":true}]}}