{"id":14769,"date":"2026-03-22T10:25:15","date_gmt":"2026-03-22T09:25:15","guid":{"rendered":"https:\/\/freizeit-technik.de\/shop\/offre-speciale-trampoline-mobile-rectangulaire-proline-23-prix-special-piece-dexposition-montee-enlevement-a-stuttgart\/"},"modified":"2026-04-30T09:23:13","modified_gmt":"2026-04-30T07:23:13","slug":"offre-speciale-trampoline-mobile-rectangulaire-proline-23-prix-special-piece-dexposition-montee-enlevement-a-stuttgart","status":"publish","type":"product","link":"https:\/\/freizeit-technik.de\/fr\/shop\/offre-speciale-trampoline-mobile-rectangulaire-proline-23-prix-special-piece-dexposition-montee-enlevement-a-stuttgart\/","title":{"rendered":"Offre sp\u00e9ciale : trampoline &#8220;mobile&#8221; rectangulaire Proline 23, prix sp\u00e9cial pi\u00e8ce d&#8217;exposition mont\u00e9e. Enl\u00e8vement \u00e0 Stuttgart"},"content":{"rendered":"<div class=\"ui-tabs-panel ui-widget-content ui-corner-bottom ui-tabs-hide\"><span class=\"tx-ttproducts-pi1-wrap2\"><strong><img loading=\"lazy\" decoding=\"async\" src=\"http:\/\/shop.freizeit-technik.de\/images\/content\/tuevgs.jpg\" alt=\"\" width=\"70\" height=\"32\" align=\"absMiddle\"><\/strong><\/span><\/div>\n<div id=\"tab_fragment_1\" class=\"ui-tabs-panel ui-widget-content ui-corner-bottom ui-tabs-hide\"><span class=\"tx-ttproducts-pi1-wrap2\"><span class=\"tx-ttproducts-pi1-wrap2\"><strong>Dimensions : 3,00 x 2,30 m<br \/>\nPoids : 72 kg<br \/>\nMax. Poids de l&#8217;utilisateur : 120 kg<br \/>\n\u00c9paisseur du tube : 2 mm<br \/>\nNombre de ressorts : 60<br \/>\nCouleur du rev\u00eatement du cadre : bleu<br \/>\n\u00c9paisseur du rembourrage : 25 mm<br \/>\nCertification : T\u00dcV\/GS<br \/>\nDimensions d&#8217;emballage : 175 x 47 x 34 cm <\/strong><\/span><\/span><\/div>\n<p>&nbsp;<\/p>\n","protected":false},"excerpt":{"rendered":"<p>Ce trampoline dispose de pieds pliables et peut donc \u00eatre transport\u00e9 enti\u00e8rement mont\u00e9 sur une remorque ou dans un v\u00e9hicule appropri\u00e9. Pour les installations de trampolines bungee en utilisation mobile, c&#8217;est une excellente solution qui permet de gagner jusqu&#8217;\u00e0 50% de temps lors du montage et du d\u00e9montage. <\/p>\n<p>La qualit\u00e9 des trampolines de la marque Proline est largement \u00e9quivalente \u00e0 celle des produits Jumpfree de haute qualit\u00e9.<\/p>\n<p><strong>Particularit\u00e9 :<\/strong> le Proline 23 pliable est produit exclusivement pour nous avec un robuste couvercle de cadre bleu de 25 mm d&#8217;\u00e9paisseur.<\/p>\n","protected":false},"featured_media":14770,"comment_status":"open","ping_status":"closed","template":"","meta":{"_acf_changed":false},"product_brand":[],"product_cat":[217,224],"product_tag":[],"class_list":{"0":"post-14769","1":"product","2":"type-product","3":"status-publish","4":"has-post-thumbnail","6":"product_cat-installations-de-bungeetrampolines","7":"product_cat-trampolines-dappoint","9":"first","10":"instock","11":"taxable","12":"shipping-taxable","13":"purchasable","14":"product-type-simple"},"acf":[],"_links":{"self":[{"href":"https:\/\/freizeit-technik.de\/fr\/wp-json\/wp\/v2\/product\/14769","targetHints":{"allow":["GET"]}}],"collection":[{"href":"https:\/\/freizeit-technik.de\/fr\/wp-json\/wp\/v2\/product"}],"about":[{"href":"https:\/\/freizeit-technik.de\/fr\/wp-json\/wp\/v2\/types\/product"}],"replies":[{"embeddable":true,"href":"https:\/\/freizeit-technik.de\/fr\/wp-json\/wp\/v2\/comments?post=14769"}],"wp:featuredmedia":[{"embeddable":true,"href":"https:\/\/freizeit-technik.de\/fr\/wp-json\/wp\/v2\/media\/14770"}],"wp:attachment":[{"href":"https:\/\/freizeit-technik.de\/fr\/wp-json\/wp\/v2\/media?parent=14769"}],"wp:term":[{"taxonomy":"product_brand","embeddable":true,"href":"https:\/\/freizeit-technik.de\/fr\/wp-json\/wp\/v2\/product_brand?post=14769"},{"taxonomy":"product_cat","embeddable":true,"href":"https:\/\/freizeit-technik.de\/fr\/wp-json\/wp\/v2\/product_cat?post=14769"},{"taxonomy":"product_tag","embeddable":true,"href":"https:\/\/freizeit-technik.de\/fr\/wp-json\/wp\/v2\/product_tag?post=14769"}],"curies":[{"name":"wp","href":"https:\/\/api.w.org\/{rel}","templated":true}]}}