{"id":14787,"date":"2026-03-22T10:30:13","date_gmt":"2026-03-22T09:30:13","guid":{"rendered":"https:\/\/freizeit-technik.de\/shop\/offre-speciale-14-jumpfree-royal-trampoline-de-jardin-430-1-piece-a-lenlevement-entrepot-stuttgart\/"},"modified":"2026-04-30T09:23:31","modified_gmt":"2026-04-30T07:23:31","slug":"offre-speciale-14-jumpfree-royal-trampoline-de-jardin-430-1-piece-a-lenlevement-entrepot-stuttgart","status":"publish","type":"product","link":"https:\/\/freizeit-technik.de\/fr\/shop\/offre-speciale-14-jumpfree-royal-trampoline-de-jardin-430-1-piece-a-lenlevement-entrepot-stuttgart\/","title":{"rendered":"Offre sp\u00e9ciale : 14&#8221; Jumpfree Royal trampoline de jardin (4,30), 1 pi\u00e8ce \u00e0 l&#8217;enl\u00e8vement entrep\u00f4t Stuttgart"},"content":{"rendered":"<p><strong>Diam\u00e8tre : 4,30 m<br \/>\nPoids : 100 kg<br \/>\nMax. Poids de l&#8217;utilisateur : 140 kg<br \/>\n\u00c9paisseur du tube : 2 mm<br \/>\nNombre de ressorts : 104<br \/>\nCouleur du rev\u00eatement du cadre : bleu<br \/>\n\u00c9paisseur du rembourrage : 30 mm<br \/>\nCertification : T\u00dcV\/GS<\/strong><br \/>\n<strong> Dimensions d&#8217;emballage : 178 x 55 x 43 cm<br \/>\n<\/strong><\/p>\n<p>&nbsp;<\/p>\n<p><strong> <\/strong><\/p>\n","protected":false},"excerpt":{"rendered":"<p>Les trampolines de la marque Jumpfree b\u00e9n\u00e9ficient des d\u00e9cennies d&#8217;exp\u00e9rience de leur l\u00e9gendaire pr\u00e9d\u00e9cesseur, Jumpking (\u00c9tats-Unis). Sur nos grandes installations de saut \u00e0 l&#8217;\u00e9lastique \u00e0 usage commercial, nous utilisons exclusivement des trampolines Jumpfree Exclusive ou Royal. Non sans raison !  <\/p>\n<p>En termes de qualit\u00e9, les trampolines de jardin Jumpfree sont la r\u00e9f\u00e9rence \u00e0 laquelle tous les autres fabricants doivent se mesurer.<br \/>\n<strong><u>Remarque importante :<br \/>\n<\/u><\/strong>Les trampolines de jardin Jumpfree Royal et Proline ainsi que les accessoires doivent \u00eatre class\u00e9s dans la cat\u00e9gorie &#8220;Premium Line&#8221; lorsqu&#8217;ils sont utilis\u00e9s sur des trampolines bungee. La qualit\u00e9 des produits est \u00e9lev\u00e9e. Cependant, ces produits ne sont adapt\u00e9s qu&#8217;\u00e0 une utilisation commerciale en combinaison avec le syst\u00e8me de saut \u00e0 l&#8217;\u00e9lastique et ne remplacent en aucun cas une installation de trampoline professionnelle (par ex. multitramp). Ces produits ne sont pas con\u00e7us pour une telle utilisation !   <\/p>\n","protected":false},"featured_media":14788,"comment_status":"open","ping_status":"closed","template":"","meta":{"_acf_changed":false},"product_brand":[],"product_cat":[217,224],"product_tag":[],"class_list":{"0":"post-14787","1":"product","2":"type-product","3":"status-publish","4":"has-post-thumbnail","6":"product_cat-installations-de-bungeetrampolines","7":"product_cat-trampolines-dappoint","9":"first","10":"instock","11":"taxable","12":"shipping-taxable","13":"purchasable","14":"product-type-simple"},"acf":[],"_links":{"self":[{"href":"https:\/\/freizeit-technik.de\/fr\/wp-json\/wp\/v2\/product\/14787","targetHints":{"allow":["GET"]}}],"collection":[{"href":"https:\/\/freizeit-technik.de\/fr\/wp-json\/wp\/v2\/product"}],"about":[{"href":"https:\/\/freizeit-technik.de\/fr\/wp-json\/wp\/v2\/types\/product"}],"replies":[{"embeddable":true,"href":"https:\/\/freizeit-technik.de\/fr\/wp-json\/wp\/v2\/comments?post=14787"}],"wp:featuredmedia":[{"embeddable":true,"href":"https:\/\/freizeit-technik.de\/fr\/wp-json\/wp\/v2\/media\/14788"}],"wp:attachment":[{"href":"https:\/\/freizeit-technik.de\/fr\/wp-json\/wp\/v2\/media?parent=14787"}],"wp:term":[{"taxonomy":"product_brand","embeddable":true,"href":"https:\/\/freizeit-technik.de\/fr\/wp-json\/wp\/v2\/product_brand?post=14787"},{"taxonomy":"product_cat","embeddable":true,"href":"https:\/\/freizeit-technik.de\/fr\/wp-json\/wp\/v2\/product_cat?post=14787"},{"taxonomy":"product_tag","embeddable":true,"href":"https:\/\/freizeit-technik.de\/fr\/wp-json\/wp\/v2\/product_tag?post=14787"}],"curies":[{"name":"wp","href":"https:\/\/api.w.org\/{rel}","templated":true}]}}