{"id":14808,"date":"2026-03-30T12:43:23","date_gmt":"2026-03-30T10:43:23","guid":{"rendered":"https:\/\/freizeit-technik.de\/shop\/prix-special-balles-souples-70-mm-avec-peau-de-protection-ue-250-pieces-en-orange-code-so-1\/"},"modified":"2026-04-30T09:23:52","modified_gmt":"2026-04-30T07:23:52","slug":"prix-special-balles-souples-70-mm-avec-peau-de-protection-ue-250-pieces-en-orange-code-so-1","status":"publish","type":"product","link":"https:\/\/freizeit-technik.de\/fr\/shop\/prix-special-balles-souples-70-mm-avec-peau-de-protection-ue-250-pieces-en-orange-code-so-1\/","title":{"rendered":"Prix sp\u00e9cial : balles souples 70 mm, avec peau de protection UE : 250 pi\u00e8ces en orange, code SO-1"},"content":{"rendered":"<p>Balles souples unies de 70 mm de couleur orange. 250 pi\u00e8ces \u00e0 un prix sp\u00e9cial. Elles ont simplement \u00e9t\u00e9 reconditionn\u00e9es.  <\/p>\n<p>Les balles souples se caract\u00e9risent par une densit\u00e9 \u00e9lev\u00e9e et, par cons\u00e9quent, par de tr\u00e8s bonnes propri\u00e9t\u00e9s de vol.<br \/>\n<strong>La peau de protection ext\u00e9rieure lisse est r\u00e9sistante \u00e0 l&#8217;usure et contribue \u00e0 une dur\u00e9e de vie sup\u00e9rieure \u00e0 la moyenne de ces balles souples.<\/strong><\/p>\n","protected":false},"excerpt":{"rendered":"<p>Balles souples unies de 70 mm de couleur orange. 250 pi\u00e8ces \u00e0 un prix sp\u00e9cial. Elles ont simplement \u00e9t\u00e9 reconditionn\u00e9es.  <\/p>\n<p>&nbsp;<\/p>\n<p><strong> <\/strong><\/p>\n","protected":false},"featured_media":14809,"comment_status":"open","ping_status":"closed","template":"","meta":{"_acf_changed":false},"product_brand":[],"product_cat":[297,296],"product_tag":[],"class_list":{"0":"post-14808","1":"product","2":"type-product","3":"status-publish","4":"has-post-thumbnail","6":"product_cat-balles-souples","7":"product_cat-funshooter","9":"first","10":"instock","11":"taxable","12":"shipping-taxable","13":"purchasable","14":"product-type-simple"},"acf":[],"_links":{"self":[{"href":"https:\/\/freizeit-technik.de\/fr\/wp-json\/wp\/v2\/product\/14808","targetHints":{"allow":["GET"]}}],"collection":[{"href":"https:\/\/freizeit-technik.de\/fr\/wp-json\/wp\/v2\/product"}],"about":[{"href":"https:\/\/freizeit-technik.de\/fr\/wp-json\/wp\/v2\/types\/product"}],"replies":[{"embeddable":true,"href":"https:\/\/freizeit-technik.de\/fr\/wp-json\/wp\/v2\/comments?post=14808"}],"wp:featuredmedia":[{"embeddable":true,"href":"https:\/\/freizeit-technik.de\/fr\/wp-json\/wp\/v2\/media\/14809"}],"wp:attachment":[{"href":"https:\/\/freizeit-technik.de\/fr\/wp-json\/wp\/v2\/media?parent=14808"}],"wp:term":[{"taxonomy":"product_brand","embeddable":true,"href":"https:\/\/freizeit-technik.de\/fr\/wp-json\/wp\/v2\/product_brand?post=14808"},{"taxonomy":"product_cat","embeddable":true,"href":"https:\/\/freizeit-technik.de\/fr\/wp-json\/wp\/v2\/product_cat?post=14808"},{"taxonomy":"product_tag","embeddable":true,"href":"https:\/\/freizeit-technik.de\/fr\/wp-json\/wp\/v2\/product_tag?post=14808"}],"curies":[{"name":"wp","href":"https:\/\/api.w.org\/{rel}","templated":true}]}}