{"id":14812,"date":"2026-03-30T12:34:16","date_gmt":"2026-03-30T10:34:16","guid":{"rendered":"https:\/\/freizeit-technik.de\/shop\/prix-special-balles-souples-60-mm-avec-peau-de-protection-ue-500-pieces-code-so-2\/"},"modified":"2026-04-30T09:23:58","modified_gmt":"2026-04-30T07:23:58","slug":"prix-special-balles-souples-60-mm-avec-peau-de-protection-ue-500-pieces-code-so-2","status":"publish","type":"product","link":"https:\/\/freizeit-technik.de\/fr\/shop\/prix-special-balles-souples-60-mm-avec-peau-de-protection-ue-500-pieces-code-so-2\/","title":{"rendered":"Prix sp\u00e9cial : balles souples 60 mm, avec peau de protection UE : 500 pi\u00e8ces, code : SO-2"},"content":{"rendered":"","protected":false},"excerpt":{"rendered":"<p><strong>M\u00e9lange de couleurs. Quelques traces de salet\u00e9 ou de d\u00e9coloration, mais rien de grave. Utilisable sans restriction.<br \/>\nLes balles souples se distinguent par un poids volumique \u00e9lev\u00e9 et, par cons\u00e9quent, par de tr\u00e8s bonnes propri\u00e9t\u00e9s de vol.<\/strong><\/p>\n<p>La peau de protection ext\u00e9rieure lisse est r\u00e9sistante \u00e0 l&#8217;usure et contribue \u00e0 une dur\u00e9e de vie sup\u00e9rieure \u00e0 la moyenne de ces balles souples.<\/p>\n","protected":false},"featured_media":14813,"comment_status":"open","ping_status":"closed","template":"","meta":{"_acf_changed":false},"product_brand":[],"product_cat":[297,296],"product_tag":[],"class_list":{"0":"post-14812","1":"product","2":"type-product","3":"status-publish","4":"has-post-thumbnail","6":"product_cat-balles-souples","7":"product_cat-funshooter","9":"first","10":"instock","11":"taxable","12":"shipping-taxable","13":"purchasable","14":"product-type-simple"},"acf":[],"_links":{"self":[{"href":"https:\/\/freizeit-technik.de\/fr\/wp-json\/wp\/v2\/product\/14812","targetHints":{"allow":["GET"]}}],"collection":[{"href":"https:\/\/freizeit-technik.de\/fr\/wp-json\/wp\/v2\/product"}],"about":[{"href":"https:\/\/freizeit-technik.de\/fr\/wp-json\/wp\/v2\/types\/product"}],"replies":[{"embeddable":true,"href":"https:\/\/freizeit-technik.de\/fr\/wp-json\/wp\/v2\/comments?post=14812"}],"wp:featuredmedia":[{"embeddable":true,"href":"https:\/\/freizeit-technik.de\/fr\/wp-json\/wp\/v2\/media\/14813"}],"wp:attachment":[{"href":"https:\/\/freizeit-technik.de\/fr\/wp-json\/wp\/v2\/media?parent=14812"}],"wp:term":[{"taxonomy":"product_brand","embeddable":true,"href":"https:\/\/freizeit-technik.de\/fr\/wp-json\/wp\/v2\/product_brand?post=14812"},{"taxonomy":"product_cat","embeddable":true,"href":"https:\/\/freizeit-technik.de\/fr\/wp-json\/wp\/v2\/product_cat?post=14812"},{"taxonomy":"product_tag","embeddable":true,"href":"https:\/\/freizeit-technik.de\/fr\/wp-json\/wp\/v2\/product_tag?post=14812"}],"curies":[{"name":"wp","href":"https:\/\/api.w.org\/{rel}","templated":true}]}}