{"id":14849,"date":"2026-03-15T09:08:43","date_gmt":"2026-03-15T08:08:43","guid":{"rendered":"https:\/\/freizeit-technik.de\/shop\/ressort-de-trampoline-allround-n-3-235-mm-oe-29-mm\/"},"modified":"2026-04-30T09:24:21","modified_gmt":"2026-04-30T07:24:21","slug":"ressort-de-trampoline-allround-n-3-235-mm-oe-29-mm","status":"publish","type":"product","link":"https:\/\/freizeit-technik.de\/fr\/shop\/ressort-de-trampoline-allround-n-3-235-mm-oe-29-mm\/","title":{"rendered":"Ressort de trampoline &#8220;Allround&#8221; n\u00b0 3, 235 mm \u00d8 29 mm"},"content":{"rendered":"<p><strong>Longueur : 235 mm<br \/>\nDiam\u00e8tre : 29 mm<br \/>\nCat\u00e9gorie : Allround<br \/>\nPuissance de lancer : ++++<br \/>\nDuret\u00e9 : +++<\/strong><br \/>\n<strong>Poids optimal de l&#8217;utilisateur \u00d8 : 30 &#8211; 90kg<br \/>\n<\/strong>(capacit\u00e9 de charge maximale sup\u00e9rieure)<\/p>\n","protected":false},"excerpt":{"rendered":"<p>Nos ressorts de trampoline n\u00b0 3 offrent des caract\u00e9ristiques similaires \u00e0 celles de nos ressorts de trampoline n\u00b0 2a. Ils sont \u00e9galement tr\u00e8s bien adapt\u00e9s \u00e0 un large public et s&#8217;harmonisent bien avec les types de toile de saut 1 \u00e0 4. <\/p>\n<p>Cependant, en raison de sa longueur plus courte, vous avez besoin d&#8217;une couverture de coussin plus petite pour ce ressort.<\/p>\n<p>Convient aux trampolines de diff\u00e9rents fabricants.<\/p>\n<p>Une unit\u00e9 d&#8217;exp\u00e9dition contient 100 ressorts.<br \/>\nPour optimiser les co\u00fbts d&#8217;exp\u00e9dition, veuillez donc indiquer un nombre <strong>divisible par 100<\/strong>.<\/p>\n<p><strong>Processus de commande<\/strong><br \/>\nChoisissez d&#8217;abord une cat\u00e9gorie de prix en fonction du nombre total de ressorts n\u00e9cessaires pour ce type de trampoline.<br \/>\nSaisissez ensuite la quantit\u00e9 exacte de ressorts dont vous avez besoin.<br \/>\nLe nombre de ressorts saisi doit se situer dans la fourchette de la cat\u00e9gorie de prix choisie.<\/p>\n","protected":false},"featured_media":14850,"comment_status":"open","ping_status":"closed","template":"","meta":{"_acf_changed":false},"product_brand":[],"product_cat":[195,287],"product_tag":[],"class_list":{"0":"post-14849","1":"product","2":"type-product","3":"status-publish","4":"has-post-thumbnail","6":"product_cat-parc-de-trampolines-et-installations-de-trampolines","7":"product_cat-ressorts-de-trampoline","9":"first","10":"instock","11":"taxable","12":"shipping-taxable","13":"purchasable","14":"product-type-variable"},"acf":[],"_links":{"self":[{"href":"https:\/\/freizeit-technik.de\/fr\/wp-json\/wp\/v2\/product\/14849","targetHints":{"allow":["GET"]}}],"collection":[{"href":"https:\/\/freizeit-technik.de\/fr\/wp-json\/wp\/v2\/product"}],"about":[{"href":"https:\/\/freizeit-technik.de\/fr\/wp-json\/wp\/v2\/types\/product"}],"replies":[{"embeddable":true,"href":"https:\/\/freizeit-technik.de\/fr\/wp-json\/wp\/v2\/comments?post=14849"}],"wp:featuredmedia":[{"embeddable":true,"href":"https:\/\/freizeit-technik.de\/fr\/wp-json\/wp\/v2\/media\/14850"}],"wp:attachment":[{"href":"https:\/\/freizeit-technik.de\/fr\/wp-json\/wp\/v2\/media?parent=14849"}],"wp:term":[{"taxonomy":"product_brand","embeddable":true,"href":"https:\/\/freizeit-technik.de\/fr\/wp-json\/wp\/v2\/product_brand?post=14849"},{"taxonomy":"product_cat","embeddable":true,"href":"https:\/\/freizeit-technik.de\/fr\/wp-json\/wp\/v2\/product_cat?post=14849"},{"taxonomy":"product_tag","embeddable":true,"href":"https:\/\/freizeit-technik.de\/fr\/wp-json\/wp\/v2\/product_tag?post=14849"}],"curies":[{"name":"wp","href":"https:\/\/api.w.org\/{rel}","templated":true}]}}