{"id":14903,"date":"2026-03-15T10:56:55","date_gmt":"2026-03-15T09:56:55","guid":{"rendered":"https:\/\/freizeit-technik.de\/shop\/ressort-de-trampoline-performance-n-2b-260-mm-oe-29-mm\/"},"modified":"2026-04-30T09:24:33","modified_gmt":"2026-04-30T07:24:33","slug":"ressort-de-trampoline-performance-n-2b-260-mm-oe-29-mm","status":"publish","type":"product","link":"https:\/\/freizeit-technik.de\/fr\/shop\/ressort-de-trampoline-performance-n-2b-260-mm-oe-29-mm\/","title":{"rendered":"Ressort de trampoline &#8220;Performance&#8221; n\u00b0 2b, 260 mm \u00d8 29 mm"},"content":{"rendered":"<p><strong>Longueur : 260 mm<br \/>\nDiam\u00e8tre : 29 mm<br \/>\nCat\u00e9gorie : Performance<br \/>\nPuissance de lancer : +++++<br \/>\nDuret\u00e9 : +++++<\/strong><br \/>\n<strong>Poids optimal de l&#8217;utilisateur \u00d8 : 60 &#8211; 90kg<br \/>\nou sauteur sportif<br \/>\n<\/strong>(capacit\u00e9 de charge maximale sup\u00e9rieure)<\/p>\n","protected":false},"excerpt":{"rendered":"<p>Les ressorts de trampoline &#8220;Performance&#8221; n\u00b0 2b sont de conception identique aux ressorts n\u00b0 2a, mais leur pr\u00e9contrainte est beaucoup plus \u00e9lev\u00e9e. Combin\u00e9s avec des toiles de saut de type 2, 3 ou 4, ils permettent d&#8217;atteindre des valeurs d&#8217;acc\u00e9l\u00e9ration \u00e9lev\u00e9es.<br \/>\nAttention : en fonction du nombre de ressorts, une telle combinaison transforme rapidement un trampoline en un trampoline High Performance conforme \u00e0 la norme DIN EN 23659 avec des obligations d&#8217;utilisation \u00e9tendues.  <\/p>\n<p>Particularit\u00e9 : nos ressorts n\u00b0 2b sont \u00e9galement utilis\u00e9s dans nos installations multitrampolines sur des modules de saut \u00e0 l&#8217;\u00e9lastique en nombre r\u00e9duit et combin\u00e9s avec une toile de saut en PP de type 1.<\/p>\n<p>Convient aux trampolines de diff\u00e9rents fabricants.<\/p>\n<p>Une unit\u00e9 d&#8217;exp\u00e9dition contient 100 ressorts.<br \/>\nPour optimiser les co\u00fbts d&#8217;exp\u00e9dition, veuillez donc indiquer un nombre <strong>divisible par 100<\/strong>.<\/p>\n<p><strong>Processus de commande<\/strong><br \/>\nChoisissez d&#8217;abord une cat\u00e9gorie de prix en fonction du nombre total de ressorts n\u00e9cessaires pour ce type de trampoline.<br \/>\nSaisissez ensuite la quantit\u00e9 exacte de ressorts dont vous avez besoin.<br \/>\nLe nombre de ressorts saisi doit se situer dans la fourchette de la cat\u00e9gorie de prix choisie.<\/p>\n","protected":false},"featured_media":14729,"comment_status":"open","ping_status":"closed","template":"","meta":{"_acf_changed":false},"product_brand":[],"product_cat":[195,287],"product_tag":[],"class_list":{"0":"post-14903","1":"product","2":"type-product","3":"status-publish","4":"has-post-thumbnail","6":"product_cat-parc-de-trampolines-et-installations-de-trampolines","7":"product_cat-ressorts-de-trampoline","9":"first","10":"instock","11":"taxable","12":"shipping-taxable","13":"purchasable","14":"product-type-variable"},"acf":[],"_links":{"self":[{"href":"https:\/\/freizeit-technik.de\/fr\/wp-json\/wp\/v2\/product\/14903","targetHints":{"allow":["GET"]}}],"collection":[{"href":"https:\/\/freizeit-technik.de\/fr\/wp-json\/wp\/v2\/product"}],"about":[{"href":"https:\/\/freizeit-technik.de\/fr\/wp-json\/wp\/v2\/types\/product"}],"replies":[{"embeddable":true,"href":"https:\/\/freizeit-technik.de\/fr\/wp-json\/wp\/v2\/comments?post=14903"}],"wp:featuredmedia":[{"embeddable":true,"href":"https:\/\/freizeit-technik.de\/fr\/wp-json\/wp\/v2\/media\/14729"}],"wp:attachment":[{"href":"https:\/\/freizeit-technik.de\/fr\/wp-json\/wp\/v2\/media?parent=14903"}],"wp:term":[{"taxonomy":"product_brand","embeddable":true,"href":"https:\/\/freizeit-technik.de\/fr\/wp-json\/wp\/v2\/product_brand?post=14903"},{"taxonomy":"product_cat","embeddable":true,"href":"https:\/\/freizeit-technik.de\/fr\/wp-json\/wp\/v2\/product_cat?post=14903"},{"taxonomy":"product_tag","embeddable":true,"href":"https:\/\/freizeit-technik.de\/fr\/wp-json\/wp\/v2\/product_tag?post=14903"}],"curies":[{"name":"wp","href":"https:\/\/api.w.org\/{rel}","templated":true}]}}