{"id":15846,"date":"2026-03-15T07:36:11","date_gmt":"2026-03-15T06:36:11","guid":{"rendered":"https:\/\/freizeit-technik.de\/shop\/ressort-de-parc-de-trampolines-n-6-140-mm-oe-36-mm\/"},"modified":"2026-05-05T11:27:11","modified_gmt":"2026-05-05T09:27:11","slug":"ressort-de-parc-de-trampolines-n-6-140-mm-oe-36-mm","status":"publish","type":"product","link":"https:\/\/freizeit-technik.de\/fr\/shop\/ressort-de-parc-de-trampolines-n-6-140-mm-oe-36-mm\/","title":{"rendered":"Ressort de parc de trampolines n\u00b0 6, 140 mm \u00d8 36 mm"},"content":{"rendered":"<p><strong>Longueur : 140 mm<br \/>\nDiam\u00e8tre : 36 mm<br \/>\nCat\u00e9gorie : Allround<br \/>\nPuissance de lancer : +++<br \/>\nDuret\u00e9 : +++<\/strong><br \/>\n<strong>Poids optimal de l&#8217;utilisateur \u00d8 : 30 &#8211; 90kg<br \/>\n<\/strong>(capacit\u00e9 de charge maximale sup\u00e9rieure)<\/p>\n","protected":false},"excerpt":{"rendered":"<p>Nos ressorts de trampoline n\u00b06 sont parfaitement adapt\u00e9s \u00e0 une utilisation dans les parcs de trampolines.<br \/>\nCourts et de diam\u00e8tre \u00e9lev\u00e9, ils permettent d&#8217;utiliser des coussins de trampoline \u00e9troits. Avec leur diam\u00e8tre \u00e9lev\u00e9 et leur r\u00e9sistance moyenne, ils sont id\u00e9aux pour une utilisation avec les tissus de saut de type 1 et 2. <\/p>\n<p>Une unit\u00e9 d&#8217;exp\u00e9dition contient 100 ressorts.<br \/>\nPour optimiser les co\u00fbts d&#8217;exp\u00e9dition, veuillez donc indiquer un nombre <strong>divisible par 100<\/strong>.<\/p>\n<p><strong>Processus de commande<\/strong><br \/>\nChoisissez d&#8217;abord une cat\u00e9gorie de prix en fonction du nombre total de ressorts n\u00e9cessaires pour ce type de trampoline.<br \/>\nSaisissez ensuite la quantit\u00e9 exacte de ressorts dont vous avez besoin.<br \/>\nLe nombre de ressorts saisi doit se situer dans la fourchette de la cat\u00e9gorie de prix choisie.<\/p>\n","protected":false},"featured_media":15853,"comment_status":"open","ping_status":"closed","template":"","meta":{"_acf_changed":false},"product_brand":[],"product_cat":[287],"product_tag":[],"class_list":{"0":"post-15846","1":"product","2":"type-product","3":"status-publish","4":"has-post-thumbnail","6":"product_cat-ressorts-de-trampoline","8":"first","9":"instock","10":"taxable","11":"shipping-taxable","12":"purchasable","13":"product-type-variable"},"acf":[],"_links":{"self":[{"href":"https:\/\/freizeit-technik.de\/fr\/wp-json\/wp\/v2\/product\/15846","targetHints":{"allow":["GET"]}}],"collection":[{"href":"https:\/\/freizeit-technik.de\/fr\/wp-json\/wp\/v2\/product"}],"about":[{"href":"https:\/\/freizeit-technik.de\/fr\/wp-json\/wp\/v2\/types\/product"}],"replies":[{"embeddable":true,"href":"https:\/\/freizeit-technik.de\/fr\/wp-json\/wp\/v2\/comments?post=15846"}],"wp:featuredmedia":[{"embeddable":true,"href":"https:\/\/freizeit-technik.de\/fr\/wp-json\/wp\/v2\/media\/15853"}],"wp:attachment":[{"href":"https:\/\/freizeit-technik.de\/fr\/wp-json\/wp\/v2\/media?parent=15846"}],"wp:term":[{"taxonomy":"product_brand","embeddable":true,"href":"https:\/\/freizeit-technik.de\/fr\/wp-json\/wp\/v2\/product_brand?post=15846"},{"taxonomy":"product_cat","embeddable":true,"href":"https:\/\/freizeit-technik.de\/fr\/wp-json\/wp\/v2\/product_cat?post=15846"},{"taxonomy":"product_tag","embeddable":true,"href":"https:\/\/freizeit-technik.de\/fr\/wp-json\/wp\/v2\/product_tag?post=15846"}],"curies":[{"name":"wp","href":"https:\/\/api.w.org\/{rel}","templated":true}]}}