{"id":16009,"date":"2026-03-15T08:58:59","date_gmt":"2026-03-15T07:58:59","guid":{"rendered":"https:\/\/freizeit-technik.de\/shop\/ressort-de-trampoline-allround-n-4-215-mm-oe-31-mm\/"},"modified":"2026-05-05T11:27:32","modified_gmt":"2026-05-05T09:27:32","slug":"ressort-de-trampoline-allround-n-4-215-mm-oe-31-mm","status":"publish","type":"product","link":"https:\/\/freizeit-technik.de\/fr\/shop\/ressort-de-trampoline-allround-n-4-215-mm-oe-31-mm\/","title":{"rendered":"Ressort de trampoline &#8220;Allround&#8221; n\u00b0 4, 215 mm \u00d8 31 mm"},"content":{"rendered":"<p><strong>Longueur : 215 mm<br \/>\nDiam\u00e8tre : 31 mm<br \/>\nCat\u00e9gorie : Allround<br \/>\nPuissance de lancer : ++<br \/>\nDuret\u00e9 : ++++<\/strong><br \/>\n<strong>Poids optimal de l&#8217;utilisateur \u00d8 : 30 &#8211; 90kg<br \/>\n<\/strong>(capacit\u00e9 de charge maximale sup\u00e9rieure)<\/p>\n","protected":false},"excerpt":{"rendered":"<p>Nos ressorts de trampoline n\u00b0 4 ont tendance \u00e0 \u00eatre un peu plus durs.<br \/>\nConviennent aux trampolines de diff\u00e9rents fabricants.<br \/>\nIls constituent une bonne alternative, g\u00e9n\u00e9ralement plus robuste, aux ressorts d&#8217;origine utilis\u00e9s sur de nombreux trampolines de jardin 12&#8243; et 14&#8243; (par ex. Proline, Jumpfree, Jumpking).<\/p>\n<p>Une unit\u00e9 d&#8217;exp\u00e9dition contient 100 ressorts.<br \/>\nPour optimiser les co\u00fbts d&#8217;exp\u00e9dition, veuillez saisir un nombre <strong>divisible par 100<\/strong>.<\/p>\n<p><strong>Processus de commande<\/strong><br \/>\nS\u00e9lectionnez d&#8217;abord une cat\u00e9gorie de prix en fonction du nombre total de ressorts de trampoline n\u00e9cessaires pour ce type de ressorts.<br \/>\nSaisissez ensuite la quantit\u00e9 exacte de ressorts dont vous avez besoin.<br \/>\nLe nombre de ressorts saisi doit se situer dans la fourchette de la cat\u00e9gorie de prix s\u00e9lectionn\u00e9e.<\/p>\n","protected":false},"featured_media":16014,"comment_status":"open","ping_status":"closed","template":"","meta":{"_acf_changed":false},"product_brand":[],"product_cat":[217,195,287,224],"product_tag":[],"class_list":{"0":"post-16009","1":"product","2":"type-product","3":"status-publish","4":"has-post-thumbnail","6":"product_cat-installations-de-bungeetrampolines","7":"product_cat-parc-de-trampolines-et-installations-de-trampolines","8":"product_cat-ressorts-de-trampoline","9":"product_cat-trampolines-dappoint","11":"first","12":"instock","13":"taxable","14":"shipping-taxable","15":"purchasable","16":"product-type-variable"},"acf":[],"_links":{"self":[{"href":"https:\/\/freizeit-technik.de\/fr\/wp-json\/wp\/v2\/product\/16009","targetHints":{"allow":["GET"]}}],"collection":[{"href":"https:\/\/freizeit-technik.de\/fr\/wp-json\/wp\/v2\/product"}],"about":[{"href":"https:\/\/freizeit-technik.de\/fr\/wp-json\/wp\/v2\/types\/product"}],"replies":[{"embeddable":true,"href":"https:\/\/freizeit-technik.de\/fr\/wp-json\/wp\/v2\/comments?post=16009"}],"wp:featuredmedia":[{"embeddable":true,"href":"https:\/\/freizeit-technik.de\/fr\/wp-json\/wp\/v2\/media\/16014"}],"wp:attachment":[{"href":"https:\/\/freizeit-technik.de\/fr\/wp-json\/wp\/v2\/media?parent=16009"}],"wp:term":[{"taxonomy":"product_brand","embeddable":true,"href":"https:\/\/freizeit-technik.de\/fr\/wp-json\/wp\/v2\/product_brand?post=16009"},{"taxonomy":"product_cat","embeddable":true,"href":"https:\/\/freizeit-technik.de\/fr\/wp-json\/wp\/v2\/product_cat?post=16009"},{"taxonomy":"product_tag","embeddable":true,"href":"https:\/\/freizeit-technik.de\/fr\/wp-json\/wp\/v2\/product_tag?post=16009"}],"curies":[{"name":"wp","href":"https:\/\/api.w.org\/{rel}","templated":true}]}}