{"id":16041,"date":"2026-03-13T21:36:51","date_gmt":"2026-03-13T20:36:51","guid":{"rendered":"https:\/\/freizeit-technik.de\/shop\/ressort-de-trampoline-playground-n-5-1-175-mm-oe-31-mm\/"},"modified":"2026-05-05T11:27:34","modified_gmt":"2026-05-05T09:27:34","slug":"ressort-de-trampoline-playground-n-5-1-175-mm-oe-31-mm","status":"publish","type":"product","link":"https:\/\/freizeit-technik.de\/fr\/shop\/ressort-de-trampoline-playground-n-5-1-175-mm-oe-31-mm\/","title":{"rendered":"Ressort de trampoline &#8220;Playground&#8221; n\u00b0 5.1, 175 mm \u00d8 31 mm"},"content":{"rendered":"<p><strong>Longueur : 175 mm<br \/>\nDiam\u00e8tre : 31 mm<br \/>\nCat\u00e9gorie : Playground<br \/>\nPuissance de lancer : ++<br \/>\nDuret\u00e9 : +<\/strong><br \/>\n<strong>Poids optimal de l&#8217;utilisateur \u00d8 : 20 &#8211; 60kg<br \/>\n<\/strong>(capacit\u00e9 de charge maximale sup\u00e9rieure)<\/p>\n","protected":false},"excerpt":{"rendered":"<p>Ces ressorts de trampoline sont optimis\u00e9s pour un poids d&#8217;utilisateur cible de 20 kg \u00e0 60 kg. Ils fournissent un comportement de lancer plut\u00f4t souple.<br \/>\nOptimis\u00e9 pour une utilisation sur des trampolines principalement utilis\u00e9s par des enfants, par exemple dans des aires de jeux int\u00e9rieures dans des structures d&#8217;escalade.<br \/>\nSe combine bien avec les types de toile de saut 1 et 2. <\/p>\n<p>Convient aux trampolines de diff\u00e9rents fabricants.<\/p>\n<p><span style=\"color: #ff0000;\">Pour un envoi optimis\u00e9 en termes de co\u00fbts, veuillez saisir un nombre <strong>divisible par 120<\/strong>.<\/span><\/p>\n<p><strong>Processus de commande<\/strong><br \/>\nChoisissez d&#8217;abord une cat\u00e9gorie de prix en fonction du nombre total de ressorts n\u00e9cessaires pour ce type de trampoline.<br \/>\nSaisissez ensuite la quantit\u00e9 exacte de ressorts dont vous avez besoin.<br \/>\nLe nombre de ressorts saisi doit se situer dans la fourchette de la cat\u00e9gorie de prix choisie.<\/p>\n","protected":false},"featured_media":16113,"comment_status":"open","ping_status":"closed","template":"","meta":{"_acf_changed":false},"product_brand":[],"product_cat":[195,287],"product_tag":[],"class_list":{"0":"post-16041","1":"product","2":"type-product","3":"status-publish","4":"has-post-thumbnail","6":"product_cat-parc-de-trampolines-et-installations-de-trampolines","7":"product_cat-ressorts-de-trampoline","9":"first","10":"instock","11":"taxable","12":"shipping-taxable","13":"purchasable","14":"product-type-variable"},"acf":[],"_links":{"self":[{"href":"https:\/\/freizeit-technik.de\/fr\/wp-json\/wp\/v2\/product\/16041","targetHints":{"allow":["GET"]}}],"collection":[{"href":"https:\/\/freizeit-technik.de\/fr\/wp-json\/wp\/v2\/product"}],"about":[{"href":"https:\/\/freizeit-technik.de\/fr\/wp-json\/wp\/v2\/types\/product"}],"replies":[{"embeddable":true,"href":"https:\/\/freizeit-technik.de\/fr\/wp-json\/wp\/v2\/comments?post=16041"}],"wp:featuredmedia":[{"embeddable":true,"href":"https:\/\/freizeit-technik.de\/fr\/wp-json\/wp\/v2\/media\/16113"}],"wp:attachment":[{"href":"https:\/\/freizeit-technik.de\/fr\/wp-json\/wp\/v2\/media?parent=16041"}],"wp:term":[{"taxonomy":"product_brand","embeddable":true,"href":"https:\/\/freizeit-technik.de\/fr\/wp-json\/wp\/v2\/product_brand?post=16041"},{"taxonomy":"product_cat","embeddable":true,"href":"https:\/\/freizeit-technik.de\/fr\/wp-json\/wp\/v2\/product_cat?post=16041"},{"taxonomy":"product_tag","embeddable":true,"href":"https:\/\/freizeit-technik.de\/fr\/wp-json\/wp\/v2\/product_tag?post=16041"}],"curies":[{"name":"wp","href":"https:\/\/api.w.org\/{rel}","templated":true}]}}