{"id":16247,"date":"2026-03-14T10:02:05","date_gmt":"2026-03-14T09:02:05","guid":{"rendered":"https:\/\/freizeit-technik.de\/shop\/offre-speciale-nouveaux-clients-pour-les-exploitants-de-parcs-de-trampolines-un-echantillon-de-toile-de-saut-a-un-prix-dessai\/"},"modified":"2026-05-05T11:27:45","modified_gmt":"2026-05-05T09:27:45","slug":"offre-speciale-nouveaux-clients-pour-les-exploitants-de-parcs-de-trampolines-un-echantillon-de-toile-de-saut-a-un-prix-dessai","status":"publish","type":"product","link":"https:\/\/freizeit-technik.de\/fr\/shop\/offre-speciale-nouveaux-clients-pour-les-exploitants-de-parcs-de-trampolines-un-echantillon-de-toile-de-saut-a-un-prix-dessai\/","title":{"rendered":"Offre sp\u00e9ciale nouveaux clients pour les exploitants de parcs de trampolines : un \u00e9chantillon de toile de saut \u00e0 un prix d&#8217;essai !"},"content":{"rendered":"<p><b>Toile de saut en PP ou PVC incluse :<br \/>\nTablier de s\u00e9curit\u00e9<br \/>\nCadre de bande tiss\u00e9e de couleur<br \/>\nFilet de protection redondant suppl\u00e9mentaire<\/b><\/p>\n<p><img loading=\"lazy\" decoding=\"async\" class=\"size-full wp-image-682 alignleft\" src=\"https:\/\/freizeit-technik.de\/wp-content\/uploads\/2017\/03\/Q_deutschland-1.gif\" alt=\"\" width=\"64\" height=\"64\"><\/p>\n","protected":false},"excerpt":{"rendered":"<p>Constatez par vous-m\u00eame la qualit\u00e9 de nos produits en recevant un \u00e9chantillon de toile de saut sur mesure.<br \/>\nLivr\u00e9 complet avec un tablier de s\u00e9curit\u00e9, un cadre de bande tiss\u00e9e de couleur et un filet de protection redondant de notre manufacture de toile de saut.<\/p>\n<p><strong>Conditions de participation :<\/strong><\/p>\n<ol>\n<li>Vous exploitez un parc de trampolines avec au moins 40 aires de saut.<\/li>\n<li>Vous n&#8217;\u00eates pas un client existant et vous n&#8217;avez pas encore install\u00e9 de toile de saut de notre production sur votre installation. Vous ne connaissez donc pas encore nos produits. <\/li>\n<\/ol>\n<p><strong>D\u00e9roulement :<\/strong><\/p>\n<ol>\n<li>Renseignez-vous sur les diff\u00e9rentes caract\u00e9ristiques de nos types de toile de saut dans notre boutique en ligne et choisissez la qualit\u00e9 et la couleur qui vous conviennent.<\/li>\n<li>S\u00e9lectionnez ici dans cet article en promotion une couleur de cadre de bande tiss\u00e9e.<\/li>\n<li>S\u00e9lectionnez la quantit\u00e9 &#8220;1&#8221;, ajoutez-la au panier avec d&#8217;autres articles si n\u00e9cessaire et envoyez la commande. La promotion est limit\u00e9e \u00e0 1 toile de saut. <\/li>\n<li>Nous vous contactons avec des questions pour clarifier les dimensions. Vous nous envoyez 2 photos de votre installation de trampoline : une vue d&#8217;ensemble sur laquelle on peut voir toutes les toiles de saut et une photo d\u00e9taill\u00e9e d&#8217;une aire de saut. <\/li>\n<li>Vous recevrez votre toile de saut personnalis\u00e9e.<\/li>\n<\/ol>\n<p>Vous recevez sans engagement une toile de saut d&#8217;une taille maximale de 5m\u00b2 (par exemple 220 x 220cm) en tissu de type 1 ou de type 2 au prix sp\u00e9cial unique de seulement<\/p>\n<h4><span style=\"color: #333333;\">175 euros net, TVA et frais de port en sus <\/span><\/h4>\n<p>&nbsp;<\/p>\n<p><strong>Lors de votre choix de couleur, n&#8217;oubliez pas que, conform\u00e9ment \u00e0 la norme DIN EN ISO 23659, il doit toujours y avoir une diff\u00e9rence de couleur clairement visible entre le coussin du trampoline et la toile du trampoline. <\/strong><\/p>\n","protected":false},"featured_media":16250,"comment_status":"open","ping_status":"closed","template":"","meta":{"_acf_changed":false},"product_brand":[],"product_cat":[196],"product_tag":[],"class_list":{"0":"post-16247","1":"product","2":"type-product","3":"status-publish","4":"has-post-thumbnail","6":"product_cat-toile-de-saut-pour-trampoline","8":"first","9":"instock","10":"taxable","11":"shipping-taxable","12":"purchasable","13":"product-type-variable"},"acf":[],"_links":{"self":[{"href":"https:\/\/freizeit-technik.de\/fr\/wp-json\/wp\/v2\/product\/16247","targetHints":{"allow":["GET"]}}],"collection":[{"href":"https:\/\/freizeit-technik.de\/fr\/wp-json\/wp\/v2\/product"}],"about":[{"href":"https:\/\/freizeit-technik.de\/fr\/wp-json\/wp\/v2\/types\/product"}],"replies":[{"embeddable":true,"href":"https:\/\/freizeit-technik.de\/fr\/wp-json\/wp\/v2\/comments?post=16247"}],"wp:featuredmedia":[{"embeddable":true,"href":"https:\/\/freizeit-technik.de\/fr\/wp-json\/wp\/v2\/media\/16250"}],"wp:attachment":[{"href":"https:\/\/freizeit-technik.de\/fr\/wp-json\/wp\/v2\/media?parent=16247"}],"wp:term":[{"taxonomy":"product_brand","embeddable":true,"href":"https:\/\/freizeit-technik.de\/fr\/wp-json\/wp\/v2\/product_brand?post=16247"},{"taxonomy":"product_cat","embeddable":true,"href":"https:\/\/freizeit-technik.de\/fr\/wp-json\/wp\/v2\/product_cat?post=16247"},{"taxonomy":"product_tag","embeddable":true,"href":"https:\/\/freizeit-technik.de\/fr\/wp-json\/wp\/v2\/product_tag?post=16247"}],"curies":[{"name":"wp","href":"https:\/\/api.w.org\/{rel}","templated":true}]}}