{"id":16361,"date":"2025-12-26T18:40:43","date_gmt":"2025-12-26T17:40:43","guid":{"rendered":"https:\/\/freizeit-technik.de\/shop\/clips-de-barre-pour-cadre-en-acier-systeme-jump-sports\/"},"modified":"2026-05-05T19:34:41","modified_gmt":"2026-05-05T17:34:41","slug":"clips-de-barre-pour-cadre-en-acier-systeme-jump-sports","status":"publish","type":"product","link":"https:\/\/freizeit-technik.de\/fr\/shop\/clips-de-barre-pour-cadre-en-acier-systeme-jump-sports\/","title":{"rendered":"Clips de barre pour cadre en acier Syst\u00e8me Jump-Sports"},"content":{"rendered":"<p><b>Convient aux supports de ressorts du syst\u00e8me de parc de trampolines Jump-Sports.<\/b><\/p>\n","protected":false},"excerpt":{"rendered":"<p>Les clips de tige agissent comme des entretoises pour maintenir les ressorts \u00e0 distance d&#8217;autres parties de la structure m\u00e9tallique. Dans de rares cas, ils sont \u00e9galement utilis\u00e9s comme coussinets embo\u00eetables. <\/p>\n","protected":false},"featured_media":14504,"comment_status":"open","ping_status":"closed","template":"","meta":{"_acf_changed":false},"product_brand":[],"product_cat":[218,195,287],"product_tag":[],"class_list":{"0":"post-16361","1":"product","2":"type-product","3":"status-publish","4":"has-post-thumbnail","6":"product_cat-autres","7":"product_cat-parc-de-trampolines-et-installations-de-trampolines","8":"product_cat-ressorts-de-trampoline","10":"first","11":"instock","12":"taxable","13":"shipping-taxable","14":"purchasable","15":"product-type-simple"},"acf":[],"_links":{"self":[{"href":"https:\/\/freizeit-technik.de\/fr\/wp-json\/wp\/v2\/product\/16361","targetHints":{"allow":["GET"]}}],"collection":[{"href":"https:\/\/freizeit-technik.de\/fr\/wp-json\/wp\/v2\/product"}],"about":[{"href":"https:\/\/freizeit-technik.de\/fr\/wp-json\/wp\/v2\/types\/product"}],"replies":[{"embeddable":true,"href":"https:\/\/freizeit-technik.de\/fr\/wp-json\/wp\/v2\/comments?post=16361"}],"wp:featuredmedia":[{"embeddable":true,"href":"https:\/\/freizeit-technik.de\/fr\/wp-json\/wp\/v2\/media\/14504"}],"wp:attachment":[{"href":"https:\/\/freizeit-technik.de\/fr\/wp-json\/wp\/v2\/media?parent=16361"}],"wp:term":[{"taxonomy":"product_brand","embeddable":true,"href":"https:\/\/freizeit-technik.de\/fr\/wp-json\/wp\/v2\/product_brand?post=16361"},{"taxonomy":"product_cat","embeddable":true,"href":"https:\/\/freizeit-technik.de\/fr\/wp-json\/wp\/v2\/product_cat?post=16361"},{"taxonomy":"product_tag","embeddable":true,"href":"https:\/\/freizeit-technik.de\/fr\/wp-json\/wp\/v2\/product_tag?post=16361"}],"curies":[{"name":"wp","href":"https:\/\/api.w.org\/{rel}","templated":true}]}}