{"id":16404,"date":"2026-02-27T13:18:33","date_gmt":"2026-02-27T12:18:33","guid":{"rendered":"https:\/\/freizeit-technik.de\/shop\/ressort-de-parc-de-trampolines-n-5c-175-mm-oe-33-mm-avec-clips\/"},"modified":"2026-05-05T19:35:00","modified_gmt":"2026-05-05T17:35:00","slug":"ressort-de-parc-de-trampolines-n-5c-175-mm-oe-33-mm-avec-clips","status":"publish","type":"product","link":"https:\/\/freizeit-technik.de\/fr\/shop\/ressort-de-parc-de-trampolines-n-5c-175-mm-oe-33-mm-avec-clips\/","title":{"rendered":"Ressort de parc de trampolines n\u00b0 5c, 175 mm \u00d8 33 mm avec clips"},"content":{"rendered":"<p><strong>Longueur : 175 mm<br \/>\nDiam\u00e8tre : 33 mm<br \/>\nCat\u00e9gorie : Allround<br \/>\nPuissance de lancer : +++<br \/>\nDuret\u00e9 : +++<\/strong><br \/>\n<strong>Poids optimal de l&#8217;utilisateur \u00d8 : 30 &#8211; 90kg<br \/>\n<\/strong>(capacit\u00e9 de charge maximale sup\u00e9rieure)<\/p>\n<p>&nbsp;<\/p>\n","protected":false},"excerpt":{"rendered":"<p>Nos ressorts de trampoline n\u00b0 5c sont parfaitement adapt\u00e9s \u00e0 une utilisation dans les parcs de trampolines.<br \/>\nCourts et de diam\u00e8tre \u00e9lev\u00e9, ils permettent d&#8217;utiliser des coussins de trampoline \u00e9troits. Avec un diam\u00e8tre \u00e9lev\u00e9 et une r\u00e9sistance moyenne, ils sont parfaits pour une utilisation avec les tissus de saut de type 1 et 2. <\/p>\n<p>Une unit\u00e9 d&#8217;exp\u00e9dition contient 100 ressorts.<br \/>\nPour optimiser les co\u00fbts d&#8217;exp\u00e9dition, veuillez donc indiquer un nombre <strong>divisible par 100<\/strong>.<\/p>\n<p><strong>Processus de commande<\/strong><br \/>\nChoisissez d&#8217;abord une cat\u00e9gorie de prix en fonction du nombre total de ressorts n\u00e9cessaires pour ce type de trampoline.<br \/>\nSaisissez ensuite la quantit\u00e9 exacte de ressorts dont vous avez besoin.<br \/>\nLe nombre de ressorts saisi doit se situer dans la fourchette de la cat\u00e9gorie de prix choisie.<\/p>\n","protected":false},"featured_media":16408,"comment_status":"open","ping_status":"closed","template":"","meta":{"_acf_changed":false},"product_brand":[],"product_cat":[195,287],"product_tag":[],"class_list":{"0":"post-16404","1":"product","2":"type-product","3":"status-publish","4":"has-post-thumbnail","6":"product_cat-parc-de-trampolines-et-installations-de-trampolines","7":"product_cat-ressorts-de-trampoline","9":"first","10":"instock","11":"taxable","12":"shipping-taxable","13":"purchasable","14":"product-type-variable"},"acf":[],"_links":{"self":[{"href":"https:\/\/freizeit-technik.de\/fr\/wp-json\/wp\/v2\/product\/16404","targetHints":{"allow":["GET"]}}],"collection":[{"href":"https:\/\/freizeit-technik.de\/fr\/wp-json\/wp\/v2\/product"}],"about":[{"href":"https:\/\/freizeit-technik.de\/fr\/wp-json\/wp\/v2\/types\/product"}],"replies":[{"embeddable":true,"href":"https:\/\/freizeit-technik.de\/fr\/wp-json\/wp\/v2\/comments?post=16404"}],"wp:featuredmedia":[{"embeddable":true,"href":"https:\/\/freizeit-technik.de\/fr\/wp-json\/wp\/v2\/media\/16408"}],"wp:attachment":[{"href":"https:\/\/freizeit-technik.de\/fr\/wp-json\/wp\/v2\/media?parent=16404"}],"wp:term":[{"taxonomy":"product_brand","embeddable":true,"href":"https:\/\/freizeit-technik.de\/fr\/wp-json\/wp\/v2\/product_brand?post=16404"},{"taxonomy":"product_cat","embeddable":true,"href":"https:\/\/freizeit-technik.de\/fr\/wp-json\/wp\/v2\/product_cat?post=16404"},{"taxonomy":"product_tag","embeddable":true,"href":"https:\/\/freizeit-technik.de\/fr\/wp-json\/wp\/v2\/product_tag?post=16404"}],"curies":[{"name":"wp","href":"https:\/\/api.w.org\/{rel}","templated":true}]}}