{"id":16473,"date":"2026-02-08T19:14:50","date_gmt":"2026-02-08T18:14:50","guid":{"rendered":"https:\/\/freizeit-technik.de\/shop\/offre-speciale-coussin-de-cadre-pour-un-trampoline-rond-proline-8-diametre-exterieur-245cm-en-couleur-verte-code-de-larticle-pr8-1\/"},"modified":"2026-05-05T19:35:44","modified_gmt":"2026-05-05T17:35:44","slug":"offre-speciale-coussin-de-cadre-pour-un-trampoline-rond-proline-8-diametre-exterieur-245cm-en-couleur-verte-code-de-larticle-pr8-1","status":"publish","type":"product","link":"https:\/\/freizeit-technik.de\/fr\/shop\/offre-speciale-coussin-de-cadre-pour-un-trampoline-rond-proline-8-diametre-exterieur-245cm-en-couleur-verte-code-de-larticle-pr8-1\/","title":{"rendered":"Offre sp\u00e9ciale : coussin de cadre pour un trampoline rond Proline 8&#8243;, diam\u00e8tre ext\u00e9rieur 245cm en couleur verte. Code de l&#8217;article : PR8-1"},"content":{"rendered":"<p>Le coussin de cadre est neuf et n&#8217;a pas \u00e9t\u00e9 utilis\u00e9. Cependant, le coussin a \u00e9t\u00e9 pli\u00e9 en production avant le s\u00e9chage de l&#8217;\u00e9tiquette d&#8217;avertissement, de sorte qu&#8217;une l\u00e9g\u00e8re erreur d&#8217;impression est visible \u00e0 un endroit.<br \/>\nVoir la photo. <\/p>\n","protected":false},"excerpt":{"rendered":"<p>inutilis\u00e9, \u00e9tiquette d&#8217;avertissement de d\u00e9faut d&#8217;impression.<\/p>\n","protected":false},"featured_media":16475,"comment_status":"open","ping_status":"closed","template":"","meta":{"_acf_changed":false},"product_brand":[],"product_cat":[217,224],"product_tag":[],"class_list":{"0":"post-16473","1":"product","2":"type-product","3":"status-publish","4":"has-post-thumbnail","6":"product_cat-installations-de-bungeetrampolines","7":"product_cat-trampolines-dappoint","9":"first","10":"instock","11":"taxable","12":"shipping-taxable","13":"purchasable","14":"product-type-simple"},"acf":[],"_links":{"self":[{"href":"https:\/\/freizeit-technik.de\/fr\/wp-json\/wp\/v2\/product\/16473","targetHints":{"allow":["GET"]}}],"collection":[{"href":"https:\/\/freizeit-technik.de\/fr\/wp-json\/wp\/v2\/product"}],"about":[{"href":"https:\/\/freizeit-technik.de\/fr\/wp-json\/wp\/v2\/types\/product"}],"replies":[{"embeddable":true,"href":"https:\/\/freizeit-technik.de\/fr\/wp-json\/wp\/v2\/comments?post=16473"}],"wp:featuredmedia":[{"embeddable":true,"href":"https:\/\/freizeit-technik.de\/fr\/wp-json\/wp\/v2\/media\/16475"}],"wp:attachment":[{"href":"https:\/\/freizeit-technik.de\/fr\/wp-json\/wp\/v2\/media?parent=16473"}],"wp:term":[{"taxonomy":"product_brand","embeddable":true,"href":"https:\/\/freizeit-technik.de\/fr\/wp-json\/wp\/v2\/product_brand?post=16473"},{"taxonomy":"product_cat","embeddable":true,"href":"https:\/\/freizeit-technik.de\/fr\/wp-json\/wp\/v2\/product_cat?post=16473"},{"taxonomy":"product_tag","embeddable":true,"href":"https:\/\/freizeit-technik.de\/fr\/wp-json\/wp\/v2\/product_tag?post=16473"}],"curies":[{"name":"wp","href":"https:\/\/api.w.org\/{rel}","templated":true}]}}