{"id":16504,"date":"2026-02-04T19:38:45","date_gmt":"2026-02-04T18:38:45","guid":{"rendered":"https:\/\/freizeit-technik.de\/shop\/offre-speciale-coussin-de-cadre-pour-un-trampoline-rond-proline-12-diametre-exterieur-365cm-en-couleur-verte-code-de-larticle-pr12\/"},"modified":"2026-05-07T11:30:58","modified_gmt":"2026-05-07T09:30:58","slug":"offre-speciale-coussin-de-cadre-pour-un-trampoline-rond-proline-12-diametre-exterieur-365cm-en-couleur-verte-code-de-larticle-pr12","status":"publish","type":"product","link":"https:\/\/freizeit-technik.de\/fr\/shop\/offre-speciale-coussin-de-cadre-pour-un-trampoline-rond-proline-12-diametre-exterieur-365cm-en-couleur-verte-code-de-larticle-pr12\/","title":{"rendered":"Offre sp\u00e9ciale : coussin de cadre pour un trampoline rond Proline 12&#8243;, diam\u00e8tre ext\u00e9rieur 365cm en couleur verte. Code de l&#8217;article : PR12"},"content":{"rendered":"<p>Pi\u00e8ce unique, \u00e9tat neuf.<\/p>\n","protected":false},"excerpt":{"rendered":"<p>Pi\u00e8ce unique, \u00e9tat neuf.<\/p>\n","protected":false},"featured_media":16438,"comment_status":"open","ping_status":"closed","template":"","meta":{"_acf_changed":false},"product_brand":[],"product_cat":[217,224],"product_tag":[],"class_list":{"0":"post-16504","1":"product","2":"type-product","3":"status-publish","4":"has-post-thumbnail","6":"product_cat-installations-de-bungeetrampolines","7":"product_cat-trampolines-dappoint","9":"first","10":"instock","11":"taxable","12":"shipping-taxable","13":"purchasable","14":"product-type-simple"},"acf":[],"_links":{"self":[{"href":"https:\/\/freizeit-technik.de\/fr\/wp-json\/wp\/v2\/product\/16504","targetHints":{"allow":["GET"]}}],"collection":[{"href":"https:\/\/freizeit-technik.de\/fr\/wp-json\/wp\/v2\/product"}],"about":[{"href":"https:\/\/freizeit-technik.de\/fr\/wp-json\/wp\/v2\/types\/product"}],"replies":[{"embeddable":true,"href":"https:\/\/freizeit-technik.de\/fr\/wp-json\/wp\/v2\/comments?post=16504"}],"wp:featuredmedia":[{"embeddable":true,"href":"https:\/\/freizeit-technik.de\/fr\/wp-json\/wp\/v2\/media\/16438"}],"wp:attachment":[{"href":"https:\/\/freizeit-technik.de\/fr\/wp-json\/wp\/v2\/media?parent=16504"}],"wp:term":[{"taxonomy":"product_brand","embeddable":true,"href":"https:\/\/freizeit-technik.de\/fr\/wp-json\/wp\/v2\/product_brand?post=16504"},{"taxonomy":"product_cat","embeddable":true,"href":"https:\/\/freizeit-technik.de\/fr\/wp-json\/wp\/v2\/product_cat?post=16504"},{"taxonomy":"product_tag","embeddable":true,"href":"https:\/\/freizeit-technik.de\/fr\/wp-json\/wp\/v2\/product_tag?post=16504"}],"curies":[{"name":"wp","href":"https:\/\/api.w.org\/{rel}","templated":true}]}}