{"id":16507,"date":"2026-02-03T19:53:53","date_gmt":"2026-02-03T18:53:53","guid":{"rendered":"https:\/\/freizeit-technik.de\/shop\/offre-speciale-4-x-coussins-de-cadre-pour-un-trampoline-rond-proline-12-diametre-exterieur-365cm-en-couleur-verte-code-de-larticle-pr12-4\/"},"modified":"2026-05-07T11:31:04","modified_gmt":"2026-05-07T09:31:04","slug":"offre-speciale-4-x-coussins-de-cadre-pour-un-trampoline-rond-proline-12-diametre-exterieur-365cm-en-couleur-verte-code-de-larticle-pr12-4","status":"publish","type":"product","link":"https:\/\/freizeit-technik.de\/fr\/shop\/offre-speciale-4-x-coussins-de-cadre-pour-un-trampoline-rond-proline-12-diametre-exterieur-365cm-en-couleur-verte-code-de-larticle-pr12-4\/","title":{"rendered":"Offre sp\u00e9ciale : 4 x coussins de cadre pour un trampoline rond Proline 12&#8243;, diam\u00e8tre ext\u00e9rieur 365cm en couleur verte. Code de l&#8217;article : PR12-4"},"content":{"rendered":"<p>4 x coussins de cadre Proline 12&#8243;, 365cm. Comme \u00e0 l&#8217;\u00e9tat neuf. Conviennent \u00e9galement aux trampolines Jumpfree Exclusive 12&#8243;, Jumpfree Royal 12&#8243; et Jumpking Airborne 12&#8243;.  <\/p>\n<p>Comme neuf &#8211; simplement sorti de son emballage d&#8217;origine et reconditionn\u00e9.<\/p>\n","protected":false},"excerpt":{"rendered":"<p>4 x coussins de cadre Proline 12&#8243;, 365cm. Comme \u00e0 l&#8217;\u00e9tat neuf. Conviennent \u00e9galement aux trampolines Jumpfree Exclusive 12&#8243;, Jumpfree Royal 12&#8243; et Jumpking Airborne 12&#8243;. Comme neuf &#8211; simplement sorti de son emballage d&#8217;origine et reconditionn\u00e9.<\/p>\n","protected":false},"featured_media":16511,"comment_status":"open","ping_status":"closed","template":"","meta":{"_acf_changed":false},"product_brand":[],"product_cat":[217,224],"product_tag":[],"class_list":{"0":"post-16507","1":"product","2":"type-product","3":"status-publish","4":"has-post-thumbnail","6":"product_cat-installations-de-bungeetrampolines","7":"product_cat-trampolines-dappoint","9":"first","10":"instock","11":"taxable","12":"shipping-taxable","13":"purchasable","14":"product-type-simple"},"acf":[],"_links":{"self":[{"href":"https:\/\/freizeit-technik.de\/fr\/wp-json\/wp\/v2\/product\/16507","targetHints":{"allow":["GET"]}}],"collection":[{"href":"https:\/\/freizeit-technik.de\/fr\/wp-json\/wp\/v2\/product"}],"about":[{"href":"https:\/\/freizeit-technik.de\/fr\/wp-json\/wp\/v2\/types\/product"}],"replies":[{"embeddable":true,"href":"https:\/\/freizeit-technik.de\/fr\/wp-json\/wp\/v2\/comments?post=16507"}],"wp:featuredmedia":[{"embeddable":true,"href":"https:\/\/freizeit-technik.de\/fr\/wp-json\/wp\/v2\/media\/16511"}],"wp:attachment":[{"href":"https:\/\/freizeit-technik.de\/fr\/wp-json\/wp\/v2\/media?parent=16507"}],"wp:term":[{"taxonomy":"product_brand","embeddable":true,"href":"https:\/\/freizeit-technik.de\/fr\/wp-json\/wp\/v2\/product_brand?post=16507"},{"taxonomy":"product_cat","embeddable":true,"href":"https:\/\/freizeit-technik.de\/fr\/wp-json\/wp\/v2\/product_cat?post=16507"},{"taxonomy":"product_tag","embeddable":true,"href":"https:\/\/freizeit-technik.de\/fr\/wp-json\/wp\/v2\/product_tag?post=16507"}],"curies":[{"name":"wp","href":"https:\/\/api.w.org\/{rel}","templated":true}]}}