{"id":16539,"date":"2026-01-30T21:49:42","date_gmt":"2026-01-30T20:49:42","guid":{"rendered":"https:\/\/freizeit-technik.de\/shop\/offre-speciale-toile-de-saut-de-production-americaine-pour-14-jumpfree-jumpking-avec-104-ressorts-code-de-larticle-jf14_104-2\/"},"modified":"2026-05-07T11:31:22","modified_gmt":"2026-05-07T09:31:22","slug":"offre-speciale-toile-de-saut-de-production-americaine-pour-14-jumpfree-jumpking-avec-104-ressorts-code-de-larticle-jf14_104-2","status":"publish","type":"product","link":"https:\/\/freizeit-technik.de\/fr\/shop\/offre-speciale-toile-de-saut-de-production-americaine-pour-14-jumpfree-jumpking-avec-104-ressorts-code-de-larticle-jf14_104-2\/","title":{"rendered":"Offre sp\u00e9ciale : toile de saut de production am\u00e9ricaine pour 14 &#8220;Jumpfree\/Jumpking avec 104 ressorts. Code de l&#8217;article : JF14_104-2"},"content":{"rendered":"<p><span class=\"tx-ttproducts-pi1-wrap2\"><strong>Taille : pour 14&#8243;<br \/>\nPoids : 5 kg<br \/>\nDimensions de rangement : 47 x 40 x 12 cm<\/strong><strong><br \/>\n<\/strong><\/span><\/p>\n<p>&nbsp;<\/p>\n","protected":false},"excerpt":{"rendered":"<p>Toile de saut en PP standard adapt\u00e9e aux trampolines 14&#8243; Jumpfree, Jumpking et \u00e0 tous les autres trampolines 14&#8243; sur lesquels il est pr\u00e9vu d&#8217;installer <strong>104 ressorts<\/strong>.<br \/>\nDe qualit\u00e9 sup\u00e9rieure.<\/p>\n","protected":false},"featured_media":16524,"comment_status":"open","ping_status":"closed","template":"","meta":{"_acf_changed":false},"product_brand":[],"product_cat":[217,224],"product_tag":[],"class_list":{"0":"post-16539","1":"product","2":"type-product","3":"status-publish","4":"has-post-thumbnail","6":"product_cat-installations-de-bungeetrampolines","7":"product_cat-trampolines-dappoint","9":"first","10":"instock","11":"taxable","12":"shipping-taxable","13":"purchasable","14":"product-type-simple"},"acf":[],"_links":{"self":[{"href":"https:\/\/freizeit-technik.de\/fr\/wp-json\/wp\/v2\/product\/16539","targetHints":{"allow":["GET"]}}],"collection":[{"href":"https:\/\/freizeit-technik.de\/fr\/wp-json\/wp\/v2\/product"}],"about":[{"href":"https:\/\/freizeit-technik.de\/fr\/wp-json\/wp\/v2\/types\/product"}],"replies":[{"embeddable":true,"href":"https:\/\/freizeit-technik.de\/fr\/wp-json\/wp\/v2\/comments?post=16539"}],"wp:featuredmedia":[{"embeddable":true,"href":"https:\/\/freizeit-technik.de\/fr\/wp-json\/wp\/v2\/media\/16524"}],"wp:attachment":[{"href":"https:\/\/freizeit-technik.de\/fr\/wp-json\/wp\/v2\/media?parent=16539"}],"wp:term":[{"taxonomy":"product_brand","embeddable":true,"href":"https:\/\/freizeit-technik.de\/fr\/wp-json\/wp\/v2\/product_brand?post=16539"},{"taxonomy":"product_cat","embeddable":true,"href":"https:\/\/freizeit-technik.de\/fr\/wp-json\/wp\/v2\/product_cat?post=16539"},{"taxonomy":"product_tag","embeddable":true,"href":"https:\/\/freizeit-technik.de\/fr\/wp-json\/wp\/v2\/product_tag?post=16539"}],"curies":[{"name":"wp","href":"https:\/\/api.w.org\/{rel}","templated":true}]}}