{"id":16633,"date":"2020-04-24T15:05:30","date_gmt":"2020-04-24T13:05:30","guid":{"rendered":"https:\/\/freizeit-technik.de\/shop\/trampoline-de-jardin-14-jumpfree-royal-430\/"},"modified":"2026-05-11T11:04:47","modified_gmt":"2026-05-11T09:04:47","slug":"trampoline-de-jardin-14-jumpfree-royal-430","status":"publish","type":"product","link":"https:\/\/freizeit-technik.de\/fr\/shop\/trampoline-de-jardin-14-jumpfree-royal-430\/","title":{"rendered":"Trampoline de jardin 14&#8221; Jumpfree Royal (4,30)"},"content":{"rendered":"<p><strong><span class=\"tx-ttproducts-pi1-wrap2\"><img loading=\"lazy\" decoding=\"async\" src=\"http:\/\/shop.freizeit-technik.de\/images\/content\/tuevgs.jpg\" alt=\"\" width=\"70\" height=\"32\" align=\"absMiddle\"><\/span> <\/strong><\/p>\n<p><strong>Diam\u00e8tre : 4,30 m<br \/>\nPoids : 100 kg<br \/>\nMax. Poids de l&#8217;utilisateur : 140 kg<br \/>\n\u00c9paisseur du tube : 2 mm<br \/>\nNombre de ressorts : 104<br \/>\nCouleur du rev\u00eatement du cadre : bleu<br \/>\n\u00c9paisseur du rembourrage : 30 mmCertification : T\u00dcV\/GS<\/strong><br \/>\n<strong> Dimensions d&#8217;emballage : 178 x 55 x 43 cm<br \/>\n<\/strong><\/p>\n<p><img loading=\"lazy\" decoding=\"async\" class=\"size-full wp-image-688 alignleft\" src=\"https:\/\/freizeit-technik.de\/wp-content\/uploads\/2017\/03\/Q_asia-1.gif\" alt=\"\" width=\"64\" height=\"64\"><img loading=\"lazy\" decoding=\"async\" class=\"size-full wp-image-694 alignleft\" src=\"https:\/\/freizeit-technik.de\/wp-content\/uploads\/2017\/03\/premium_line.gif\" alt=\"\" width=\"119\" height=\"64\"><\/p>\n<p><strong> <\/strong><\/p>\n","protected":false},"excerpt":{"rendered":"<p>Les trampolines de la marque Jumpfree b\u00e9n\u00e9ficient des d\u00e9cennies d&#8217;exp\u00e9rience de leur l\u00e9gendaire pr\u00e9d\u00e9cesseur, Jumpking (\u00c9tats-Unis). Sur nos grandes installations de saut \u00e0 l&#8217;\u00e9lastique \u00e0 usage commercial, nous utilisons exclusivement des trampolines Jumpfree Exclusive ou Royal. Non sans raison !  <\/p>\n<p>En termes de qualit\u00e9, les trampolines de jardin Jumpfree sont la r\u00e9f\u00e9rence \u00e0 laquelle tous les autres fabricants doivent se mesurer.<br \/>\n<strong><u>Remarque importante :<br \/>\n<\/u><\/strong>Les trampolines de jardin Jumpfree Royal et Proline ainsi que les accessoires doivent \u00eatre class\u00e9s dans la cat\u00e9gorie &#8220;Premium Line&#8221; lorsqu&#8217;ils sont utilis\u00e9s sur des trampolines bungee. La qualit\u00e9 des produits est \u00e9lev\u00e9e. Cependant, ces produits ne sont adapt\u00e9s qu&#8217;\u00e0 une utilisation commerciale en combinaison avec le syst\u00e8me de saut \u00e0 l&#8217;\u00e9lastique et ne remplacent en aucun cas une installation de trampoline professionnelle (par ex. multitramp). Ces produits ne sont pas con\u00e7us pour une telle utilisation !   <\/p>\n","protected":false},"featured_media":14788,"comment_status":"open","ping_status":"closed","template":"","meta":{"_acf_changed":false},"product_brand":[],"product_cat":[217,224],"product_tag":[],"class_list":{"0":"post-16633","1":"product","2":"type-product","3":"status-publish","4":"has-post-thumbnail","6":"product_cat-installations-de-bungeetrampolines","7":"product_cat-trampolines-dappoint","9":"first","10":"instock","11":"taxable","12":"shipping-taxable","13":"purchasable","14":"product-type-simple"},"acf":[],"_links":{"self":[{"href":"https:\/\/freizeit-technik.de\/fr\/wp-json\/wp\/v2\/product\/16633","targetHints":{"allow":["GET"]}}],"collection":[{"href":"https:\/\/freizeit-technik.de\/fr\/wp-json\/wp\/v2\/product"}],"about":[{"href":"https:\/\/freizeit-technik.de\/fr\/wp-json\/wp\/v2\/types\/product"}],"replies":[{"embeddable":true,"href":"https:\/\/freizeit-technik.de\/fr\/wp-json\/wp\/v2\/comments?post=16633"}],"wp:featuredmedia":[{"embeddable":true,"href":"https:\/\/freizeit-technik.de\/fr\/wp-json\/wp\/v2\/media\/14788"}],"wp:attachment":[{"href":"https:\/\/freizeit-technik.de\/fr\/wp-json\/wp\/v2\/media?parent=16633"}],"wp:term":[{"taxonomy":"product_brand","embeddable":true,"href":"https:\/\/freizeit-technik.de\/fr\/wp-json\/wp\/v2\/product_brand?post=16633"},{"taxonomy":"product_cat","embeddable":true,"href":"https:\/\/freizeit-technik.de\/fr\/wp-json\/wp\/v2\/product_cat?post=16633"},{"taxonomy":"product_tag","embeddable":true,"href":"https:\/\/freizeit-technik.de\/fr\/wp-json\/wp\/v2\/product_tag?post=16633"}],"curies":[{"name":"wp","href":"https:\/\/api.w.org\/{rel}","templated":true}]}}