{"id":16664,"date":"2020-04-20T14:23:22","date_gmt":"2020-04-20T12:23:22","guid":{"rendered":"https:\/\/freizeit-technik.de\/shop\/trampoline-de-jardin-proline-8-245\/"},"modified":"2026-05-11T11:05:04","modified_gmt":"2026-05-11T09:05:04","slug":"trampoline-de-jardin-proline-8-245","status":"publish","type":"product","link":"https:\/\/freizeit-technik.de\/fr\/shop\/trampoline-de-jardin-proline-8-245\/","title":{"rendered":"Trampoline de jardin Proline 8&#8221; (2,45)"},"content":{"rendered":"<p><span class=\"tx-ttproducts-pi1-wrap2\"><strong><img loading=\"lazy\" decoding=\"async\" src=\"http:\/\/shop.freizeit-technik.de\/images\/content\/tuevgs.jpg\" alt=\"\" width=\"70\" height=\"32\" align=\"absMiddle\"><\/strong><\/span><\/p>\n<p>Diam\u00e8tre : 2,45 m<br \/>\nPoids : 50 kg<br \/>\nMax. Poids de l&#8217;utilisateur : 80 kg<br \/>\n\u00c9paisseur du tube : 2 mm<br \/>\nNombre de ressorts : 60<br \/>\nCouleur du rev\u00eatement du cadre : vert<br \/>\n\u00c9paisseur du rembourrage : 25 mm<br \/>\nCertification : T\u00dcV\/GS<br \/>\nDimensions d&#8217;emballage : 133 x 50 x 23 cm <\/p>\n<p><img loading=\"lazy\" decoding=\"async\" class=\"size-full wp-image-688 alignleft\" src=\"https:\/\/freizeit-technik.de\/wp-content\/uploads\/2017\/03\/Q_asia-1.gif\" alt=\"\" width=\"64\" height=\"64\"><img loading=\"lazy\" decoding=\"async\" class=\"size-full wp-image-694 alignleft\" src=\"https:\/\/freizeit-technik.de\/wp-content\/uploads\/2017\/03\/premium_line.gif\" alt=\"\" width=\"119\" height=\"64\"><\/p>\n","protected":false},"excerpt":{"rendered":"<p>La qualit\u00e9 des trampolines de la marque Proline est largement \u00e9quivalente \u00e0 celle des produits Jumpfree de haute qualit\u00e9. La livraison d&#8217;un 4tramp mini comprend donc en standard des trampolines Proline 8&#8243;.<\/p>\n<p class=\"bodytext\"><strong><br \/>\nParticularit\u00e9 :<\/strong> les trampolines de la s\u00e9rie Proline sont dot\u00e9s d&#8217;une couverture de cadre verte extr\u00eamement robuste de 25 mm d&#8217;\u00e9paisseur.<\/p>\n<p><u><strong>Remarque importante :<\/strong><\/u><br \/>\nLes trampolines de jardin Jumpfree Royal et Proline ainsi que les accessoires doivent \u00eatre class\u00e9s dans la cat\u00e9gorie &#8220;Premium Line&#8221; lorsqu&#8217;ils sont utilis\u00e9s sur des trampolines bungee. La qualit\u00e9 des produits est \u00e9lev\u00e9e. Cependant, ces produits ne sont adapt\u00e9s qu&#8217;\u00e0 une utilisation commerciale en combinaison avec le syst\u00e8me de saut \u00e0 l&#8217;\u00e9lastique et ne remplacent en aucun cas une installation de trampoline professionnelle (par ex. multitramp). Ces produits ne sont pas con\u00e7us pour une telle utilisation !   <\/p>\n","protected":false},"featured_media":16667,"comment_status":"open","ping_status":"closed","template":"","meta":{"_acf_changed":false},"product_brand":[],"product_cat":[217,224],"product_tag":[],"class_list":{"0":"post-16664","1":"product","2":"type-product","3":"status-publish","4":"has-post-thumbnail","6":"product_cat-installations-de-bungeetrampolines","7":"product_cat-trampolines-dappoint","9":"first","10":"instock","11":"taxable","12":"shipping-taxable","13":"purchasable","14":"product-type-simple"},"acf":[],"_links":{"self":[{"href":"https:\/\/freizeit-technik.de\/fr\/wp-json\/wp\/v2\/product\/16664","targetHints":{"allow":["GET"]}}],"collection":[{"href":"https:\/\/freizeit-technik.de\/fr\/wp-json\/wp\/v2\/product"}],"about":[{"href":"https:\/\/freizeit-technik.de\/fr\/wp-json\/wp\/v2\/types\/product"}],"replies":[{"embeddable":true,"href":"https:\/\/freizeit-technik.de\/fr\/wp-json\/wp\/v2\/comments?post=16664"}],"wp:featuredmedia":[{"embeddable":true,"href":"https:\/\/freizeit-technik.de\/fr\/wp-json\/wp\/v2\/media\/16667"}],"wp:attachment":[{"href":"https:\/\/freizeit-technik.de\/fr\/wp-json\/wp\/v2\/media?parent=16664"}],"wp:term":[{"taxonomy":"product_brand","embeddable":true,"href":"https:\/\/freizeit-technik.de\/fr\/wp-json\/wp\/v2\/product_brand?post=16664"},{"taxonomy":"product_cat","embeddable":true,"href":"https:\/\/freizeit-technik.de\/fr\/wp-json\/wp\/v2\/product_cat?post=16664"},{"taxonomy":"product_tag","embeddable":true,"href":"https:\/\/freizeit-technik.de\/fr\/wp-json\/wp\/v2\/product_tag?post=16664"}],"curies":[{"name":"wp","href":"https:\/\/api.w.org\/{rel}","templated":true}]}}