{"id":16721,"date":"2020-04-19T15:09:49","date_gmt":"2020-04-19T13:09:49","guid":{"rendered":"https:\/\/freizeit-technik.de\/?post_type=product&#038;p=16721"},"modified":"2026-05-11T11:05:29","modified_gmt":"2026-05-11T09:05:29","slug":"trampoline-a-air-taille-1","status":"publish","type":"product","link":"https:\/\/freizeit-technik.de\/fr\/shop\/trampoline-a-air-taille-1\/","title":{"rendered":"Trampoline \u00e0 air taille 1"},"content":{"rendered":"<p><strong>Dimensions :<br \/>\n132&#8243; x 113&#8243; x 25&#8243;<br \/>\n335,28 x 287,02 x 63,5cm<\/strong><\/p>\n<p><span class=\"tx-ttproducts-pi1-wrap2\"><strong>Poids : 24,50 kg<br \/>\nDimensions de rangement : 52 x 52 x 21 cm<br \/>\nCouleur : jaune<br \/>\nCertification : CE<\/strong><\/span><\/p>\n<p><img loading=\"lazy\" decoding=\"async\" class=\"size-full wp-image-690 alignleft\" src=\"https:\/\/freizeit-technik.de\/wp-content\/uploads\/2017\/03\/empfehlung.gif\" alt=\"\" width=\"198\" height=\"64\"><img loading=\"lazy\" decoding=\"async\" class=\"size-full wp-image-688 alignleft\" src=\"https:\/\/freizeit-technik.de\/wp-content\/uploads\/2017\/03\/Q_asia-1.gif\" alt=\"\" width=\"64\" height=\"64\"><img loading=\"lazy\" decoding=\"async\" class=\"size-full wp-image-694 alignleft\" src=\"https:\/\/freizeit-technik.de\/wp-content\/uploads\/2017\/03\/premium_line.gif\" alt=\"\" width=\"119\" height=\"64\"><img loading=\"lazy\" decoding=\"async\" class=\"size-full wp-image-448 alignleft\" src=\"https:\/\/freizeit-technik.de\/wp-content\/uploads\/2017\/02\/exclusively_JS.gif\" alt=\"\" width=\"119\" height=\"64\"><\/p>\n","protected":false},"excerpt":{"rendered":"<p><span class=\"tx-ttproducts-pi1-wrap2\">Le trampoline \u00e0 air peut \u00eatre gonfl\u00e9 en quelques minutes \u00e0 l&#8217;aide d&#8217;une soufflerie. Il retient ensuite l&#8217;air de mani\u00e8re fiable. La m\u00eame technique est utilis\u00e9e dans les sports nautiques professionnels. Le trampoline \u00e0 air dispose d&#8217;une v\u00e9ritable toile de trampoline.<br \/>\nBien gonfl\u00e9, il fournit un effet de ressort \u00e9tonnant sans limitation de la hauteur de saut lors de l&#8217;utilisation de trampolines \u00e0 l&#8217;\u00e9lastique. La qualit\u00e9 est convaincante et a fait ses preuves depuis plus de 10 ans maintenant. Les petites r\u00e9parations ne posent absolument aucun probl\u00e8me gr\u00e2ce au kit fourni.<br \/>\nEn raison de ses dimensions d&#8217;emballage r\u00e9duites et de son faible poids, c&#8217;est une excellente solution pour les installations de trampolines bungee en utilisation mobile, avec un gain de temps consid\u00e9rable lors du montage et du d\u00e9montage.<\/span><br \/>\nComme les trampolines pneumatiques peuvent \u00eatre d\u00e9gonfl\u00e9s avant et apr\u00e8s chaque jour d&#8217;utilisation, les dommages mat\u00e9riels ne sont pas un probl\u00e8me.<\/p>\n<p><strong>Une recommandation claire de notre part !<\/strong><\/p>\n","protected":false},"featured_media":16722,"comment_status":"open","ping_status":"closed","template":"","meta":{"_acf_changed":false},"product_brand":[],"product_cat":[217,224],"product_tag":[],"class_list":{"0":"post-16721","1":"product","2":"type-product","3":"status-publish","4":"has-post-thumbnail","6":"product_cat-installations-de-bungeetrampolines","7":"product_cat-trampolines-dappoint","9":"first","10":"instock","11":"taxable","12":"shipping-taxable","13":"purchasable","14":"product-type-variable"},"acf":[],"_links":{"self":[{"href":"https:\/\/freizeit-technik.de\/fr\/wp-json\/wp\/v2\/product\/16721","targetHints":{"allow":["GET"]}}],"collection":[{"href":"https:\/\/freizeit-technik.de\/fr\/wp-json\/wp\/v2\/product"}],"about":[{"href":"https:\/\/freizeit-technik.de\/fr\/wp-json\/wp\/v2\/types\/product"}],"replies":[{"embeddable":true,"href":"https:\/\/freizeit-technik.de\/fr\/wp-json\/wp\/v2\/comments?post=16721"}],"wp:featuredmedia":[{"embeddable":true,"href":"https:\/\/freizeit-technik.de\/fr\/wp-json\/wp\/v2\/media\/16722"}],"wp:attachment":[{"href":"https:\/\/freizeit-technik.de\/fr\/wp-json\/wp\/v2\/media?parent=16721"}],"wp:term":[{"taxonomy":"product_brand","embeddable":true,"href":"https:\/\/freizeit-technik.de\/fr\/wp-json\/wp\/v2\/product_brand?post=16721"},{"taxonomy":"product_cat","embeddable":true,"href":"https:\/\/freizeit-technik.de\/fr\/wp-json\/wp\/v2\/product_cat?post=16721"},{"taxonomy":"product_tag","embeddable":true,"href":"https:\/\/freizeit-technik.de\/fr\/wp-json\/wp\/v2\/product_tag?post=16721"}],"curies":[{"name":"wp","href":"https:\/\/api.w.org\/{rel}","templated":true}]}}