{"id":16825,"date":"2017-07-31T15:06:49","date_gmt":"2017-07-31T13:06:49","guid":{"rendered":"https:\/\/freizeit-technik.de\/shop\/type-2-expander-elastiks-10-kg-au-metre\/"},"modified":"2026-05-11T11:15:42","modified_gmt":"2026-05-11T09:15:42","slug":"type-2-expander-elastiks-10-kg-au-metre","status":"publish","type":"product","link":"https:\/\/freizeit-technik.de\/fr\/shop\/type-2-expander-elastiks-10-kg-au-metre\/","title":{"rendered":"Type 2 Expander Elastiks, 10 kg, au m\u00e8tre"},"content":{"rendered":"<p><strong>Pour poids : env. 10 kg <\/strong>(poids du sauteur en cas d&#8217;utilisation des deux c\u00f4t\u00e9s)<strong><br \/>\nCouleur : noir ou noir et jaune<br \/>\nLongueur du rouleau : 100 m<br \/>\nDynamique de saut : +++<br \/>\nDurabilit\u00e9 : ++++<br \/>\nS\u00e9curit\u00e9 : ++++<\/strong><\/p>\n","protected":false},"excerpt":{"rendered":"<p class=\"bodytext\">9mm \u00e9lastique avec double gaine noire ou noire et jaune.<br \/>\nLa double tresse combin\u00e9e \u00e0 un nombre plus \u00e9lev\u00e9 de fils int\u00e9rieurs noirs plus fins permet \u00e0 ces \u00e9lastiques d&#8217;avoir une dur\u00e9e de vie sup\u00e9rieure \u00e0 la moyenne.<br \/>\nLa gaine ext\u00e9rieure est tr\u00e8s l\u00e2che. Elle se d\u00e9place et se gonfle donc assez fortement en cours d&#8217;utilisation. La dur\u00e9e de vie de ces \u00e9lastiques est cependant tr\u00e8s bonne, car la gaine ext\u00e9rieure constitue une couche de protection suppl\u00e9mentaire et les fils de latex int\u00e9rieurs sont toujours prot\u00e9g\u00e9s par la deuxi\u00e8me gaine int\u00e9rieure tr\u00e8s souple. Ces \u00e9lastiques offrent un excellent rapport qualit\u00e9\/prix et constituent un tr\u00e8s bon choix pour les op\u00e9rateurs qui ne recherchent pas en premier lieu une gaine ext\u00e9rieure parfaitement ajust\u00e9e.   <\/p>\n<p class=\"bodytext\"><strong>Veuillez indiquer dans le champ de commande le nombre de m\u00e8tres lin\u00e9aires souhait\u00e9s.<br \/>\nLongueur du rouleau = 100m<\/strong><\/p>\n<p class=\"bodytext\">Si la longueur de l&#8217;\u00e9lastique que vous souhaitez est diff\u00e9rente de la longueur du rouleau indiqu\u00e9e, nous facturons un suppl\u00e9ment de confection de 7,50 euros nets.<\/p>\n","protected":false},"featured_media":16827,"comment_status":"open","ping_status":"closed","template":"","meta":{"_acf_changed":false},"product_brand":[],"product_cat":[348,236,240],"product_tag":[],"class_list":{"0":"post-16825","1":"product","2":"type-product","3":"status-publish","4":"has-post-thumbnail","6":"product_cat-cordes-en-caoutchouc","7":"product_cat-elastiques-et-cordes","8":"product_cat-faire-soi-meme","10":"first","11":"instock","12":"taxable","13":"shipping-taxable","14":"purchasable","15":"product-type-variable"},"acf":[],"_links":{"self":[{"href":"https:\/\/freizeit-technik.de\/fr\/wp-json\/wp\/v2\/product\/16825","targetHints":{"allow":["GET"]}}],"collection":[{"href":"https:\/\/freizeit-technik.de\/fr\/wp-json\/wp\/v2\/product"}],"about":[{"href":"https:\/\/freizeit-technik.de\/fr\/wp-json\/wp\/v2\/types\/product"}],"replies":[{"embeddable":true,"href":"https:\/\/freizeit-technik.de\/fr\/wp-json\/wp\/v2\/comments?post=16825"}],"wp:featuredmedia":[{"embeddable":true,"href":"https:\/\/freizeit-technik.de\/fr\/wp-json\/wp\/v2\/media\/16827"}],"wp:attachment":[{"href":"https:\/\/freizeit-technik.de\/fr\/wp-json\/wp\/v2\/media?parent=16825"}],"wp:term":[{"taxonomy":"product_brand","embeddable":true,"href":"https:\/\/freizeit-technik.de\/fr\/wp-json\/wp\/v2\/product_brand?post=16825"},{"taxonomy":"product_cat","embeddable":true,"href":"https:\/\/freizeit-technik.de\/fr\/wp-json\/wp\/v2\/product_cat?post=16825"},{"taxonomy":"product_tag","embeddable":true,"href":"https:\/\/freizeit-technik.de\/fr\/wp-json\/wp\/v2\/product_tag?post=16825"}],"curies":[{"name":"wp","href":"https:\/\/api.w.org\/{rel}","templated":true}]}}