{"id":16836,"date":"2017-07-31T15:52:30","date_gmt":"2017-07-31T13:52:30","guid":{"rendered":"https:\/\/freizeit-technik.de\/shop\/delta-petzl\/"},"modified":"2026-05-11T11:16:03","modified_gmt":"2026-05-11T09:16:03","slug":"delta-petzl","status":"publish","type":"product","link":"https:\/\/freizeit-technik.de\/fr\/shop\/delta-petzl\/","title":{"rendered":"DELTA &#8220;Petzl"},"content":{"rendered":"<p><span class=\"tx-ttproducts-pi1-wrap2\"><strong>&#8211; Mat\u00e9riau : acier<br \/>\n&#8211; certification(s) : CE EN 362 type Q<\/strong><\/span><\/p>\n<p>Diam\u00e8tre : 8 mm<br \/>\nCouleur : noir<br \/>\nPoids : 95 g<br \/>\nCharge de rupture longitudinale : 25 kN<br \/>\nCharge de rupture transversale : 10 kN<br \/>\nOuverture : 10 mm<\/p>\n<p><strong> <img loading=\"lazy\" decoding=\"async\" class=\"alignnone size-full wp-image-684\" src=\"https:\/\/freizeit-technik.de\/wp-content\/uploads\/2017\/03\/Q_eu-1.gif\" alt=\"\" width=\"64\" height=\"64\"><img loading=\"lazy\" decoding=\"async\" class=\"alignnone size-full wp-image-694\" src=\"https:\/\/freizeit-technik.de\/wp-content\/uploads\/2017\/03\/premium_line.gif\" alt=\"\" width=\"119\" height=\"64\"><\/strong><\/p>\n","protected":false},"excerpt":{"rendered":"<p>Maillon de cha\u00eene \u00e0 vis avec \u00e9trier disponible en version noire.<br \/>\nSe serre \u00e0 l&#8217;aide d&#8217;une cl\u00e9.<\/p>\n<p>Mousqueton de haute qualit\u00e9 Petzl.<\/p>\n","protected":false},"featured_media":16851,"comment_status":"open","ping_status":"closed","template":"","meta":{"_acf_changed":false},"product_brand":[],"product_cat":[232],"product_tag":[],"class_list":{"0":"post-16836","1":"product","2":"type-product","3":"status-publish","4":"has-post-thumbnail","6":"product_cat-mousquetons-co","8":"first","9":"instock","10":"taxable","11":"shipping-taxable","12":"purchasable","13":"product-type-simple"},"acf":[],"_links":{"self":[{"href":"https:\/\/freizeit-technik.de\/fr\/wp-json\/wp\/v2\/product\/16836","targetHints":{"allow":["GET"]}}],"collection":[{"href":"https:\/\/freizeit-technik.de\/fr\/wp-json\/wp\/v2\/product"}],"about":[{"href":"https:\/\/freizeit-technik.de\/fr\/wp-json\/wp\/v2\/types\/product"}],"replies":[{"embeddable":true,"href":"https:\/\/freizeit-technik.de\/fr\/wp-json\/wp\/v2\/comments?post=16836"}],"wp:featuredmedia":[{"embeddable":true,"href":"https:\/\/freizeit-technik.de\/fr\/wp-json\/wp\/v2\/media\/16851"}],"wp:attachment":[{"href":"https:\/\/freizeit-technik.de\/fr\/wp-json\/wp\/v2\/media?parent=16836"}],"wp:term":[{"taxonomy":"product_brand","embeddable":true,"href":"https:\/\/freizeit-technik.de\/fr\/wp-json\/wp\/v2\/product_brand?post=16836"},{"taxonomy":"product_cat","embeddable":true,"href":"https:\/\/freizeit-technik.de\/fr\/wp-json\/wp\/v2\/product_cat?post=16836"},{"taxonomy":"product_tag","embeddable":true,"href":"https:\/\/freizeit-technik.de\/fr\/wp-json\/wp\/v2\/product_tag?post=16836"}],"curies":[{"name":"wp","href":"https:\/\/api.w.org\/{rel}","templated":true}]}}