{"id":16887,"date":"2017-08-03T14:19:03","date_gmt":"2017-08-03T12:19:03","guid":{"rendered":"https:\/\/freizeit-technik.de\/shop\/type-1-expander-elastiks-10-kg-au-metre\/"},"modified":"2026-05-11T11:16:03","modified_gmt":"2026-05-11T09:16:03","slug":"type-1-expander-elastiks-10-kg-au-metre","status":"publish","type":"product","link":"https:\/\/freizeit-technik.de\/fr\/shop\/type-1-expander-elastiks-10-kg-au-metre\/","title":{"rendered":"Type 1 Expander Elastiks, 10 kg, au m\u00e8tre"},"content":{"rendered":"<div id=\"tab_fragment_1\" class=\"ui-tabs-panel ui-widget-content ui-corner-bottom ui-tabs-hide\"><span class=\"tx-ttproducts-pi1-wrap2\"><strong>Pour poids : env. 10 kg (poids du sauteur en cas d&#8217;utilisation des deux c\u00f4t\u00e9s)<br \/>\nCouleur : noir-rouge<br \/>\nLongueur du rouleau : 100 m<br \/>\nDynamique de saut : +++<br \/>\nDurabilit\u00e9 : +++<br \/>\nS\u00e9curit\u00e9 : ++++<\/strong><\/span><\/div>\n","protected":false},"excerpt":{"rendered":"<p>Cordon en caoutchouc de 10 mm avec gaine simple noire et rouge. La tresse sp\u00e9ciale est particuli\u00e8rement souple, ne migre pratiquement pas en cours d&#8217;utilisation et permet de bonnes valeurs d&#8217;allongement gr\u00e2ce \u00e0 un ajustement l\u00e2che. Gr\u00e2ce \u00e0 la gaine simple, ces \u00e9lastiques peuvent \u00eatre propos\u00e9s \u00e0 un prix avantageux.  <\/p>\n<p class=\"bodytext\"><strong>Veuillez indiquer dans le champ de commande le nombre de m\u00e8tres lin\u00e9aires souhait\u00e9s.<br \/>\nLongueur du rouleau = 100m<\/strong><\/p>\n<p class=\"bodytext\">Si la longueur de l&#8217;\u00e9lastique que vous souhaitez est diff\u00e9rente de la longueur du rouleau indiqu\u00e9e, nous facturons un suppl\u00e9ment de confection de 7,50 euros nets.<\/p>\n","protected":false},"featured_media":16891,"comment_status":"open","ping_status":"closed","template":"","meta":{"_acf_changed":false},"product_brand":[],"product_cat":[236,240],"product_tag":[],"class_list":{"0":"post-16887","1":"product","2":"type-product","3":"status-publish","4":"has-post-thumbnail","6":"product_cat-elastiques-et-cordes","7":"product_cat-faire-soi-meme","9":"first","10":"instock","11":"taxable","12":"shipping-taxable","13":"purchasable","14":"product-type-simple"},"acf":[],"_links":{"self":[{"href":"https:\/\/freizeit-technik.de\/fr\/wp-json\/wp\/v2\/product\/16887","targetHints":{"allow":["GET"]}}],"collection":[{"href":"https:\/\/freizeit-technik.de\/fr\/wp-json\/wp\/v2\/product"}],"about":[{"href":"https:\/\/freizeit-technik.de\/fr\/wp-json\/wp\/v2\/types\/product"}],"replies":[{"embeddable":true,"href":"https:\/\/freizeit-technik.de\/fr\/wp-json\/wp\/v2\/comments?post=16887"}],"wp:featuredmedia":[{"embeddable":true,"href":"https:\/\/freizeit-technik.de\/fr\/wp-json\/wp\/v2\/media\/16891"}],"wp:attachment":[{"href":"https:\/\/freizeit-technik.de\/fr\/wp-json\/wp\/v2\/media?parent=16887"}],"wp:term":[{"taxonomy":"product_brand","embeddable":true,"href":"https:\/\/freizeit-technik.de\/fr\/wp-json\/wp\/v2\/product_brand?post=16887"},{"taxonomy":"product_cat","embeddable":true,"href":"https:\/\/freizeit-technik.de\/fr\/wp-json\/wp\/v2\/product_cat?post=16887"},{"taxonomy":"product_tag","embeddable":true,"href":"https:\/\/freizeit-technik.de\/fr\/wp-json\/wp\/v2\/product_tag?post=16887"}],"curies":[{"name":"wp","href":"https:\/\/api.w.org\/{rel}","templated":true}]}}