{"id":16924,"date":"2017-08-01T16:07:15","date_gmt":"2017-08-01T14:07:15","guid":{"rendered":"https:\/\/freizeit-technik.de\/?post_type=product&#038;p=16924"},"modified":"2026-05-11T11:16:18","modified_gmt":"2026-05-11T09:16:18","slug":"poulie-de-renvoi-en-acier-inoxydable","status":"publish","type":"product","link":"https:\/\/freizeit-technik.de\/fr\/shop\/poulie-de-renvoi-en-acier-inoxydable\/","title":{"rendered":"Poulie de renvoi en acier inoxydable"},"content":{"rendered":"<p><span class=\"tx-ttproducts-pi1-wrap2\"><strong>Poids : 0,140 kg<br \/>\n<\/strong><\/span><span class=\"tx-ttproducts-pi1-wrap2\"><strong>Couleur : argent<\/strong><\/span><span class=\"tx-ttproducts-pi1-wrap2\"><strong><br \/>\nForce de traction : 22 kN<br \/>\nCertification : EN 12278<\/strong><\/span><\/p>\n<p><img loading=\"lazy\" decoding=\"async\" class=\"alignnone size-full wp-image-688\" src=\"https:\/\/freizeit-technik.de\/wp-content\/uploads\/2017\/03\/Q_asia-1.gif\" alt=\"\" width=\"64\" height=\"64\"><img loading=\"lazy\" decoding=\"async\" class=\"alignnone size-full wp-image-694\" src=\"https:\/\/freizeit-technik.de\/wp-content\/uploads\/2017\/03\/premium_line.gif\" alt=\"\" width=\"119\" height=\"64\"><\/p>\n","protected":false},"excerpt":{"rendered":"<p><span class=\"tx-ttproducts-pi1-wrap2\">Poulie de renvoi sur roulement \u00e0 billes avec barre de s\u00e9curit\u00e9 en acier inoxydable. Haute r\u00e9sistance des points de suspension en cas de sollicitation particuli\u00e8rement forte. <\/span><\/p>\n","protected":false},"featured_media":16925,"comment_status":"open","ping_status":"closed","template":"","meta":{"_acf_changed":false},"product_brand":[],"product_cat":[232],"product_tag":[],"class_list":{"0":"post-16924","1":"product","2":"type-product","3":"status-publish","4":"has-post-thumbnail","6":"product_cat-mousquetons-co","8":"first","9":"instock","10":"taxable","11":"shipping-taxable","12":"purchasable","13":"product-type-simple"},"acf":[],"_links":{"self":[{"href":"https:\/\/freizeit-technik.de\/fr\/wp-json\/wp\/v2\/product\/16924","targetHints":{"allow":["GET"]}}],"collection":[{"href":"https:\/\/freizeit-technik.de\/fr\/wp-json\/wp\/v2\/product"}],"about":[{"href":"https:\/\/freizeit-technik.de\/fr\/wp-json\/wp\/v2\/types\/product"}],"replies":[{"embeddable":true,"href":"https:\/\/freizeit-technik.de\/fr\/wp-json\/wp\/v2\/comments?post=16924"}],"wp:featuredmedia":[{"embeddable":true,"href":"https:\/\/freizeit-technik.de\/fr\/wp-json\/wp\/v2\/media\/16925"}],"wp:attachment":[{"href":"https:\/\/freizeit-technik.de\/fr\/wp-json\/wp\/v2\/media?parent=16924"}],"wp:term":[{"taxonomy":"product_brand","embeddable":true,"href":"https:\/\/freizeit-technik.de\/fr\/wp-json\/wp\/v2\/product_brand?post=16924"},{"taxonomy":"product_cat","embeddable":true,"href":"https:\/\/freizeit-technik.de\/fr\/wp-json\/wp\/v2\/product_cat?post=16924"},{"taxonomy":"product_tag","embeddable":true,"href":"https:\/\/freizeit-technik.de\/fr\/wp-json\/wp\/v2\/product_tag?post=16924"}],"curies":[{"name":"wp","href":"https:\/\/api.w.org\/{rel}","templated":true}]}}