{"id":16955,"date":"2017-08-15T13:13:33","date_gmt":"2017-08-15T11:13:33","guid":{"rendered":"https:\/\/freizeit-technik.de\/?post_type=product&#038;p=16955"},"modified":"2026-05-11T11:16:32","modified_gmt":"2026-05-11T09:16:32","slug":"panneau-de-commande-tea-he-200-kit-complet-7-fils","status":"publish","type":"product","link":"https:\/\/freizeit-technik.de\/fr\/shop\/panneau-de-commande-tea-he-200-kit-complet-7-fils\/","title":{"rendered":"Panneau de commande TEA HE 200 Kit complet 7 fils"},"content":{"rendered":"","protected":false},"excerpt":{"rendered":"<div id=\"tab_fragment_0\" class=\"ui-tabs-panel ui-widget-content ui-corner-bottom\">\n<div>\n<p>Panneau de commande TEA HE 200 Kit complet.<br \/>\nPour les treuils \u00e0 c\u00e2ble TEA HE 200 qui disposent de 2 \u00e9triers de d\u00e9clenchement et de 2 microcommutateurs.<br \/>\n<strong>Branchez, vissez, c&#8217;est parti !<\/strong><br \/>\nPlus besoin de faire votre propre c\u00e2blage.<\/p>\n<p><strong>Comprend : <\/strong><br \/>\n&#8211; C\u00e2ble d&#8217;alimentation de 15 mm \u00e0 7 conducteurs, longueur 3 m<br \/>\n&#8211; 2 microcommutateurs (n\u00b0 53) avec plaque de fixation (n\u00b0 55)<br \/>\n&#8211; Fiche \u00e9lectrique (n\u00b0 54)<br \/>\n&#8211; Capuchon de protection (n\u00b0 51)<\/p>\n<\/div>\n<\/div>\n","protected":false},"featured_media":16957,"comment_status":"open","ping_status":"closed","template":"","meta":{"_acf_changed":false},"product_brand":[],"product_cat":[217,355],"product_tag":[],"class_list":{"0":"post-16955","1":"product","2":"type-product","3":"status-publish","4":"has-post-thumbnail","6":"product_cat-installations-de-bungeetrampolines","7":"product_cat-treuils-a-cable","9":"first","10":"instock","11":"taxable","12":"shipping-taxable","13":"purchasable","14":"product-type-simple"},"acf":[],"_links":{"self":[{"href":"https:\/\/freizeit-technik.de\/fr\/wp-json\/wp\/v2\/product\/16955","targetHints":{"allow":["GET"]}}],"collection":[{"href":"https:\/\/freizeit-technik.de\/fr\/wp-json\/wp\/v2\/product"}],"about":[{"href":"https:\/\/freizeit-technik.de\/fr\/wp-json\/wp\/v2\/types\/product"}],"replies":[{"embeddable":true,"href":"https:\/\/freizeit-technik.de\/fr\/wp-json\/wp\/v2\/comments?post=16955"}],"wp:featuredmedia":[{"embeddable":true,"href":"https:\/\/freizeit-technik.de\/fr\/wp-json\/wp\/v2\/media\/16957"}],"wp:attachment":[{"href":"https:\/\/freizeit-technik.de\/fr\/wp-json\/wp\/v2\/media?parent=16955"}],"wp:term":[{"taxonomy":"product_brand","embeddable":true,"href":"https:\/\/freizeit-technik.de\/fr\/wp-json\/wp\/v2\/product_brand?post=16955"},{"taxonomy":"product_cat","embeddable":true,"href":"https:\/\/freizeit-technik.de\/fr\/wp-json\/wp\/v2\/product_cat?post=16955"},{"taxonomy":"product_tag","embeddable":true,"href":"https:\/\/freizeit-technik.de\/fr\/wp-json\/wp\/v2\/product_tag?post=16955"}],"curies":[{"name":"wp","href":"https:\/\/api.w.org\/{rel}","templated":true}]}}