{"id":17019,"date":"2017-08-15T14:53:15","date_gmt":"2017-08-15T12:53:15","guid":{"rendered":"https:\/\/freizeit-technik.de\/shop\/panneau-de-commande-tea-he-200-kit-complet-5-fils\/"},"modified":"2026-05-11T11:16:51","modified_gmt":"2026-05-11T09:16:51","slug":"panneau-de-commande-tea-he-200-kit-complet-5-fils","status":"publish","type":"product","link":"https:\/\/freizeit-technik.de\/fr\/shop\/panneau-de-commande-tea-he-200-kit-complet-5-fils\/","title":{"rendered":"Panneau de commande TEA HE 200 Kit complet 5 fils"},"content":{"rendered":"","protected":false},"excerpt":{"rendered":"<div id=\"tab_fragment_0\" class=\"ui-tabs-panel ui-widget-content ui-corner-bottom\">\n<div>\n<p>Panneau de commande TEA HE 200 Kit complet.<br \/>\nPour les treuils \u00e0 c\u00e2ble TEA HE 200 qui disposent d&#8217;1 \u00e9trier de d\u00e9clenchement et d&#8217;1 microcommutateur.<br \/>\n<strong>Branchez, vissez, c&#8217;est parti !<\/strong><br \/>\nPlus besoin de faire votre propre c\u00e2blage.<\/p>\n<p><strong>Comprend : <\/strong><br \/>\n&#8211; C\u00e2ble d&#8217;alimentation de 12 mm \u00e0 5 conducteurs, longueur 3 m<br \/>\n&#8211; 1 microcommutateur (n\u00b0 53) avec plaque de fixation (n\u00b0 55)<br \/>\n&#8211; Fiche \u00e9lectrique (n\u00b0 54)<br \/>\n&#8211; Capuchon de protection (n\u00b0 51)<\/p>\n<\/div>\n<\/div>\n<p><span class=\"tx-ttproducts-pi1-wrap2\"> <\/span><\/p>\n","protected":false},"featured_media":17022,"comment_status":"open","ping_status":"closed","template":"","meta":{"_acf_changed":false},"product_brand":[],"product_cat":[217,355],"product_tag":[],"class_list":{"0":"post-17019","1":"product","2":"type-product","3":"status-publish","4":"has-post-thumbnail","6":"product_cat-installations-de-bungeetrampolines","7":"product_cat-treuils-a-cable","9":"first","10":"instock","11":"taxable","12":"shipping-taxable","13":"purchasable","14":"product-type-simple"},"acf":[],"_links":{"self":[{"href":"https:\/\/freizeit-technik.de\/fr\/wp-json\/wp\/v2\/product\/17019","targetHints":{"allow":["GET"]}}],"collection":[{"href":"https:\/\/freizeit-technik.de\/fr\/wp-json\/wp\/v2\/product"}],"about":[{"href":"https:\/\/freizeit-technik.de\/fr\/wp-json\/wp\/v2\/types\/product"}],"replies":[{"embeddable":true,"href":"https:\/\/freizeit-technik.de\/fr\/wp-json\/wp\/v2\/comments?post=17019"}],"wp:featuredmedia":[{"embeddable":true,"href":"https:\/\/freizeit-technik.de\/fr\/wp-json\/wp\/v2\/media\/17022"}],"wp:attachment":[{"href":"https:\/\/freizeit-technik.de\/fr\/wp-json\/wp\/v2\/media?parent=17019"}],"wp:term":[{"taxonomy":"product_brand","embeddable":true,"href":"https:\/\/freizeit-technik.de\/fr\/wp-json\/wp\/v2\/product_brand?post=17019"},{"taxonomy":"product_cat","embeddable":true,"href":"https:\/\/freizeit-technik.de\/fr\/wp-json\/wp\/v2\/product_cat?post=17019"},{"taxonomy":"product_tag","embeddable":true,"href":"https:\/\/freizeit-technik.de\/fr\/wp-json\/wp\/v2\/product_tag?post=17019"}],"curies":[{"name":"wp","href":"https:\/\/api.w.org\/{rel}","templated":true}]}}