{"id":17153,"date":"2017-08-17T16:19:40","date_gmt":"2017-08-17T14:19:40","guid":{"rendered":"https:\/\/freizeit-technik.de\/shop\/treuil-tea-he-200-pour-trampolines-bungee\/"},"modified":"2026-05-12T10:22:11","modified_gmt":"2026-05-12T08:22:11","slug":"treuil-tea-he-200-pour-trampolines-bungee","status":"publish","type":"product","link":"https:\/\/freizeit-technik.de\/fr\/shop\/treuil-tea-he-200-pour-trampolines-bungee\/","title":{"rendered":"Treuil TEA HE 200 pour trampolines bungee"},"content":{"rendered":"<p><span class=\"tx-ttproducts-pi1-wrap2\"><strong>Tension : 220 V<br \/>\nFr\u00e9quence : 50 Hz<br \/>\nPuissance absorb\u00e9e : 750 W<br \/>\nPoids sans c\u00e2ble : 31,5 kg<br \/>\nDimensions de rangement : 69 x 21 x 35 cm<\/strong><\/span><\/p>\n","protected":false},"excerpt":{"rendered":"<p><span class=\"tx-ttproducts-pi1-wrap2\">Treuil robuste utilis\u00e9 sur de tr\u00e8s nombreuses installations de trampolines bungee dans le monde entier.<br \/>\nCe treuil est tr\u00e8s fiable et a fait ses preuves depuis des ann\u00e9es.<br \/>\n<strong>Pour 2026<\/strong>, le couvercle noir en PVC a \u00e9t\u00e9 remplac\u00e9 par un couvercle m\u00e9tallique robuste. Le bo\u00eetier de commande manuelle a \u00e9t\u00e9 adapt\u00e9.<br \/>\nToutes les pi\u00e8ces de rechange sont g\u00e9n\u00e9ralement disponibles rapidement et de mani\u00e8re fiable. <\/span><\/p>\n<p><span class=\"tx-ttproducts-pi1-wrap2\">Les treuils \u00e0 c\u00e2ble sont livr\u00e9s en standard sans c\u00e2ble de traction.<br \/>\nDans la mesure o\u00f9 vous en avez besoin, choisissez la version avec c\u00e2ble de treuil dans le menu de s\u00e9lection.<\/span><\/p>\n","protected":false},"featured_media":17154,"comment_status":"open","ping_status":"closed","template":"","meta":{"_acf_changed":false},"product_brand":[],"product_cat":[217,355],"product_tag":[],"class_list":{"0":"post-17153","1":"product","2":"type-product","3":"status-publish","4":"has-post-thumbnail","6":"product_cat-installations-de-bungeetrampolines","7":"product_cat-treuils-a-cable","9":"first","10":"instock","11":"taxable","12":"shipping-taxable","13":"purchasable","14":"product-type-variable"},"acf":[],"_links":{"self":[{"href":"https:\/\/freizeit-technik.de\/fr\/wp-json\/wp\/v2\/product\/17153","targetHints":{"allow":["GET"]}}],"collection":[{"href":"https:\/\/freizeit-technik.de\/fr\/wp-json\/wp\/v2\/product"}],"about":[{"href":"https:\/\/freizeit-technik.de\/fr\/wp-json\/wp\/v2\/types\/product"}],"replies":[{"embeddable":true,"href":"https:\/\/freizeit-technik.de\/fr\/wp-json\/wp\/v2\/comments?post=17153"}],"wp:featuredmedia":[{"embeddable":true,"href":"https:\/\/freizeit-technik.de\/fr\/wp-json\/wp\/v2\/media\/17154"}],"wp:attachment":[{"href":"https:\/\/freizeit-technik.de\/fr\/wp-json\/wp\/v2\/media?parent=17153"}],"wp:term":[{"taxonomy":"product_brand","embeddable":true,"href":"https:\/\/freizeit-technik.de\/fr\/wp-json\/wp\/v2\/product_brand?post=17153"},{"taxonomy":"product_cat","embeddable":true,"href":"https:\/\/freizeit-technik.de\/fr\/wp-json\/wp\/v2\/product_cat?post=17153"},{"taxonomy":"product_tag","embeddable":true,"href":"https:\/\/freizeit-technik.de\/fr\/wp-json\/wp\/v2\/product_tag?post=17153"}],"curies":[{"name":"wp","href":"https:\/\/api.w.org\/{rel}","templated":true}]}}