{"id":17185,"date":"2017-08-16T16:25:04","date_gmt":"2017-08-16T14:25:04","guid":{"rendered":"https:\/\/freizeit-technik.de\/shop\/treuil-a-cable-tea-tt-200\/"},"modified":"2026-05-12T10:22:32","modified_gmt":"2026-05-12T08:22:32","slug":"treuil-a-cable-tea-tt-200","status":"publish","type":"product","link":"https:\/\/freizeit-technik.de\/fr\/shop\/treuil-a-cable-tea-tt-200\/","title":{"rendered":"Treuil \u00e0 c\u00e2ble TEA TT 200"},"content":{"rendered":"<p><span class=\"tx-ttproducts-pi1-wrap2\"><strong>Tension : 220 V<br \/>\nFr\u00e9quence : 50 Hz<br \/>\nPuissance absorb\u00e9e : 370 W<br \/>\nPoids sans corde : 16 kg<br \/>\nDimensions de rangement : 40 x 14 x 28 cm<\/strong><\/span><\/p>\n<p>&nbsp;<\/p>\n","protected":false},"excerpt":{"rendered":"<p>Treuil de bonne qualit\u00e9 \u00e0 un prix abordable, qui a surtout fait ses preuves dans le domaine semi-professionnel et priv\u00e9. Pour une utilisation commerciale permanente, nous vous recommandons de vous tourner vers un treuil \u00e0 c\u00e2ble TEA HE 200. <\/p>\n<p class=\"bodytext\">Les treuils \u00e0 c\u00e2ble sont livr\u00e9s en standard sans c\u00e2ble de traction. Si vous en avez besoin, veuillez le commander s\u00e9par\u00e9ment. <\/p>\n","protected":false},"featured_media":17186,"comment_status":"open","ping_status":"closed","template":"","meta":{"_acf_changed":false},"product_brand":[],"product_cat":[217,355],"product_tag":[],"class_list":{"0":"post-17185","1":"product","2":"type-product","3":"status-publish","4":"has-post-thumbnail","6":"product_cat-installations-de-bungeetrampolines","7":"product_cat-treuils-a-cable","9":"first","10":"instock","11":"taxable","12":"shipping-taxable","13":"purchasable","14":"product-type-simple"},"acf":[],"_links":{"self":[{"href":"https:\/\/freizeit-technik.de\/fr\/wp-json\/wp\/v2\/product\/17185","targetHints":{"allow":["GET"]}}],"collection":[{"href":"https:\/\/freizeit-technik.de\/fr\/wp-json\/wp\/v2\/product"}],"about":[{"href":"https:\/\/freizeit-technik.de\/fr\/wp-json\/wp\/v2\/types\/product"}],"replies":[{"embeddable":true,"href":"https:\/\/freizeit-technik.de\/fr\/wp-json\/wp\/v2\/comments?post=17185"}],"wp:featuredmedia":[{"embeddable":true,"href":"https:\/\/freizeit-technik.de\/fr\/wp-json\/wp\/v2\/media\/17186"}],"wp:attachment":[{"href":"https:\/\/freizeit-technik.de\/fr\/wp-json\/wp\/v2\/media?parent=17185"}],"wp:term":[{"taxonomy":"product_brand","embeddable":true,"href":"https:\/\/freizeit-technik.de\/fr\/wp-json\/wp\/v2\/product_brand?post=17185"},{"taxonomy":"product_cat","embeddable":true,"href":"https:\/\/freizeit-technik.de\/fr\/wp-json\/wp\/v2\/product_cat?post=17185"},{"taxonomy":"product_tag","embeddable":true,"href":"https:\/\/freizeit-technik.de\/fr\/wp-json\/wp\/v2\/product_tag?post=17185"}],"curies":[{"name":"wp","href":"https:\/\/api.w.org\/{rel}","templated":true}]}}