{"id":17332,"date":"2017-06-30T11:49:36","date_gmt":"2017-06-30T09:49:36","guid":{"rendered":"https:\/\/freizeit-technik.de\/shop\/type-1-expander-elastiks-75-kg-noir-vert\/"},"modified":"2026-05-15T12:05:02","modified_gmt":"2026-05-15T10:05:02","slug":"type-1-expander-elastiks-75-kg-noir-vert","status":"publish","type":"product","link":"https:\/\/freizeit-technik.de\/fr\/shop\/type-1-expander-elastiks-75-kg-noir-vert\/","title":{"rendered":"Type 1 Expander Elastiks, 7,5 kg, noir-vert"},"content":{"rendered":"<p><strong>Pour poids : env. 7,5 kg <\/strong>(poids du sauteur avec utilisation des deux c\u00f4t\u00e9s)<strong><br \/>\nCouleur : noir-vert<br \/>\nDynamique de saut : +++<br \/>\nDurabilit\u00e9 : +++<br \/>\nS\u00e9curit\u00e9 : ++++<\/strong><\/p>\n","protected":false},"excerpt":{"rendered":"<p><span class=\"tx-ttproducts-pi1-wrap2\">Cordage caoutchouc de 8 mm avec gaine simple noire et verte. La tresse sp\u00e9ciale est particuli\u00e8rement souple, ne migre pratiquement pas en cours d&#8217;utilisation et permet de bonnes valeurs d&#8217;allongement gr\u00e2ce \u00e0 son assise l\u00e2che. <\/span>Gr\u00e2ce \u00e0 la gaine simple, ces \u00e9lastiques peuvent \u00eatre propos\u00e9s \u00e0 un prix avantageux.<\/p>\n<p>Avec des pattes de r\u00e9ception cousues (boucles de bande tiss\u00e9e) <u>sans n\u0153uds<\/u> aux extr\u00e9mit\u00e9s. Un gain \u00e9vident en termes de confort d&#8217;utilisation, car les cordes s&#8217;accrochent moins entre elles. <\/p>\n<p>Les \u00e9lastiques de tous types et de toutes dimensions sont \u00e9galement disponibles au m\u00e8tre pour \u00eatre confectionn\u00e9s par l&#8217;utilisateur.<\/p>\n","protected":false},"featured_media":17333,"comment_status":"open","ping_status":"closed","template":"","meta":{"_acf_changed":false},"product_brand":[],"product_cat":[236,239],"product_tag":[],"class_list":{"0":"post-17332","1":"product","2":"type-product","3":"status-publish","4":"has-post-thumbnail","6":"product_cat-elastiques-et-cordes","7":"product_cat-elastiques-prets-a-lemploi","9":"first","10":"instock","11":"taxable","12":"shipping-taxable","13":"purchasable","14":"product-type-variable"},"acf":[],"_links":{"self":[{"href":"https:\/\/freizeit-technik.de\/fr\/wp-json\/wp\/v2\/product\/17332","targetHints":{"allow":["GET"]}}],"collection":[{"href":"https:\/\/freizeit-technik.de\/fr\/wp-json\/wp\/v2\/product"}],"about":[{"href":"https:\/\/freizeit-technik.de\/fr\/wp-json\/wp\/v2\/types\/product"}],"replies":[{"embeddable":true,"href":"https:\/\/freizeit-technik.de\/fr\/wp-json\/wp\/v2\/comments?post=17332"}],"wp:featuredmedia":[{"embeddable":true,"href":"https:\/\/freizeit-technik.de\/fr\/wp-json\/wp\/v2\/media\/17333"}],"wp:attachment":[{"href":"https:\/\/freizeit-technik.de\/fr\/wp-json\/wp\/v2\/media?parent=17332"}],"wp:term":[{"taxonomy":"product_brand","embeddable":true,"href":"https:\/\/freizeit-technik.de\/fr\/wp-json\/wp\/v2\/product_brand?post=17332"},{"taxonomy":"product_cat","embeddable":true,"href":"https:\/\/freizeit-technik.de\/fr\/wp-json\/wp\/v2\/product_cat?post=17332"},{"taxonomy":"product_tag","embeddable":true,"href":"https:\/\/freizeit-technik.de\/fr\/wp-json\/wp\/v2\/product_tag?post=17332"}],"curies":[{"name":"wp","href":"https:\/\/api.w.org\/{rel}","templated":true}]}}