{"id":17439,"date":"2017-07-18T14:07:23","date_gmt":"2017-07-18T12:07:23","guid":{"rendered":"https:\/\/freizeit-technik.de\/?post_type=product&#038;p=17439"},"modified":"2026-05-15T12:05:31","modified_gmt":"2026-05-15T10:05:31","slug":"elastiques-en-latex-de-type-4-25-kg-au-metre-rouleaux-de-10-m","status":"publish","type":"product","link":"https:\/\/freizeit-technik.de\/fr\/shop\/elastiques-en-latex-de-type-4-25-kg-au-metre-rouleaux-de-10-m\/","title":{"rendered":"\u00c9lastiques en latex de type 4, 2,5 kg, au m\u00e8tre, rouleaux de 10 m"},"content":{"rendered":"<p><span class=\"tx-ttproducts-pi1-wrap2\"><strong>Pour poids : simple env. 2,5 kg <\/strong>(poids du sauteur avec application des deux c\u00f4t\u00e9s)<br \/>\n<strong>Couleur : vert<br \/>\nLongueur du rouleau : 10m<br \/>\nTemp\u00e9rature minimale de fonctionnement : +5\u00b0C<br \/>\nDynamique de saut : +++++<br \/>\nDurabilit\u00e9 : ++<br \/>\nS\u00e9curit\u00e9 : +.<\/strong><\/span><\/p>\n<p><img loading=\"lazy\" decoding=\"async\" class=\"size-full wp-image-511 alignleft\" src=\"https:\/\/freizeit-technik.de\/wp-content\/uploads\/2017\/03\/Q_asia.jpg\" alt=\"\" width=\"64\" height=\"64\"><\/p>\n","protected":false},"excerpt":{"rendered":"<p><span class=\"tx-ttproducts-pi1-wrap2\">\u00c9lastiques en latex de qualit\u00e9 sup\u00e9rieure avec une \u00e9lasticit\u00e9 d&#8217;environ 700 %, tr\u00e8s homog\u00e8nes en termes de force d\u00e9livr\u00e9e pour des hauteurs de saut maximales.  <\/span><\/p>\n<p><strong>Veuillez indiquer dans le champ de commande le nombre de m\u00e8tres lin\u00e9aires souhait\u00e9s.<\/strong><\/p>\n<p>Pour des raisons de production, les tuyaux en latex sont livr\u00e9s en rouleaux de diff\u00e9rentes longueurs. Nous essayons de correspondre le plus exactement possible \u00e0 la quantit\u00e9 que vous avez command\u00e9e, mais nous arrondissons \u00e9ventuellement la quantit\u00e9 de quelques m\u00e8tres courants en fonction de la disponibilit\u00e9. <\/p>\n<p><strong><img loading=\"lazy\" decoding=\"async\" src=\"http:\/\/shop.freizeit-technik.de\/images\/content\/hinweis.jpg\" alt=\"\" width=\"24\" height=\"16\">  Remarque importante<\/strong><\/p>\n<p>Notez que lors de la commande, une pi\u00e8ce correspond \u00e0 un m\u00e8tre de longueur de corde.<\/p>\n<hr>\n<p>Les produits confectionn\u00e9s par nos soins ne sont pas couverts par notre certificat T\u00dcV !<br \/>\nLes tuyaux en latex ne disposent d&#8217;aucune protection suppl\u00e9mentaire contre les ruptures soudaines en raison de l&#8217;absence de gaine textile. Ils doivent \u00eatre contr\u00f4l\u00e9s en permanence et doivent \u00eatre remplac\u00e9s d\u00e8s les premiers signes d&#8217;usure. <\/p>\n","protected":false},"featured_media":17441,"comment_status":"open","ping_status":"closed","template":"","meta":{"_acf_changed":false},"product_brand":[],"product_cat":[236,240],"product_tag":[],"class_list":{"0":"post-17439","1":"product","2":"type-product","3":"status-publish","4":"has-post-thumbnail","6":"product_cat-elastiques-et-cordes","7":"product_cat-faire-soi-meme","9":"first","10":"instock","11":"taxable","12":"shipping-taxable","13":"purchasable","14":"product-type-simple"},"acf":[],"_links":{"self":[{"href":"https:\/\/freizeit-technik.de\/fr\/wp-json\/wp\/v2\/product\/17439","targetHints":{"allow":["GET"]}}],"collection":[{"href":"https:\/\/freizeit-technik.de\/fr\/wp-json\/wp\/v2\/product"}],"about":[{"href":"https:\/\/freizeit-technik.de\/fr\/wp-json\/wp\/v2\/types\/product"}],"replies":[{"embeddable":true,"href":"https:\/\/freizeit-technik.de\/fr\/wp-json\/wp\/v2\/comments?post=17439"}],"wp:featuredmedia":[{"embeddable":true,"href":"https:\/\/freizeit-technik.de\/fr\/wp-json\/wp\/v2\/media\/17441"}],"wp:attachment":[{"href":"https:\/\/freizeit-technik.de\/fr\/wp-json\/wp\/v2\/media?parent=17439"}],"wp:term":[{"taxonomy":"product_brand","embeddable":true,"href":"https:\/\/freizeit-technik.de\/fr\/wp-json\/wp\/v2\/product_brand?post=17439"},{"taxonomy":"product_cat","embeddable":true,"href":"https:\/\/freizeit-technik.de\/fr\/wp-json\/wp\/v2\/product_cat?post=17439"},{"taxonomy":"product_tag","embeddable":true,"href":"https:\/\/freizeit-technik.de\/fr\/wp-json\/wp\/v2\/product_tag?post=17439"}],"curies":[{"name":"wp","href":"https:\/\/api.w.org\/{rel}","templated":true}]}}