{"id":17466,"date":"2017-06-27T13:26:39","date_gmt":"2017-06-27T11:26:39","guid":{"rendered":"https:\/\/freizeit-technik.de\/shop\/type-2-expander-elastiks-10-kg\/"},"modified":"2026-05-15T12:05:48","modified_gmt":"2026-05-15T10:05:48","slug":"type-2-expander-elastiks-10-kg","status":"publish","type":"product","link":"https:\/\/freizeit-technik.de\/fr\/shop\/type-2-expander-elastiks-10-kg\/","title":{"rendered":"Type 2 Expander Elastiks, 10 kg"},"content":{"rendered":"<p><strong><span class=\"tx-ttproducts-pi1-wrap2\">Pour poids : env. 10 kg (poids du sauteur en cas d&#8217;utilisation des deux c\u00f4t\u00e9s)<br \/>\nCouleur : noir ou noir-jaune<br \/>\nDynamique de saut : +++<br \/>\nDurabilit\u00e9 : ++++<br \/>\nS\u00e9curit\u00e9 : ++++ <\/span><\/strong><\/p>\n","protected":false},"excerpt":{"rendered":"<p>9mm \u00e9lastique avec double gaine noire ou noire et jaune.<br \/>\nLa double tresse combin\u00e9e \u00e0 un nombre plus \u00e9lev\u00e9 de fils int\u00e9rieurs noirs plus fins permet \u00e0 ces \u00e9lastiques d&#8217;avoir une dur\u00e9e de vie sup\u00e9rieure \u00e0 la moyenne.<br \/>\nLa gaine ext\u00e9rieure est tr\u00e8s l\u00e2che. Elle se d\u00e9place et se gonfle donc assez fortement en cours d&#8217;utilisation. La dur\u00e9e de vie de ces \u00e9lastiques est cependant tr\u00e8s bonne, car la gaine ext\u00e9rieure constitue une couche de protection suppl\u00e9mentaire et les fils de latex int\u00e9rieurs sont toujours prot\u00e9g\u00e9s par la deuxi\u00e8me gaine int\u00e9rieure tr\u00e8s souple. Ces \u00e9lastiques offrent un excellent rapport qualit\u00e9\/prix et constituent un tr\u00e8s bon choix pour les op\u00e9rateurs qui ne recherchent pas en premier lieu une gaine ext\u00e9rieure parfaitement ajust\u00e9e.   <\/p>\n<p>Avec des pattes de r\u00e9ception cousues (boucles de bande tiss\u00e9e) <u>sans n\u0153uds<\/u> aux extr\u00e9mit\u00e9s. Un gain \u00e9vident en termes de confort d&#8217;utilisation, car les cordes s&#8217;accrochent moins entre elles. <\/p>\n<p>Les \u00e9lastiques de tous types et de toutes dimensions sont \u00e9galement disponibles au m\u00e8tre pour \u00eatre confectionn\u00e9s par l&#8217;utilisateur.<\/p>\n","protected":false},"featured_media":17470,"comment_status":"open","ping_status":"closed","template":"","meta":{"_acf_changed":false},"product_brand":[],"product_cat":[236,239],"product_tag":[],"class_list":{"0":"post-17466","1":"product","2":"type-product","3":"status-publish","4":"has-post-thumbnail","6":"product_cat-elastiques-et-cordes","7":"product_cat-elastiques-prets-a-lemploi","9":"first","10":"instock","11":"taxable","12":"shipping-taxable","13":"purchasable","14":"product-type-variable"},"acf":[],"_links":{"self":[{"href":"https:\/\/freizeit-technik.de\/fr\/wp-json\/wp\/v2\/product\/17466","targetHints":{"allow":["GET"]}}],"collection":[{"href":"https:\/\/freizeit-technik.de\/fr\/wp-json\/wp\/v2\/product"}],"about":[{"href":"https:\/\/freizeit-technik.de\/fr\/wp-json\/wp\/v2\/types\/product"}],"replies":[{"embeddable":true,"href":"https:\/\/freizeit-technik.de\/fr\/wp-json\/wp\/v2\/comments?post=17466"}],"wp:featuredmedia":[{"embeddable":true,"href":"https:\/\/freizeit-technik.de\/fr\/wp-json\/wp\/v2\/media\/17470"}],"wp:attachment":[{"href":"https:\/\/freizeit-technik.de\/fr\/wp-json\/wp\/v2\/media?parent=17466"}],"wp:term":[{"taxonomy":"product_brand","embeddable":true,"href":"https:\/\/freizeit-technik.de\/fr\/wp-json\/wp\/v2\/product_brand?post=17466"},{"taxonomy":"product_cat","embeddable":true,"href":"https:\/\/freizeit-technik.de\/fr\/wp-json\/wp\/v2\/product_cat?post=17466"},{"taxonomy":"product_tag","embeddable":true,"href":"https:\/\/freizeit-technik.de\/fr\/wp-json\/wp\/v2\/product_tag?post=17466"}],"curies":[{"name":"wp","href":"https:\/\/api.w.org\/{rel}","templated":true}]}}