{"id":17479,"date":"2017-07-25T14:39:40","date_gmt":"2017-07-25T12:39:40","guid":{"rendered":"https:\/\/freizeit-technik.de\/shop\/type-3-expander-elastiks-10-kg-au-metre\/"},"modified":"2026-05-15T12:05:51","modified_gmt":"2026-05-15T10:05:51","slug":"type-3-expander-elastiks-10-kg-au-metre","status":"publish","type":"product","link":"https:\/\/freizeit-technik.de\/fr\/shop\/type-3-expander-elastiks-10-kg-au-metre\/","title":{"rendered":"Type 3 Expander Elastiks, 10 kg, au m\u00e8tre"},"content":{"rendered":"<p><strong>Pour poids : env. 10 kg <\/strong>(poids du sauteur en cas d&#8217;utilisation des deux c\u00f4t\u00e9s)<strong><br \/>\nCouleur : bleu-vert<br \/>\nLongueur du rouleau : 100 m<br \/>\nDynamique de saut : +++<br \/>\nDurabilit\u00e9 : ++++<br \/>\nS\u00e9curit\u00e9 : ++++<\/strong><\/p>\n<p><img loading=\"lazy\" decoding=\"async\" class=\"size-full wp-image-492 alignleft\" src=\"https:\/\/freizeit-technik.de\/wp-content\/uploads\/2017\/03\/Premium-Line.jpg\" alt=\"\" width=\"64\" height=\"64\"><img loading=\"lazy\" decoding=\"async\" class=\"size-full wp-image-429 alignleft\" src=\"https:\/\/freizeit-technik.de\/wp-content\/uploads\/2017\/02\/premium_line.gif\" alt=\"\" width=\"119\" height=\"64\"><\/p>\n","protected":false},"excerpt":{"rendered":"<p class=\"bodytext\">Cordage caoutchouc 9 mm avec gaine sp\u00e9ciale bleu-vert. La double tresse est extensible dans la deuxi\u00e8me couche et ne se d\u00e9forme donc pratiquement pas. Cela permet d&#8217;obtenir une dur\u00e9e de vie comparable \u00e0 celle des \u00e9lastiques de &#8220;type 2&#8221;. Les \u00e9lastiques de &#8220;type 3&#8221; ont toutefois un aspect impeccable beaucoup plus longtemps.   <\/p>\n<p class=\"bodytext\"><strong>Veuillez indiquer dans le champ de commande le nombre de m\u00e8tres lin\u00e9aires souhait\u00e9s.<br \/>\nLongueur du rouleau = 100m<\/strong><\/p>\n<p class=\"bodytext\">Si la longueur de l&#8217;\u00e9lastique que vous souhaitez est diff\u00e9rente de la longueur du rouleau indiqu\u00e9e, nous facturons un suppl\u00e9ment de confection de 7,50 euros nets.<\/p>\n","protected":false},"featured_media":17482,"comment_status":"open","ping_status":"closed","template":"","meta":{"_acf_changed":false},"product_brand":[],"product_cat":[236,240],"product_tag":[],"class_list":{"0":"post-17479","1":"product","2":"type-product","3":"status-publish","4":"has-post-thumbnail","6":"product_cat-elastiques-et-cordes","7":"product_cat-faire-soi-meme","9":"first","10":"instock","11":"taxable","12":"shipping-taxable","13":"purchasable","14":"product-type-simple"},"acf":[],"_links":{"self":[{"href":"https:\/\/freizeit-technik.de\/fr\/wp-json\/wp\/v2\/product\/17479","targetHints":{"allow":["GET"]}}],"collection":[{"href":"https:\/\/freizeit-technik.de\/fr\/wp-json\/wp\/v2\/product"}],"about":[{"href":"https:\/\/freizeit-technik.de\/fr\/wp-json\/wp\/v2\/types\/product"}],"replies":[{"embeddable":true,"href":"https:\/\/freizeit-technik.de\/fr\/wp-json\/wp\/v2\/comments?post=17479"}],"wp:featuredmedia":[{"embeddable":true,"href":"https:\/\/freizeit-technik.de\/fr\/wp-json\/wp\/v2\/media\/17482"}],"wp:attachment":[{"href":"https:\/\/freizeit-technik.de\/fr\/wp-json\/wp\/v2\/media?parent=17479"}],"wp:term":[{"taxonomy":"product_brand","embeddable":true,"href":"https:\/\/freizeit-technik.de\/fr\/wp-json\/wp\/v2\/product_brand?post=17479"},{"taxonomy":"product_cat","embeddable":true,"href":"https:\/\/freizeit-technik.de\/fr\/wp-json\/wp\/v2\/product_cat?post=17479"},{"taxonomy":"product_tag","embeddable":true,"href":"https:\/\/freizeit-technik.de\/fr\/wp-json\/wp\/v2\/product_tag?post=17479"}],"curies":[{"name":"wp","href":"https:\/\/api.w.org\/{rel}","templated":true}]}}