{"id":17586,"date":"2017-07-17T14:10:46","date_gmt":"2017-07-17T12:10:46","guid":{"rendered":"https:\/\/freizeit-technik.de\/shop\/type-4-latex-elastiks-5-kg-au-metre\/"},"modified":"2026-05-15T12:06:33","modified_gmt":"2026-05-15T10:06:33","slug":"type-4-latex-elastiks-5-kg-au-metre","status":"publish","type":"product","link":"https:\/\/freizeit-technik.de\/fr\/shop\/type-4-latex-elastiks-5-kg-au-metre\/","title":{"rendered":"Type 4 Latex Elastiks, 5 kg, au m\u00e8tre"},"content":{"rendered":"<div id=\"tab_fragment_1\" class=\"ui-tabs-panel ui-widget-content ui-corner-bottom ui-tabs-hide\"><span class=\"tx-ttproducts-pi1-wrap2\"><strong>Pour poids : simple env. 5 kg (poids du sauteur avec application des deux c\u00f4t\u00e9s)<br \/>\nCouleur : naturel non color\u00e9 (beige) ou color\u00e9<br \/>\nLongueur du rouleau : variable<br \/>\nTemp\u00e9rature minimale de fonctionnement : +5\u00b0C<br \/>\nDynamique de saut : +++++<br \/>\nDurabilit\u00e9 : ++<br \/>\nS\u00e9curit\u00e9 : +<\/strong><\/span><\/div>\n<p><span class=\"tx-ttproducts-pi1-wrap2\"><strong> <\/strong><\/span><\/p>\n<p>&nbsp;<\/p>\n","protected":false},"excerpt":{"rendered":"<p>Tuyaux en latex au m\u00e8tre, \u00e0 confectionner soi-m\u00eame. Fabriqu\u00e9 en qualit\u00e9 sup\u00e9rieure absolue avec une capacit\u00e9 d&#8217;extension d&#8217;environ 700%, tr\u00e8s homog\u00e8ne en termes de force d\u00e9livr\u00e9e pour des hauteurs de saut maximales. <\/p>\n<p><strong><span style=\"color: #000000;\">Alternativement en couleur naturelle ou<\/span><span style=\"color: #ffcc00;\"> avec une couche de protection color\u00e9e. <\/span><\/strong>Le rev\u00eatement color\u00e9 offre une certaine protection contre les influences environnementales et facilite la d\u00e9tection des dommages, notamment des microfissures.<\/p>\n<p><span style=\"color: #000000;\"><strong>Explications sur le menu de s\u00e9lection &#8220;Qualit\u00e9 et longueur&#8221; :<\/strong><\/span><\/p>\n<p><strong>1\u00e8re <span style=\"color: #000000;\"> possibilit\u00e9 : <span style=\"color: #ffcc00;\">avec <\/span><\/span><span style=\"color: #ffcc00;\">une couche de protection color\u00e9e<\/span><span style=\"color: #000000;\">, la longueur est de 20m, 40m, 60m, etc. (prix le plus bas)<\/span><br \/>\n<\/strong>Vous inscrivez une valeur divisible par 20. Cette qualit\u00e9 est toujours disponible au m\u00e8tre, en rouleaux de 20 m exactement. Vous recevez donc au moins un \u00e0 plusieurs rouleaux entiers de 20m.<br \/>\n<strong>Exemple :<\/strong> &#8220;100&#8221;. Vous recevrez 5 rouleaux entiers d&#8217;exactement 20 m de long. <\/p>\n<p><strong>2e <span style=\"color: #ffcc00;\"> <span style=\"color: #000000;\">possibilit\u00e9 : <\/span> avec couche de protection color\u00e9e<\/span><span style=\"color: #000000;\">, quantit\u00e9 souhait\u00e9e diff\u00e9rente (suppl\u00e9ment de prix)<\/span><br \/>\n<\/strong>Vous saisissez une valeur qui n&#8217;est pas divisible par 20.<br \/>\n<strong>Exemple :<\/strong> &#8220;36&#8221;. Vous obtenez exactement 20m + 16m. Cela entra\u00eene un surcro\u00eet de travail, des chutes et donc un suppl\u00e9ment de prix.  <\/p>\n<p><strong>3\u00e8me <span style=\"color: #000000;\">possibilit\u00e9 : couleur naturelle, approximativement cette quantit\u00e9, tendance \u00e0 arrondir<\/span><br \/>\n<\/strong>Cette qualit\u00e9 est produite au m\u00e8tre dans des longueurs toujours diff\u00e9rentes, d&#8217;environ 29m \u00e0 39m.<br \/>\nChoisissez une longueur souhait\u00e9e. Nous cherchons des rouleaux appropri\u00e9s pour correspondre le plus pr\u00e9cis\u00e9ment possible \u00e0 votre longueur totale, mais nous <strong>avons tendance \u00e0<\/strong> rester <strong>en dessous de votre valeur cible = arrondir.<br \/>\n<\/strong><strong>Exemple :<\/strong> vous entrez &#8220;100&#8221;. Nous vous composerons 96m en 31m + 33m + 32m (3 rouleaux entiers).<br \/>\nNous vous confirmerons ensuite la quantit\u00e9 compos\u00e9e pour vous apr\u00e8s votre commande, avant l&#8217;exp\u00e9dition.  <\/p>\n<p><strong> <\/strong><strong>4e <span style=\"color: #000000;\">possibilit\u00e9 : couleur naturelle, approximativement cette quantit\u00e9, tendance \u00e0 arrondir vers le haut<\/span><br \/>\n<\/strong>Vous choisissez une quantit\u00e9 souhait\u00e9e. Nous cherchons des rouleaux appropri\u00e9s pour correspondre au mieux \u00e0 votre longueur totale, mais nous <strong>avons tendance \u00e0<\/strong> rester <strong>au-dessus de votre valeur cible = arrondir au chiffre sup\u00e9rieur<\/strong>.<br \/>\n<strong>Exemple :<\/strong> vous commandez 100m. Nous vous composons 124m en 31m + 33m + 29m + 31m (4 rouleaux entiers). <\/p>\n<p>Nous vous confirmerons alors la quantit\u00e9 compos\u00e9e pour vous apr\u00e8s votre commande, avant l&#8217;exp\u00e9dition.<\/p>\n<p><strong> <\/strong><strong>5e <span style=\"color: #000000;\">possibilit\u00e9 : couleur naturelle, dans cette quantit\u00e9 exacte (suppl\u00e9ment de prix)<\/span><br \/>\n<\/strong> Vous avez besoin d&#8217;une longueur totale tr\u00e8s pr\u00e9cise, que vous nous indiquez exactement. Dans ce cas, choisissez cette 5e option.<br \/>\n<strong>Exemple :<\/strong> vous commandez 100m. Vous recevrez 100m en 31m + 33m + 29m + 7m (rouleau coup\u00e9). <\/p>\n<p><span style=\"color: #000000;\">Veuillez indiquer<strong> le nombre de m\u00e8tres lin\u00e9aires souhait\u00e9s <\/strong>dans le champ libre et<strong> choisir ensuite une variante.<\/strong><\/span><\/p>\n<p><strong>Remarque importante :<br \/>\n<\/strong>Les deux tuyaux en latex ne disposent pas d&#8217;une protection suppl\u00e9mentaire contre les d\u00e9chirures soudaines en raison de l&#8217;absence de gaine textile. Ils doivent \u00eatre contr\u00f4l\u00e9s en permanence et doivent \u00eatre remplac\u00e9s d\u00e8s les premiers signes d&#8217;usure. <\/p>\n<p>Dans ce contexte, veuillez \u00e9galement tenir compte des heures d&#8217;utilisation maximales limit\u00e9es.<\/p>\n","protected":false},"featured_media":17590,"comment_status":"open","ping_status":"closed","template":"","meta":{"_acf_changed":false},"product_brand":[],"product_cat":[236,240],"product_tag":[],"class_list":{"0":"post-17586","1":"product","2":"type-product","3":"status-publish","4":"has-post-thumbnail","6":"product_cat-elastiques-et-cordes","7":"product_cat-faire-soi-meme","9":"first","10":"instock","11":"taxable","12":"shipping-taxable","13":"purchasable","14":"product-type-variable"},"acf":[],"_links":{"self":[{"href":"https:\/\/freizeit-technik.de\/fr\/wp-json\/wp\/v2\/product\/17586","targetHints":{"allow":["GET"]}}],"collection":[{"href":"https:\/\/freizeit-technik.de\/fr\/wp-json\/wp\/v2\/product"}],"about":[{"href":"https:\/\/freizeit-technik.de\/fr\/wp-json\/wp\/v2\/types\/product"}],"replies":[{"embeddable":true,"href":"https:\/\/freizeit-technik.de\/fr\/wp-json\/wp\/v2\/comments?post=17586"}],"wp:featuredmedia":[{"embeddable":true,"href":"https:\/\/freizeit-technik.de\/fr\/wp-json\/wp\/v2\/media\/17590"}],"wp:attachment":[{"href":"https:\/\/freizeit-technik.de\/fr\/wp-json\/wp\/v2\/media?parent=17586"}],"wp:term":[{"taxonomy":"product_brand","embeddable":true,"href":"https:\/\/freizeit-technik.de\/fr\/wp-json\/wp\/v2\/product_brand?post=17586"},{"taxonomy":"product_cat","embeddable":true,"href":"https:\/\/freizeit-technik.de\/fr\/wp-json\/wp\/v2\/product_cat?post=17586"},{"taxonomy":"product_tag","embeddable":true,"href":"https:\/\/freizeit-technik.de\/fr\/wp-json\/wp\/v2\/product_tag?post=17586"}],"curies":[{"name":"wp","href":"https:\/\/api.w.org\/{rel}","templated":true}]}}