{"id":17659,"date":"2017-04-15T13:00:47","date_gmt":"2017-04-15T11:00:47","guid":{"rendered":"https:\/\/freizeit-technik.de\/shop\/cable-metallique-4tramp-classic-court\/"},"modified":"2026-05-15T15:46:33","modified_gmt":"2026-05-15T13:46:33","slug":"cable-metallique-4tramp-classic-court","status":"publish","type":"product","link":"https:\/\/freizeit-technik.de\/fr\/shop\/cable-metallique-4tramp-classic-court\/","title":{"rendered":"C\u00e2ble m\u00e9tallique &#8220;4tramp classic court"},"content":{"rendered":"","protected":false},"excerpt":{"rendered":"<p>C\u00e2ble m\u00e9tallique court pour le 4tramp classic original.<\/p>\n<p>2 manilles de fixation incluses.<\/p>\n","protected":false},"featured_media":0,"comment_status":"open","ping_status":"closed","template":"","meta":{"_acf_changed":false},"product_brand":[],"product_cat":[388,236,277],"product_tag":[],"class_list":{"0":"post-17659","1":"product","2":"type-product","3":"status-publish","5":"product_cat-cables-statiques-cables-metalliques","6":"product_cat-elastiques-et-cordes","7":"product_cat-non-classe","9":"first","10":"instock","11":"taxable","12":"shipping-taxable","13":"purchasable","14":"product-type-simple"},"acf":[],"_links":{"self":[{"href":"https:\/\/freizeit-technik.de\/fr\/wp-json\/wp\/v2\/product\/17659","targetHints":{"allow":["GET"]}}],"collection":[{"href":"https:\/\/freizeit-technik.de\/fr\/wp-json\/wp\/v2\/product"}],"about":[{"href":"https:\/\/freizeit-technik.de\/fr\/wp-json\/wp\/v2\/types\/product"}],"replies":[{"embeddable":true,"href":"https:\/\/freizeit-technik.de\/fr\/wp-json\/wp\/v2\/comments?post=17659"}],"wp:attachment":[{"href":"https:\/\/freizeit-technik.de\/fr\/wp-json\/wp\/v2\/media?parent=17659"}],"wp:term":[{"taxonomy":"product_brand","embeddable":true,"href":"https:\/\/freizeit-technik.de\/fr\/wp-json\/wp\/v2\/product_brand?post=17659"},{"taxonomy":"product_cat","embeddable":true,"href":"https:\/\/freizeit-technik.de\/fr\/wp-json\/wp\/v2\/product_cat?post=17659"},{"taxonomy":"product_tag","embeddable":true,"href":"https:\/\/freizeit-technik.de\/fr\/wp-json\/wp\/v2\/product_tag?post=17659"}],"curies":[{"name":"wp","href":"https:\/\/api.w.org\/{rel}","templated":true}]}}