{"id":17686,"date":"2017-06-08T11:23:42","date_gmt":"2017-06-08T09:23:42","guid":{"rendered":"https:\/\/freizeit-technik.de\/shop\/cables-de-traction-statiques-au-metre\/"},"modified":"2026-05-15T15:46:50","modified_gmt":"2026-05-15T13:46:50","slug":"cables-de-traction-statiques-au-metre","status":"publish","type":"product","link":"https:\/\/freizeit-technik.de\/fr\/shop\/cables-de-traction-statiques-au-metre\/","title":{"rendered":"C\u00e2bles de traction statiques, au m\u00e8tre"},"content":{"rendered":"<p><strong>\u00c9paisseur : 9 mm<br \/>\nCouleur : noir-bleu<br \/>\nR\u00e9sistance statique : 23kN<br \/>\nCertification : EN 1891<\/strong><strong><br \/>\nLongueurs : 50, 100 et 200 m<br \/>\nlivr\u00e9s en rouleaux ou en vrac dans un carton.<\/strong><\/p>\n<p><img loading=\"lazy\" decoding=\"async\" class=\"size-full wp-image-492 alignleft\" src=\"https:\/\/freizeit-technik.de\/wp-content\/uploads\/2017\/03\/Premium-Line.jpg\" alt=\"\" width=\"64\" height=\"64\"><\/p>\n","protected":false},"excerpt":{"rendered":"<p>Produite par Edelrid exclusivement pour nous et pour les installations de trampolines bungee, cette corde statique offre une s\u00e9curit\u00e9 maximale. Elle offre \u00e9galement une excellente r\u00e9sistance \u00e0 l&#8217;abrasion et \u00e0 la salet\u00e9 et ne r\u00e9tr\u00e9cit pratiquement pas sous l&#8217;effet des intemp\u00e9ries.<br \/>\nCorde de traction statique avec cosse des deux c\u00f4t\u00e9s. En rouleau ou en vrac dans un carton.  <\/p>\n","protected":false},"featured_media":10854,"comment_status":"open","ping_status":"closed","template":"","meta":{"_acf_changed":false},"product_brand":[],"product_cat":[388,236],"product_tag":[],"class_list":{"0":"post-17686","1":"product","2":"type-product","3":"status-publish","4":"has-post-thumbnail","6":"product_cat-cables-statiques-cables-metalliques","7":"product_cat-elastiques-et-cordes","9":"first","10":"instock","11":"taxable","12":"shipping-taxable","13":"purchasable","14":"product-type-variable"},"acf":[],"_links":{"self":[{"href":"https:\/\/freizeit-technik.de\/fr\/wp-json\/wp\/v2\/product\/17686","targetHints":{"allow":["GET"]}}],"collection":[{"href":"https:\/\/freizeit-technik.de\/fr\/wp-json\/wp\/v2\/product"}],"about":[{"href":"https:\/\/freizeit-technik.de\/fr\/wp-json\/wp\/v2\/types\/product"}],"replies":[{"embeddable":true,"href":"https:\/\/freizeit-technik.de\/fr\/wp-json\/wp\/v2\/comments?post=17686"}],"wp:featuredmedia":[{"embeddable":true,"href":"https:\/\/freizeit-technik.de\/fr\/wp-json\/wp\/v2\/media\/10854"}],"wp:attachment":[{"href":"https:\/\/freizeit-technik.de\/fr\/wp-json\/wp\/v2\/media?parent=17686"}],"wp:term":[{"taxonomy":"product_brand","embeddable":true,"href":"https:\/\/freizeit-technik.de\/fr\/wp-json\/wp\/v2\/product_brand?post=17686"},{"taxonomy":"product_cat","embeddable":true,"href":"https:\/\/freizeit-technik.de\/fr\/wp-json\/wp\/v2\/product_cat?post=17686"},{"taxonomy":"product_tag","embeddable":true,"href":"https:\/\/freizeit-technik.de\/fr\/wp-json\/wp\/v2\/product_tag?post=17686"}],"curies":[{"name":"wp","href":"https:\/\/api.w.org\/{rel}","templated":true}]}}