{"id":17702,"date":"2017-06-14T13:00:20","date_gmt":"2017-06-14T11:00:20","guid":{"rendered":"https:\/\/freizeit-technik.de\/shop\/type-4-latex-loops-10-kg\/"},"modified":"2026-05-15T15:46:59","modified_gmt":"2026-05-15T13:46:59","slug":"type-4-latex-loops-10-kg","status":"publish","type":"product","link":"https:\/\/freizeit-technik.de\/fr\/shop\/type-4-latex-loops-10-kg\/","title":{"rendered":"Type 4 Latex Loops, 10 kg"},"content":{"rendered":"<p><strong><span class=\"tx-ttproducts-pi1-wrap2\">Pour poids : env. 10 kg (poids du sauteur en cas d&#8217;utilisation des deux c\u00f4t\u00e9s)<br \/>\nCouleur : color\u00e9<br \/>\nTemp\u00e9rature minimale de fonctionnement : +5\u00b0C<br \/>\nDynamique de saut : +++++<br \/>\nDurabilit\u00e9 : ++<br \/>\nS\u00e9curit\u00e9 : +.<\/span><\/strong><\/p>\n<p>&nbsp;<\/p>\n<p>&nbsp;<\/p>\n","protected":false},"excerpt":{"rendered":"<p>Latex Loops pr\u00eat \u00e0 l&#8217;emploi \u00e0 accrocher directement dans un mousqueton Fabriqu\u00e9 en qualit\u00e9 sup\u00e9rieure absolue avec une \u00e9lasticit\u00e9 d&#8217;environ 700 %, tr\u00e8s homog\u00e8ne dans la force d\u00e9livr\u00e9e pour des hauteurs de saut maximales.<\/p>\n<p><strong>Confection par l&#8217;utilisateur et sur mesure :<br \/>\n<\/strong>Les \u00e9lastiques de tous types et de toutes dimensions sont \u00e9galement disponibles au m\u00e8tre pour la confection par l&#8217;utilisateur. Si la longueur souhait\u00e9e n&#8217;est pas mentionn\u00e9e, contactez-nous. Nous fabriquons dans les dimensions que vous souhaitez !  <\/p>\n<p><strong>Remarque importante :<br \/>\n<\/strong>Les tuyaux en latex ne disposent pas d&#8217;une protection suppl\u00e9mentaire contre les ruptures soudaines en raison de l&#8217;absence de gaine textile. Ils doivent \u00eatre contr\u00f4l\u00e9s en permanence et remplac\u00e9s d\u00e8s les premiers signes d&#8217;usure. <\/p>\n<p>Dans ce contexte, veuillez \u00e9galement tenir compte des heures d&#8217;utilisation maximales limit\u00e9es.<\/p>\n","protected":false},"featured_media":17715,"comment_status":"open","ping_status":"closed","template":"","meta":{"_acf_changed":false},"product_brand":[],"product_cat":[236,239],"product_tag":[],"class_list":{"0":"post-17702","1":"product","2":"type-product","3":"status-publish","4":"has-post-thumbnail","6":"product_cat-elastiques-et-cordes","7":"product_cat-elastiques-prets-a-lemploi","9":"first","10":"instock","11":"taxable","12":"shipping-taxable","13":"purchasable","14":"product-type-variable"},"acf":[],"_links":{"self":[{"href":"https:\/\/freizeit-technik.de\/fr\/wp-json\/wp\/v2\/product\/17702","targetHints":{"allow":["GET"]}}],"collection":[{"href":"https:\/\/freizeit-technik.de\/fr\/wp-json\/wp\/v2\/product"}],"about":[{"href":"https:\/\/freizeit-technik.de\/fr\/wp-json\/wp\/v2\/types\/product"}],"replies":[{"embeddable":true,"href":"https:\/\/freizeit-technik.de\/fr\/wp-json\/wp\/v2\/comments?post=17702"}],"wp:featuredmedia":[{"embeddable":true,"href":"https:\/\/freizeit-technik.de\/fr\/wp-json\/wp\/v2\/media\/17715"}],"wp:attachment":[{"href":"https:\/\/freizeit-technik.de\/fr\/wp-json\/wp\/v2\/media?parent=17702"}],"wp:term":[{"taxonomy":"product_brand","embeddable":true,"href":"https:\/\/freizeit-technik.de\/fr\/wp-json\/wp\/v2\/product_brand?post=17702"},{"taxonomy":"product_cat","embeddable":true,"href":"https:\/\/freizeit-technik.de\/fr\/wp-json\/wp\/v2\/product_cat?post=17702"},{"taxonomy":"product_tag","embeddable":true,"href":"https:\/\/freizeit-technik.de\/fr\/wp-json\/wp\/v2\/product_tag?post=17702"}],"curies":[{"name":"wp","href":"https:\/\/api.w.org\/{rel}","templated":true}]}}