{"id":17803,"date":"2017-06-18T12:00:17","date_gmt":"2017-06-18T10:00:17","guid":{"rendered":"https:\/\/freizeit-technik.de\/shop\/type-4-strips-en-latex-pour-rotor-disc-5kg\/"},"modified":"2026-05-15T15:47:26","modified_gmt":"2026-05-15T13:47:26","slug":"type-4-strips-en-latex-pour-rotor-disc-5kg","status":"publish","type":"product","link":"https:\/\/freizeit-technik.de\/fr\/shop\/type-4-strips-en-latex-pour-rotor-disc-5kg\/","title":{"rendered":"Type 4 Strips en latex pour Rotor Disc, 5kg"},"content":{"rendered":"<p><strong>env. 5 kg (poids du sauteur en cas d&#8217;application sur les deux faces)<\/strong><br \/>\n<strong>Couleur : naturel non color\u00e9 (beige) ou color\u00e9<\/strong><br \/>\n<strong>Temp\u00e9rature minimale de fonctionnement : +5\u00b0C<\/strong><br \/>\n<strong>Dynamique de saut : +++++<\/strong><br \/>\n<strong>Durabilit\u00e9 : ++<\/strong><br \/>\n<strong>S\u00e9curit\u00e9 : +<\/strong><\/p>\n","protected":false},"excerpt":{"rendered":"<p>Bandes de latex pr\u00eates \u00e0 l&#8217;emploi pour notre syst\u00e8me Rotor Disk. Fabriqu\u00e9s dans une qualit\u00e9 de pointe absolue avec une extensibilit\u00e9 d&#8217;environ 700%, tr\u00e8s homog\u00e8nes en termes de force d\u00e9livr\u00e9e pour des hauteurs de saut maximales. <\/p>\n<p>Alternativement, couleur naturelle ou avec une couche de protection color\u00e9e.<\/p>\n<p>Le rev\u00eatement color\u00e9 offre une certaine protection contre les influences environnementales et facilite la d\u00e9tection des dommages, notamment des microfissures.<\/p>\n<p><strong>Auto-confection et fabrication sur mesure :<\/strong><\/p>\n<p>Les \u00e9lastiques de tous types et de toutes dimensions sont \u00e9galement disponibles au m\u00e8tre pour \u00eatre confectionn\u00e9s par l&#8217;utilisateur. Si la longueur souhait\u00e9e n&#8217;est pas mentionn\u00e9e, veuillez nous contacter. Nous fabriquons dans les dimensions que vous souhaitez ! <\/p>\n<p><strong>Remarque importante :<\/strong><\/p>\n<p>Les deux qualit\u00e9s de tuyaux en latex ne disposent pas d&#8217;une protection suppl\u00e9mentaire contre les d\u00e9chirures soudaines en raison de l&#8217;absence d&#8217;un rev\u00eatement textile. Ils doivent \u00eatre contr\u00f4l\u00e9s en permanence et doivent \u00eatre remplac\u00e9s d\u00e8s les premiers signes d&#8217;usure. <\/p>\n<p>Dans ce contexte, veuillez \u00e9galement tenir compte des heures d&#8217;utilisation maximales limit\u00e9es.<\/p>\n","protected":false},"featured_media":17807,"comment_status":"open","ping_status":"closed","template":"","meta":{"_acf_changed":false},"product_brand":[],"product_cat":[236,239],"product_tag":[],"class_list":{"0":"post-17803","1":"product","2":"type-product","3":"status-publish","4":"has-post-thumbnail","6":"product_cat-elastiques-et-cordes","7":"product_cat-elastiques-prets-a-lemploi","9":"first","10":"instock","11":"taxable","12":"shipping-taxable","13":"purchasable","14":"product-type-variable"},"acf":[],"_links":{"self":[{"href":"https:\/\/freizeit-technik.de\/fr\/wp-json\/wp\/v2\/product\/17803","targetHints":{"allow":["GET"]}}],"collection":[{"href":"https:\/\/freizeit-technik.de\/fr\/wp-json\/wp\/v2\/product"}],"about":[{"href":"https:\/\/freizeit-technik.de\/fr\/wp-json\/wp\/v2\/types\/product"}],"replies":[{"embeddable":true,"href":"https:\/\/freizeit-technik.de\/fr\/wp-json\/wp\/v2\/comments?post=17803"}],"wp:featuredmedia":[{"embeddable":true,"href":"https:\/\/freizeit-technik.de\/fr\/wp-json\/wp\/v2\/media\/17807"}],"wp:attachment":[{"href":"https:\/\/freizeit-technik.de\/fr\/wp-json\/wp\/v2\/media?parent=17803"}],"wp:term":[{"taxonomy":"product_brand","embeddable":true,"href":"https:\/\/freizeit-technik.de\/fr\/wp-json\/wp\/v2\/product_brand?post=17803"},{"taxonomy":"product_cat","embeddable":true,"href":"https:\/\/freizeit-technik.de\/fr\/wp-json\/wp\/v2\/product_cat?post=17803"},{"taxonomy":"product_tag","embeddable":true,"href":"https:\/\/freizeit-technik.de\/fr\/wp-json\/wp\/v2\/product_tag?post=17803"}],"curies":[{"name":"wp","href":"https:\/\/api.w.org\/{rel}","templated":true}]}}