{"id":18030,"date":"2017-06-09T11:13:56","date_gmt":"2017-06-09T09:13:56","guid":{"rendered":"https:\/\/freizeit-technik.de\/shop\/cable-de-traction-moteur\/"},"modified":"2026-05-15T15:48:22","modified_gmt":"2026-05-15T13:48:22","slug":"cable-de-traction-moteur","status":"publish","type":"product","link":"https:\/\/freizeit-technik.de\/fr\/shop\/cable-de-traction-moteur\/","title":{"rendered":"C\u00e2ble de traction moteur"},"content":{"rendered":"<p><strong>\u00c9paisseur : 9 mm<br \/>\nCouleur : noir<br \/>\nR\u00e9sistance statique : 23kN<br \/>\nCertification : EN 1891<\/strong><\/p>\n<p><img loading=\"lazy\" decoding=\"async\" class=\"size-full wp-image-492 alignleft\" src=\"https:\/\/freizeit-technik.de\/wp-content\/uploads\/2017\/03\/Premium-Line.jpg\" alt=\"\" width=\"64\" height=\"64\"><\/p>\n","protected":false},"excerpt":{"rendered":"<p><span class=\"tx-ttproducts-pi1-wrap2\">C\u00e2ble de traction moteur statique pour treuil HE 200.  <\/span>Produite par Edelrid en exclusivit\u00e9 pour nous et pour l&#8217;utilisation sur les trampolines \u00e0 l&#8217;\u00e9lastique, cette corde statique offre une s\u00e9curit\u00e9 maximale. Elle offre \u00e9galement une excellente r\u00e9sistance \u00e0 l&#8217;abrasion, \u00e0 la salet\u00e9 et ne r\u00e9tr\u00e9cit pratiquement pas sous l&#8217;effet des intemp\u00e9ries. C\u00e2ble de traction pour moteur avec extr\u00e9mit\u00e9 amincie et cosse pour une fixation facile \u00e0 votre treuil.  <\/p>\n","protected":false},"featured_media":10719,"comment_status":"open","ping_status":"closed","template":"","meta":{"_acf_changed":false},"product_brand":[],"product_cat":[388,236],"product_tag":[],"class_list":{"0":"post-18030","1":"product","2":"type-product","3":"status-publish","4":"has-post-thumbnail","6":"product_cat-cables-statiques-cables-metalliques","7":"product_cat-elastiques-et-cordes","9":"first","10":"instock","11":"taxable","12":"shipping-taxable","13":"purchasable","14":"product-type-simple"},"acf":[],"_links":{"self":[{"href":"https:\/\/freizeit-technik.de\/fr\/wp-json\/wp\/v2\/product\/18030","targetHints":{"allow":["GET"]}}],"collection":[{"href":"https:\/\/freizeit-technik.de\/fr\/wp-json\/wp\/v2\/product"}],"about":[{"href":"https:\/\/freizeit-technik.de\/fr\/wp-json\/wp\/v2\/types\/product"}],"replies":[{"embeddable":true,"href":"https:\/\/freizeit-technik.de\/fr\/wp-json\/wp\/v2\/comments?post=18030"}],"wp:featuredmedia":[{"embeddable":true,"href":"https:\/\/freizeit-technik.de\/fr\/wp-json\/wp\/v2\/media\/10719"}],"wp:attachment":[{"href":"https:\/\/freizeit-technik.de\/fr\/wp-json\/wp\/v2\/media?parent=18030"}],"wp:term":[{"taxonomy":"product_brand","embeddable":true,"href":"https:\/\/freizeit-technik.de\/fr\/wp-json\/wp\/v2\/product_brand?post=18030"},{"taxonomy":"product_cat","embeddable":true,"href":"https:\/\/freizeit-technik.de\/fr\/wp-json\/wp\/v2\/product_cat?post=18030"},{"taxonomy":"product_tag","embeddable":true,"href":"https:\/\/freizeit-technik.de\/fr\/wp-json\/wp\/v2\/product_tag?post=18030"}],"curies":[{"name":"wp","href":"https:\/\/api.w.org\/{rel}","templated":true}]}}