{"id":18053,"date":"2017-06-10T11:00:51","date_gmt":"2017-06-10T09:00:51","guid":{"rendered":"https:\/\/freizeit-technik.de\/shop\/corde-a-sauter\/"},"modified":"2026-05-15T15:48:35","modified_gmt":"2026-05-15T13:48:35","slug":"corde-a-sauter","status":"publish","type":"product","link":"https:\/\/freizeit-technik.de\/fr\/shop\/corde-a-sauter\/","title":{"rendered":"Corde \u00e0 sauter"},"content":{"rendered":"<p><span class=\"tx-ttproducts-pi1-wrap2\"><strong>\u00c9paisseur : 9 mm<br \/>\nCouleur : noir<br \/>\nR\u00e9sistance statique : 23kN<br \/>\nCertification : EN 1891<\/strong><\/span><\/p>\n<p><img loading=\"lazy\" decoding=\"async\" class=\"size-full wp-image-492 alignleft\" src=\"https:\/\/freizeit-technik.de\/wp-content\/uploads\/2017\/03\/Premium-Line.jpg\" alt=\"\" width=\"64\" height=\"64\"><\/p>\n","protected":false},"excerpt":{"rendered":"<p>Produite par Edelrid exclusivement pour nous et pour les installations de trampolines bungee, cette corde statique offre une s\u00e9curit\u00e9 maximale. Elle offre \u00e9galement une excellente r\u00e9sistance \u00e0 l&#8217;abrasion et \u00e0 la salet\u00e9 et ne r\u00e9tr\u00e9cit pratiquement pas sous l&#8217;effet des intemp\u00e9ries.<br \/>\nCorde de traction statique avec cosse des deux c\u00f4t\u00e9s. Protection des n\u0153uds par une gaine thermor\u00e9tractable extr\u00eamement robuste.  <\/p>\n<p>___________________________________________________________________________<\/p>\n<p><span class=\"tx-ttproducts-pi1-wrap2\"><strong>  Veuillez noter ce qui suit lorsque vous commandez des cordes de parachutisme pour les installations 4Tramp Classic et 4Tramp Mini :<br \/>\n<\/strong><\/span><\/p>\n<p>Les cordes de saut de la version simple sont reli\u00e9es au c\u00e2ble de traction du moteur par un mousqueton. 2 pi\u00e8ces de cette version sont n\u00e9cessaires par emplacement de saut, soit 8 pi\u00e8ces au total par installation de trampoline \u00e9lastique quadruple.<\/p>\n<p>Dans la version double, une seule corde de saut est n\u00e9cessaire par emplacement de saut. Elle est reli\u00e9e par un mousqueton <strong><u>et<\/u><\/strong> une poulie de renvoi avec le c\u00e2ble de traction du moteur. Il y a donc 4 cordes de saut par installation de trampoline \u00e9lastique quadruple.  <\/p>\n","protected":false},"featured_media":10727,"comment_status":"open","ping_status":"closed","template":"","meta":{"_acf_changed":false},"product_brand":[],"product_cat":[388,236],"product_tag":[],"class_list":{"0":"post-18053","1":"product","2":"type-product","3":"status-publish","4":"has-post-thumbnail","6":"product_cat-cables-statiques-cables-metalliques","7":"product_cat-elastiques-et-cordes","9":"first","10":"instock","11":"taxable","12":"shipping-taxable","13":"purchasable","14":"product-type-variable"},"acf":[],"_links":{"self":[{"href":"https:\/\/freizeit-technik.de\/fr\/wp-json\/wp\/v2\/product\/18053","targetHints":{"allow":["GET"]}}],"collection":[{"href":"https:\/\/freizeit-technik.de\/fr\/wp-json\/wp\/v2\/product"}],"about":[{"href":"https:\/\/freizeit-technik.de\/fr\/wp-json\/wp\/v2\/types\/product"}],"replies":[{"embeddable":true,"href":"https:\/\/freizeit-technik.de\/fr\/wp-json\/wp\/v2\/comments?post=18053"}],"wp:featuredmedia":[{"embeddable":true,"href":"https:\/\/freizeit-technik.de\/fr\/wp-json\/wp\/v2\/media\/10727"}],"wp:attachment":[{"href":"https:\/\/freizeit-technik.de\/fr\/wp-json\/wp\/v2\/media?parent=18053"}],"wp:term":[{"taxonomy":"product_brand","embeddable":true,"href":"https:\/\/freizeit-technik.de\/fr\/wp-json\/wp\/v2\/product_brand?post=18053"},{"taxonomy":"product_cat","embeddable":true,"href":"https:\/\/freizeit-technik.de\/fr\/wp-json\/wp\/v2\/product_cat?post=18053"},{"taxonomy":"product_tag","embeddable":true,"href":"https:\/\/freizeit-technik.de\/fr\/wp-json\/wp\/v2\/product_tag?post=18053"}],"curies":[{"name":"wp","href":"https:\/\/api.w.org\/{rel}","templated":true}]}}