{"id":18268,"date":"2017-06-18T09:00:09","date_gmt":"2017-06-18T07:00:09","guid":{"rendered":"https:\/\/freizeit-technik.de\/shop\/type-4-elastiques-en-latex-avec-bande-tissee-10-kg\/"},"modified":"2026-05-15T15:49:24","modified_gmt":"2026-05-15T13:49:24","slug":"type-4-elastiques-en-latex-avec-bande-tissee-10-kg","status":"publish","type":"product","link":"https:\/\/freizeit-technik.de\/fr\/shop\/type-4-elastiques-en-latex-avec-bande-tissee-10-kg\/","title":{"rendered":"Type 4 Elastiques en latex avec bande tiss\u00e9e, 10 kg"},"content":{"rendered":"<p><strong>Pour un poids d&#8217;environ 10 kg (poids du sauteur en cas d&#8217;utilisation des deux c\u00f4t\u00e9s)<\/strong><br \/>\n<strong>Couleur : naturel non color\u00e9 (beige) ou color\u00e9<\/strong><br \/>\n<strong>Temp\u00e9rature minimale de fonctionnement : +5\u00b0C<\/strong><br \/>\n<strong>Dynamique de saut : +++++<\/strong><br \/>\n<strong>Durabilit\u00e9 : ++<\/strong><br \/>\n<strong>S\u00e9curit\u00e9 : +<\/strong><\/p>\n<p>&nbsp;<\/p>\n","protected":false},"excerpt":{"rendered":"<p>Elastiques en latex avec boucles de bande tiss\u00e9e, pr\u00eats \u00e0 l&#8217;emploi. Fabriqu\u00e9s dans une qualit\u00e9 absolument sup\u00e9rieure, avec une \u00e9lasticit\u00e9 d&#8217;environ 700 %, tr\u00e8s homog\u00e8nes en termes de force d\u00e9livr\u00e9e pour des hauteurs de saut maximales. <\/p>\n<p><strong>Alternativement de couleur naturelle ou avec <span style=\"color: #ff6600;\">une couche de protection color\u00e9e<\/span><\/strong><br \/>\nLe rev\u00eatement color\u00e9 offre une certaine protection contre les influences environnementales et facilite la d\u00e9tection des dommages, en particulier des microfissures.<\/p>\n<p><strong>Confection par l&#8217;utilisateur et sur mesure :<br \/>\n<\/strong>Les \u00e9lastiques de tous types et de toutes dimensions sont \u00e9galement disponibles au m\u00e8tre pour la confection par l&#8217;utilisateur. Si la longueur souhait\u00e9e n&#8217;est pas mentionn\u00e9e, contactez-nous. Nous fabriquons dans les dimensions que vous souhaitez !  <\/p>\n<p><strong>Remarque importante :<br \/>\n<\/strong>Les deux qualit\u00e9s de tuyaux en latex ne disposent pas d&#8217;une protection suppl\u00e9mentaire contre les d\u00e9chirures soudaines en raison de l&#8217;absence de rev\u00eatement textile. Ils doivent \u00eatre contr\u00f4l\u00e9s en permanence et doivent \u00eatre remplac\u00e9s d\u00e8s les premiers signes d&#8217;usure. <\/p>\n<p>Dans ce contexte, veuillez \u00e9galement tenir compte des heures d&#8217;utilisation maximales limit\u00e9es.<\/p>\n","protected":false},"featured_media":18269,"comment_status":"open","ping_status":"closed","template":"","meta":{"_acf_changed":false},"product_brand":[],"product_cat":[236,239],"product_tag":[],"class_list":{"0":"post-18268","1":"product","2":"type-product","3":"status-publish","4":"has-post-thumbnail","6":"product_cat-elastiques-et-cordes","7":"product_cat-elastiques-prets-a-lemploi","9":"first","10":"instock","11":"taxable","12":"shipping-taxable","13":"purchasable","14":"product-type-variable"},"acf":[],"_links":{"self":[{"href":"https:\/\/freizeit-technik.de\/fr\/wp-json\/wp\/v2\/product\/18268","targetHints":{"allow":["GET"]}}],"collection":[{"href":"https:\/\/freizeit-technik.de\/fr\/wp-json\/wp\/v2\/product"}],"about":[{"href":"https:\/\/freizeit-technik.de\/fr\/wp-json\/wp\/v2\/types\/product"}],"replies":[{"embeddable":true,"href":"https:\/\/freizeit-technik.de\/fr\/wp-json\/wp\/v2\/comments?post=18268"}],"wp:featuredmedia":[{"embeddable":true,"href":"https:\/\/freizeit-technik.de\/fr\/wp-json\/wp\/v2\/media\/18269"}],"wp:attachment":[{"href":"https:\/\/freizeit-technik.de\/fr\/wp-json\/wp\/v2\/media?parent=18268"}],"wp:term":[{"taxonomy":"product_brand","embeddable":true,"href":"https:\/\/freizeit-technik.de\/fr\/wp-json\/wp\/v2\/product_brand?post=18268"},{"taxonomy":"product_cat","embeddable":true,"href":"https:\/\/freizeit-technik.de\/fr\/wp-json\/wp\/v2\/product_cat?post=18268"},{"taxonomy":"product_tag","embeddable":true,"href":"https:\/\/freizeit-technik.de\/fr\/wp-json\/wp\/v2\/product_tag?post=18268"}],"curies":[{"name":"wp","href":"https:\/\/api.w.org\/{rel}","templated":true}]}}