{"id":18348,"date":"2017-06-23T13:42:53","date_gmt":"2017-06-23T11:42:53","guid":{"rendered":"https:\/\/freizeit-technik.de\/shop\/type-5-latex-tresse-5-kg-orange\/"},"modified":"2026-05-15T15:49:43","modified_gmt":"2026-05-15T13:49:43","slug":"type-5-latex-tresse-5-kg-orange","status":"publish","type":"product","link":"https:\/\/freizeit-technik.de\/fr\/shop\/type-5-latex-tresse-5-kg-orange\/","title":{"rendered":"Type 5 Latex tress\u00e9, 5 kg, orange"},"content":{"rendered":"<div id=\"tab_fragment_1\" class=\"ui-tabs-panel ui-widget-content ui-corner-bottom ui-tabs-hide\"><strong>Pour le poids :  <\/strong><span class=\"tx-ttproducts-pi1-wrap2\"><strong>env. 5 kg (poids du sauteur en cas d&#8217;utilisation des deux c\u00f4t\u00e9s)<br \/>\ncouleur : orange<br \/>\ndynamique de saut : +++++<br \/>\ndurabilit\u00e9 : +++<br \/>\ns\u00e9curit\u00e9 : ++++  <\/strong><\/span><\/div>\n","protected":false},"excerpt":{"rendered":"<p><strong>Aussi s\u00fbr que les cordes \u00e9lastiques Expander et <span style=\"color: #ff6600;\">aussi dynamique que les \u00e9lastiques en latex nu<\/span>!<\/strong><\/p>\n<p>Ces \u00e9lastiques sont un bon choix pour les op\u00e9rateurs pour qui la hauteur de saut atteignable est particuli\u00e8rement importante, mais qui souhaitent exclure pratiquement toute rupture de corde. Le mat\u00e9riau int\u00e9rieur de ces \u00e9lastiques que nous avons d\u00e9velopp\u00e9s est constitu\u00e9 de tubes en caoutchouc naturel pur. Le r\u00e9sultat du saut est absolument convaincant.   Dans ce cas, ces c\u00e2bles en caoutchouc ne peuvent se rompre qu&#8217;\u00e0 l&#8217;int\u00e9rieur, la gaine emp\u00eachant une rupture compl\u00e8te lorsque la limite d&#8217;usure est atteinte.<\/p>\n<p><strong>Notre conseil :<\/strong> combinez cet \u00e9lastique de type 5 pour les cat\u00e9gories de poids inf\u00e9rieures 5kg et 10kg avec des \u00e9lastiques de type 1, type 2 ou type 3 pour les variantes 15kg ou 20kg .<\/p>\n<p>Avec des pattes de r\u00e9ception cousues (boucles de bande tiss\u00e9e) <u>sans n\u0153uds<\/u> aux extr\u00e9mit\u00e9s. Un gain \u00e9vident en termes de confort d&#8217;utilisation, car les cordes s&#8217;accrochent moins entre elles. <\/p>\n<p>Les \u00e9lastiques de tous types et de toutes dimensions sont \u00e9galement disponibles au m\u00e8tre pour \u00eatre confectionn\u00e9s par l&#8217;utilisateur.<\/p>\n","protected":false},"featured_media":18350,"comment_status":"open","ping_status":"closed","template":"","meta":{"_acf_changed":false},"product_brand":[],"product_cat":[236,239],"product_tag":[],"class_list":{"0":"post-18348","1":"product","2":"type-product","3":"status-publish","4":"has-post-thumbnail","6":"product_cat-elastiques-et-cordes","7":"product_cat-elastiques-prets-a-lemploi","9":"first","10":"instock","11":"taxable","12":"shipping-taxable","13":"purchasable","14":"product-type-variable"},"acf":[],"_links":{"self":[{"href":"https:\/\/freizeit-technik.de\/fr\/wp-json\/wp\/v2\/product\/18348","targetHints":{"allow":["GET"]}}],"collection":[{"href":"https:\/\/freizeit-technik.de\/fr\/wp-json\/wp\/v2\/product"}],"about":[{"href":"https:\/\/freizeit-technik.de\/fr\/wp-json\/wp\/v2\/types\/product"}],"replies":[{"embeddable":true,"href":"https:\/\/freizeit-technik.de\/fr\/wp-json\/wp\/v2\/comments?post=18348"}],"wp:featuredmedia":[{"embeddable":true,"href":"https:\/\/freizeit-technik.de\/fr\/wp-json\/wp\/v2\/media\/18350"}],"wp:attachment":[{"href":"https:\/\/freizeit-technik.de\/fr\/wp-json\/wp\/v2\/media?parent=18348"}],"wp:term":[{"taxonomy":"product_brand","embeddable":true,"href":"https:\/\/freizeit-technik.de\/fr\/wp-json\/wp\/v2\/product_brand?post=18348"},{"taxonomy":"product_cat","embeddable":true,"href":"https:\/\/freizeit-technik.de\/fr\/wp-json\/wp\/v2\/product_cat?post=18348"},{"taxonomy":"product_tag","embeddable":true,"href":"https:\/\/freizeit-technik.de\/fr\/wp-json\/wp\/v2\/product_tag?post=18348"}],"curies":[{"name":"wp","href":"https:\/\/api.w.org\/{rel}","templated":true}]}}