{"id":18459,"date":"2017-06-25T13:37:03","date_gmt":"2017-06-25T11:37:03","guid":{"rendered":"https:\/\/freizeit-technik.de\/shop\/type-3-expander-elastiks-10-kg-bleu-vert\/"},"modified":"2026-05-15T15:50:16","modified_gmt":"2026-05-15T13:50:16","slug":"type-3-expander-elastiks-10-kg-bleu-vert","status":"publish","type":"product","link":"https:\/\/freizeit-technik.de\/fr\/shop\/type-3-expander-elastiks-10-kg-bleu-vert\/","title":{"rendered":"Type 3 Expander Elastiks, 10 kg, bleu-vert"},"content":{"rendered":"<p><strong><span class=\"tx-ttproducts-pi1-wrap2\">Pour poids : env. 10 kg (poids du sauteur en cas d&#8217;utilisation des deux c\u00f4t\u00e9s)<br \/>\nCouleur : bleu-vert<br \/>\nDynamique de saut : +++<br \/>\nDurabilit\u00e9 : ++++<br \/>\nS\u00e9curit\u00e9 : ++++<\/span><\/strong><\/p>\n","protected":false},"excerpt":{"rendered":"<p>Cordage caoutchouc 9 mm avec gaine sp\u00e9ciale bleu-vert. La double tresse est extensible dans la deuxi\u00e8me couche et ne se d\u00e9forme donc pratiquement pas. Cela permet d&#8217;obtenir une dur\u00e9e de vie comparable \u00e0 celle des \u00e9lastiques de &#8220;type 2&#8221;. Les \u00e9lastiques de &#8220;type 3&#8221; ont toutefois un aspect impeccable beaucoup plus longtemps.   <\/p>\n<p>Avec des pattes de r\u00e9ception cousues (boucles de bande tiss\u00e9e) <u>sans n\u0153uds<\/u> aux extr\u00e9mit\u00e9s. Un gain \u00e9vident en termes de confort d&#8217;utilisation, car les cordes s&#8217;accrochent moins entre elles. <\/p>\n<p>Les \u00e9lastiques de tous types et de toutes dimensions sont \u00e9galement disponibles au m\u00e8tre pour \u00eatre confectionn\u00e9s par l&#8217;utilisateur.<\/p>\n","protected":false},"featured_media":18460,"comment_status":"open","ping_status":"closed","template":"","meta":{"_acf_changed":false},"product_brand":[],"product_cat":[236,239],"product_tag":[],"class_list":{"0":"post-18459","1":"product","2":"type-product","3":"status-publish","4":"has-post-thumbnail","6":"product_cat-elastiques-et-cordes","7":"product_cat-elastiques-prets-a-lemploi","9":"first","10":"instock","11":"taxable","12":"shipping-taxable","13":"purchasable","14":"product-type-variable"},"acf":[],"_links":{"self":[{"href":"https:\/\/freizeit-technik.de\/fr\/wp-json\/wp\/v2\/product\/18459","targetHints":{"allow":["GET"]}}],"collection":[{"href":"https:\/\/freizeit-technik.de\/fr\/wp-json\/wp\/v2\/product"}],"about":[{"href":"https:\/\/freizeit-technik.de\/fr\/wp-json\/wp\/v2\/types\/product"}],"replies":[{"embeddable":true,"href":"https:\/\/freizeit-technik.de\/fr\/wp-json\/wp\/v2\/comments?post=18459"}],"wp:featuredmedia":[{"embeddable":true,"href":"https:\/\/freizeit-technik.de\/fr\/wp-json\/wp\/v2\/media\/18460"}],"wp:attachment":[{"href":"https:\/\/freizeit-technik.de\/fr\/wp-json\/wp\/v2\/media?parent=18459"}],"wp:term":[{"taxonomy":"product_brand","embeddable":true,"href":"https:\/\/freizeit-technik.de\/fr\/wp-json\/wp\/v2\/product_brand?post=18459"},{"taxonomy":"product_cat","embeddable":true,"href":"https:\/\/freizeit-technik.de\/fr\/wp-json\/wp\/v2\/product_cat?post=18459"},{"taxonomy":"product_tag","embeddable":true,"href":"https:\/\/freizeit-technik.de\/fr\/wp-json\/wp\/v2\/product_tag?post=18459"}],"curies":[{"name":"wp","href":"https:\/\/api.w.org\/{rel}","templated":true}]}}