{"id":18537,"date":"2017-03-07T17:03:02","date_gmt":"2017-03-07T16:03:02","guid":{"rendered":"https:\/\/freizeit-technik.de\/shop\/balles-souples-60-mm-avec-peau-de-protection-ue-1-000-pieces\/"},"modified":"2026-05-15T21:12:25","modified_gmt":"2026-05-15T19:12:25","slug":"balles-souples-60-mm-avec-peau-de-protection-ue-1-000-pieces","status":"publish","type":"product","link":"https:\/\/freizeit-technik.de\/fr\/shop\/balles-souples-60-mm-avec-peau-de-protection-ue-1-000-pieces\/","title":{"rendered":"Balles souples 60 mm, avec peau de protection UE : 1.000 pi\u00e8ces"},"content":{"rendered":"<p><img loading=\"lazy\" decoding=\"async\" class=\"size-full wp-image-690 alignleft\" src=\"https:\/\/freizeit-technik.de\/wp-content\/uploads\/2017\/03\/empfehlung.gif\" alt=\"\" width=\"198\" height=\"64\"><img loading=\"lazy\" decoding=\"async\" class=\"size-full wp-image-684 alignleft\" src=\"https:\/\/freizeit-technik.de\/wp-content\/uploads\/2017\/03\/Q_eu-1.gif\" alt=\"\" width=\"64\" height=\"64\"><img loading=\"lazy\" decoding=\"async\" class=\"size-full wp-image-694 alignleft\" src=\"https:\/\/freizeit-technik.de\/wp-content\/uploads\/2017\/03\/premium_line.gif\" alt=\"\" width=\"119\" height=\"64\"><\/p>\n","protected":false},"excerpt":{"rendered":"<p><strong>Balles souples unicolores de 60 mm en rouge, jaune, orange, vert et bleu. Les balles souples se caract\u00e9risent par une densit\u00e9 \u00e9lev\u00e9e et, par cons\u00e9quent, par de tr\u00e8s bonnes propri\u00e9t\u00e9s de vol.<\/strong><\/p>\n<p>La peau de protection ext\u00e9rieure lisse est r\u00e9sistante \u00e0 l&#8217;usure et contribue \u00e0 une dur\u00e9e de vie sup\u00e9rieure \u00e0 la moyenne de ces balles souples.<\/p>\n<p>Les balles souples de 60 mm sont vendues par unit\u00e9s de 1000, veuillez consulter les prix d\u00e9gressifs :<\/p>\n<p>1-4 VPE : 282\u20ac\/VPE<\/p>\n<p>5-9 VPE : 272\u20ac\/VPE<\/p>\n<p>\u00e0 partir de 10 unit\u00e9s : 262\u20ac\/Unit\u00e9<\/p>\n<p>&nbsp;<\/p>\n<p><strong>Veuillez indiquer ici la quantit\u00e9 souhait\u00e9e, et vos pr\u00e9f\u00e9rences de couleur \u00e0 la caisse sous le mot-cl\u00e9 &#8220;Remarques sur la commande&#8221; !<\/strong><\/p>\n","protected":false},"featured_media":14813,"comment_status":"open","ping_status":"closed","template":"","meta":{"_acf_changed":false},"product_brand":[],"product_cat":[297,296],"product_tag":[],"class_list":{"0":"post-18537","1":"product","2":"type-product","3":"status-publish","4":"has-post-thumbnail","6":"product_cat-balles-souples","7":"product_cat-funshooter","9":"first","10":"instock","11":"taxable","12":"shipping-taxable","13":"purchasable","14":"product-type-simple"},"acf":[],"_links":{"self":[{"href":"https:\/\/freizeit-technik.de\/fr\/wp-json\/wp\/v2\/product\/18537","targetHints":{"allow":["GET"]}}],"collection":[{"href":"https:\/\/freizeit-technik.de\/fr\/wp-json\/wp\/v2\/product"}],"about":[{"href":"https:\/\/freizeit-technik.de\/fr\/wp-json\/wp\/v2\/types\/product"}],"replies":[{"embeddable":true,"href":"https:\/\/freizeit-technik.de\/fr\/wp-json\/wp\/v2\/comments?post=18537"}],"wp:featuredmedia":[{"embeddable":true,"href":"https:\/\/freizeit-technik.de\/fr\/wp-json\/wp\/v2\/media\/14813"}],"wp:attachment":[{"href":"https:\/\/freizeit-technik.de\/fr\/wp-json\/wp\/v2\/media?parent=18537"}],"wp:term":[{"taxonomy":"product_brand","embeddable":true,"href":"https:\/\/freizeit-technik.de\/fr\/wp-json\/wp\/v2\/product_brand?post=18537"},{"taxonomy":"product_cat","embeddable":true,"href":"https:\/\/freizeit-technik.de\/fr\/wp-json\/wp\/v2\/product_cat?post=18537"},{"taxonomy":"product_tag","embeddable":true,"href":"https:\/\/freizeit-technik.de\/fr\/wp-json\/wp\/v2\/product_tag?post=18537"}],"curies":[{"name":"wp","href":"https:\/\/api.w.org\/{rel}","templated":true}]}}