{"id":18555,"date":"2017-03-07T17:26:31","date_gmt":"2017-03-07T16:26:31","guid":{"rendered":"https:\/\/freizeit-technik.de\/shop\/sandow-bungee-run-pour-environ-20kg-de-poids-corporel-4m-de-long\/"},"modified":"2026-05-15T21:12:39","modified_gmt":"2026-05-15T19:12:39","slug":"sandow-bungee-run-pour-environ-20kg-de-poids-corporel-4m-de-long","status":"publish","type":"product","link":"https:\/\/freizeit-technik.de\/fr\/shop\/sandow-bungee-run-pour-environ-20kg-de-poids-corporel-4m-de-long\/","title":{"rendered":"sandow Bungee-Run pour environ 20kg de poids corporel &#8211; 4m de long"},"content":{"rendered":"","protected":false},"excerpt":{"rendered":"<p>Nos \u00e9lastiques de type 1 sont parfaitement adapt\u00e9s \u00e0 une utilisation sur le module \u00e9v\u00e9nementiel &#8220;Bungee-Run&#8221;. Les \u00e9lastiques sont confectionn\u00e9s avec des embouts cousus de haute qualit\u00e9 sur une longueur totale de 4 m\u00e8tres. L&#8217;allongement maximal est de 11 m\u00e8tres. Un sandow de 12 mm de &#8220;type 1&#8221; doit \u00eatre utilis\u00e9 sur le module d&#8217;\u00e9v\u00e9nement Bungee-Run pour un poids corporel d&#8217;environ 20 kg, en fonction de la condition physique de chacun. Les sandows peuvent \u00eatre fix\u00e9s \u00e0 l&#8217;aide d&#8217;un mousqueton et r\u00e9gl\u00e9s individuellement selon les besoins.    <\/p>\n<p>Sur demande, nous produisons \u00e9galement des sandows Bungee-Run dans toutes les autres qualit\u00e9s, diam\u00e8tres et longueurs.<\/p>\n<p><u><strong>Remarque !  <\/strong><\/u><br \/>\nM\u00eame pour le bungee-run, il faut toujours utiliser au moins deux sandows intacts !<\/p>\n","protected":false},"featured_media":17410,"comment_status":"open","ping_status":"closed","template":"","meta":{"_acf_changed":false},"product_brand":[],"product_cat":[390],"product_tag":[],"class_list":{"0":"post-18555","1":"product","2":"type-product","3":"status-publish","4":"has-post-thumbnail","6":"product_cat-bungee-run","8":"first","9":"instock","10":"taxable","11":"shipping-taxable","12":"purchasable","13":"product-type-simple"},"acf":[],"_links":{"self":[{"href":"https:\/\/freizeit-technik.de\/fr\/wp-json\/wp\/v2\/product\/18555","targetHints":{"allow":["GET"]}}],"collection":[{"href":"https:\/\/freizeit-technik.de\/fr\/wp-json\/wp\/v2\/product"}],"about":[{"href":"https:\/\/freizeit-technik.de\/fr\/wp-json\/wp\/v2\/types\/product"}],"replies":[{"embeddable":true,"href":"https:\/\/freizeit-technik.de\/fr\/wp-json\/wp\/v2\/comments?post=18555"}],"wp:featuredmedia":[{"embeddable":true,"href":"https:\/\/freizeit-technik.de\/fr\/wp-json\/wp\/v2\/media\/17410"}],"wp:attachment":[{"href":"https:\/\/freizeit-technik.de\/fr\/wp-json\/wp\/v2\/media?parent=18555"}],"wp:term":[{"taxonomy":"product_brand","embeddable":true,"href":"https:\/\/freizeit-technik.de\/fr\/wp-json\/wp\/v2\/product_brand?post=18555"},{"taxonomy":"product_cat","embeddable":true,"href":"https:\/\/freizeit-technik.de\/fr\/wp-json\/wp\/v2\/product_cat?post=18555"},{"taxonomy":"product_tag","embeddable":true,"href":"https:\/\/freizeit-technik.de\/fr\/wp-json\/wp\/v2\/product_tag?post=18555"}],"curies":[{"name":"wp","href":"https:\/\/api.w.org\/{rel}","templated":true}]}}